{"id":10419,"date":"2024-08-23T15:37:13","date_gmt":"2024-08-23T12:37:13","guid":{"rendered":"https:\/\/humanwordpress.anahtarsensin.com\/?page_id=10419"},"modified":"2024-10-31T19:02:36","modified_gmt":"2024-10-31T16:02:36","slug":"bireysel-cozumler-partnerkey","status":"publish","type":"page","link":"https:\/\/alignmentkey.com\/en\/bireysel-cozumler-partnerkey\/","title":{"rendered":"Individual Solutions \u2013 PartnerKey"},"content":{"rendered":"<div class=\"wpb-content-wrapper\"><div class=\"vc_row wpb_row vc_row-fluid vc_custom_1723640300395 vc_row-has-fill wd-rs-66bca9dcd6511 wd-section-stretch\"><div class=\"wpb_column vc_column_container vc_col-sm-12 wd-rs-6657b39de683b\"><div class=\"vc_column-inner vc_custom_1717023731172\"><div class=\"wpb_wrapper\"><div class=\"vc_row wpb_row vc_inner vc_row-fluid\"><div class=\"wpb_column vc_column_container vc_col-sm-8\"><div class=\"vc_column-inner\"><div class=\"wpb_wrapper\">\n\t\t<div id=\"wd-66bcaa71c4c92\" class=\"title-wrapper wd-wpb set-mb-s reset-last-child  wd-rs-66bcaa71c4c92 wd-title-color-primary wd-title-style-default text-left  wd-underline-colored\">\n\t\t\t\n\t\t\t<div class=\"liner-continer\">\n\t\t\t\t<h1 class=\"woodmart-title-container title  wd-font-weight- wd-fontsize-xxl\" >PartnerKEY helps two collaborating individuals understand the energy dynamics between them.<\/h1>\n\t\t\t\t\t\t\t<\/div>\n\t\t\t\n\t\t\t\n\t\t\t\n\t\t<\/div>\n\t\t\n\t\t\t\t<div id=\"wd-66f549bd46335\" class=\"wd-text-block wd-wpb reset-last-child wd-rs-66f549bd46335 text-center wd-fontsize-m\">\n\t\t\t<p style=\"text-align: justify;\">This allows them to leverage each other's strengths and navigate potential challenges arising from their energy dynamics without personalizing or misunderstanding them, enabling continued collaboration and mutual success in their work.<\/p>\n\t\t<\/div>\n\t\t<div id=\"wd-6706986ac4b1e\" class=\"wd-rs-6706986ac4b1e  wd-button-wrapper wd-smooth-scroll text-left\" data-smooth-time=\"1000\" data-smooth-offset=\"100\"><a href=\"#section-title\" title=\"#section-title\" class=\"btn btn-color-alt btn-style-default btn-style-round btn-size-default\">Discover<\/a><\/div><\/div><\/div><\/div><div class=\"wpb_column vc_column_container vc_col-sm-4\"><div class=\"vc_column-inner\"><div class=\"wpb_wrapper\">\t\t<div id=\"wd-66bcaa3fea47b\" class=\"wd-image wd-wpb wd-rs-66bcaa3fea47b text-left\">\n\t\t\t\n\t\t\t<img fetchpriority=\"high\" decoding=\"async\" width=\"550\" height=\"410\" src=\"https:\/\/alignmentkey.com\/wp-content\/uploads\/2024\/08\/partneykey-label.png\" class=\"attachment-full size-full\" alt=\"\" srcset=\"https:\/\/alignmentkey.com\/wp-content\/uploads\/2024\/08\/partneykey-label.png 550w, https:\/\/alignmentkey.com\/wp-content\/uploads\/2024\/08\/partneykey-label-430x321.png 430w, https:\/\/alignmentkey.com\/wp-content\/uploads\/2024\/08\/partneykey-label-150x112.png 150w, https:\/\/alignmentkey.com\/wp-content\/uploads\/2024\/08\/partneykey-label-400x298.png 400w\" sizes=\"(max-width: 550px) 100vw, 550px\" \/>\n\t\t\t\t\t<\/div>\n\t\t<\/div><\/div><\/div><\/div><\/div><\/div><\/div><\/div><div id=\"section-title\" class=\"vc_row wpb_row vc_row-fluid vc_custom_1728485434208 wd-rs-67069837c8b78\"><div class=\"wpb_column vc_column_container vc_col-sm-12 wd-rs-6659f8e6c06b0\"><div class=\"vc_column-inner vc_custom_1717172465450\"><div class=\"wpb_wrapper\">\n\t\t<div id=\"wd-66bcafc9c9319\" class=\"title-wrapper wd-wpb set-mb-s reset-last-child  wd-rs-66bcafc9c9319 wd-title-color-primary wd-title-style-default text-center  wd-underline-colored\">\n\t\t\t\n\t\t\t<div class=\"liner-continer\">\n\t\t\t\t<h2 class=\"woodmart-title-container title  wd-font-weight-800 wd-fontsize-xxxl\" >Understand Energy Dynamics, Strengthen Together!<\/h2>\n\t\t\t\t\t\t\t<\/div>\n\t\t\t\n\t\t\t\n\t\t\t\n\t\t<\/div>\n\t\t\n\t\t<\/div><\/div><\/div><\/div><div class=\"vc_row wpb_row vc_row-fluid vc_row-o-content-middle vc_row-flex wd-rs-665b4e0491d9e wd-section-stretch-content\"><div class=\"wpb_column vc_column_container vc_col-sm-12\"><div class=\"vc_column-inner\"><div class=\"wpb_wrapper\">\t\t<div id=\"wd-66bcaee22dec5\" class=\"wd-image wd-wpb wd-rs-66bcaee22dec5 text-center\">\n\t\t\t\n\t\t\t<img decoding=\"async\" width=\"1350\" height=\"500\" src=\"https:\/\/alignmentkey.com\/wp-content\/uploads\/2024\/08\/partney-key-hands.png\" class=\"attachment-full size-full\" alt=\"\" srcset=\"https:\/\/alignmentkey.com\/wp-content\/uploads\/2024\/08\/partney-key-hands.png 1350w, https:\/\/alignmentkey.com\/wp-content\/uploads\/2024\/08\/partney-key-hands-430x159.png 430w, https:\/\/alignmentkey.com\/wp-content\/uploads\/2024\/08\/partney-key-hands-150x56.png 150w, https:\/\/alignmentkey.com\/wp-content\/uploads\/2024\/08\/partney-key-hands-700x259.png 700w, https:\/\/alignmentkey.com\/wp-content\/uploads\/2024\/08\/partney-key-hands-400x148.png 400w, https:\/\/alignmentkey.com\/wp-content\/uploads\/2024\/08\/partney-key-hands-1300x481.png 1300w, https:\/\/alignmentkey.com\/wp-content\/uploads\/2024\/08\/partney-key-hands-768x284.png 768w\" sizes=\"(max-width: 1350px) 100vw, 1350px\" \/>\n\t\t\t\t\t<\/div>\n\t\t<\/div><\/div><\/div><\/div><div class=\"vc_row wpb_row vc_row-fluid vc_custom_1717260189900 vc_row-o-content-middle vc_row-flex wd-rs-665b4f98ebdcf\"><div class=\"wpb_column vc_column_container vc_col-sm-6\"><div class=\"vc_column-inner\"><div class=\"wpb_wrapper\">\t\t\t<div class=\"info-box-wrapper\">\n\t\t\t\t<div id=\"wd-66bcaff6578b1\" class=\"wd-rs-66bcaff6578b1 wd-info-box wd-wpb text-center box-icon-align-top box-style- color-scheme- wd-bg-none\">\n\t\t\t\t\t\t\t\t\t\t\t<div class=\"box-icon-wrapper  box-with-text text-size-small box-icon-with-bg\">\n\t\t\t\t\t\t\t<div class=\"info-box-icon\">\n\n\t\t\t\t\t\t\t\t\t\t\t\t\t\t\t1\t\t\t\t\t\t\t\n\t\t\t\t\t\t\t<\/div>\n\t\t\t\t\t\t<\/div>\n\t\t\t\t\t\t\t\t\t\t<div class=\"info-box-content\">\n\t\t\t\t\t\t<h3 class=\"info-box-title title wd-font-weight-800 box-title-style-default wd-fontsize-m\">Understanding How Partners Work Individually<\/h3>\t\t\t\t\t\t<div class=\"info-box-inner set-cont-mb-s reset-last-child\"><\/div>\n\n\t\t\t\t\t\t\t\t\t\t\t<\/div>\n\n\t\t\t\t\t\n\t\t\t\t\t<style>#wd-66bcaff6578b1 .info-box-icon {border-color:  !important;}<\/style>\t\t\t\t<\/div>\n\t\t\t<\/div>\n\t\t\t\t\t<div class=\"info-box-wrapper\">\n\t\t\t\t<div id=\"wd-66bcb07a0a61e\" class=\"wd-rs-66bcb07a0a61e wd-info-box wd-wpb text-center box-icon-align-top box-style- color-scheme- wd-bg-none\">\n\t\t\t\t\t\t\t\t\t\t\t<div class=\"box-icon-wrapper  box-with-text text-size-small box-icon-with-bg\">\n\t\t\t\t\t\t\t<div class=\"info-box-icon\">\n\n\t\t\t\t\t\t\t\t\t\t\t\t\t\t\t3\t\t\t\t\t\t\t\n\t\t\t\t\t\t\t<\/div>\n\t\t\t\t\t\t<\/div>\n\t\t\t\t\t\t\t\t\t\t<div class=\"info-box-content\">\n\t\t\t\t\t\t<h3 class=\"info-box-title title wd-font-weight-800 box-title-style-default wd-fontsize-m\">How Partners Affect Each Other<\/h3>\t\t\t\t\t\t<div class=\"info-box-inner set-cont-mb-s reset-last-child\"><\/div>\n\n\t\t\t\t\t\t\t\t\t\t\t<\/div>\n\n\t\t\t\t\t\n\t\t\t\t\t<style>#wd-66bcb07a0a61e .info-box-icon {border-color:  !important;}<\/style>\t\t\t\t<\/div>\n\t\t\t<\/div>\n\t\t<\/div><\/div><\/div><div class=\"wpb_column vc_column_container vc_col-sm-6\"><div class=\"vc_column-inner\"><div class=\"wpb_wrapper\">\t\t\t<div class=\"info-box-wrapper\">\n\t\t\t\t<div id=\"wd-66bcb072bc695\" class=\"wd-rs-66bcb072bc695 wd-info-box wd-wpb text-center box-icon-align-top box-style- color-scheme- wd-bg-none\">\n\t\t\t\t\t\t\t\t\t\t\t<div class=\"box-icon-wrapper  box-with-text text-size-small box-icon-with-bg\">\n\t\t\t\t\t\t\t<div class=\"info-box-icon\">\n\n\t\t\t\t\t\t\t\t\t\t\t\t\t\t\t2\t\t\t\t\t\t\t\n\t\t\t\t\t\t\t<\/div>\n\t\t\t\t\t\t<\/div>\n\t\t\t\t\t\t\t\t\t\t<div class=\"info-box-content\">\n\t\t\t\t\t\t<h3 class=\"info-box-title title wd-font-weight-800 box-title-style-default wd-fontsize-m\">Exploring Ways for Partners to Work Together More Harmoniously<\/h3>\t\t\t\t\t\t<div class=\"info-box-inner set-cont-mb-s reset-last-child\"><\/div>\n\n\t\t\t\t\t\t\t\t\t\t\t<\/div>\n\n\t\t\t\t\t\n\t\t\t\t\t<style>#wd-66bcb072bc695 .info-box-icon {border-color:  !important;}<\/style>\t\t\t\t<\/div>\n\t\t\t<\/div>\n\t\t\t\t\t<div class=\"info-box-wrapper\">\n\t\t\t\t<div id=\"wd-66bcb08075025\" class=\"wd-rs-66bcb08075025 wd-info-box wd-wpb text-center box-icon-align-top box-style- color-scheme- wd-bg-none\">\n\t\t\t\t\t\t\t\t\t\t\t<div class=\"box-icon-wrapper  box-with-text text-size-small box-icon-with-bg\">\n\t\t\t\t\t\t\t<div class=\"info-box-icon\">\n\n\t\t\t\t\t\t\t\t\t\t\t\t\t\t\t4\t\t\t\t\t\t\t\n\t\t\t\t\t\t\t<\/div>\n\t\t\t\t\t\t<\/div>\n\t\t\t\t\t\t\t\t\t\t<div class=\"info-box-content\">\n\t\t\t\t\t\t<h3 class=\"info-box-title title wd-font-weight-800 box-title-style-default wd-fontsize-m\">Revealing How Partnerships Can Achieve More Successful Business Outcomes<\/h3>\t\t\t\t\t\t<div class=\"info-box-inner set-cont-mb-s reset-last-child\"><\/div>\n\n\t\t\t\t\t\t\t\t\t\t\t<\/div>\n\n\t\t\t\t\t\n\t\t\t\t\t<style>#wd-66bcb08075025 .info-box-icon {border-color:  !important;}<\/style>\t\t\t\t<\/div>\n\t\t\t<\/div>\n\t\t<\/div><\/div><\/div><\/div><div class=\"vc_row wpb_row vc_row-fluid vc_custom_1717261328957 wd-rs-665b540d7c693 wd-section-stretch\"><div class=\"wpb_column vc_column_container vc_col-sm-12 wd-rs-6659f8e6c06b0\"><div class=\"vc_column-inner vc_custom_1717172465450\"><div class=\"wpb_wrapper\">\n\t\t<div id=\"wd-66bcb0c87bfb1\" class=\"title-wrapper wd-wpb set-mb-s reset-last-child  wd-rs-66bcb0c87bfb1 wd-title-color-primary wd-title-style-default text-center  wd-underline-colored\">\n\t\t\t\n\t\t\t<div class=\"liner-continer\">\n\t\t\t\t<h2 class=\"woodmart-title-container title  wd-font-weight-800 wd-fontsize-xxxl\" >Analysis that Helps Partners Identify How They Can Enhance Business Success.<\/h2>\n\t\t\t\t\t\t\t<\/div>\n\t\t\t\n\t\t\t\n\t\t\t\n\t\t<\/div>\n\t\t\n\t\t\t\t<div id=\"wd-66bcb0e8f21ba\" class=\"wd-text-block wd-wpb reset-last-child wd-rs-66bcb0e8f21ba text-center wd-fontsize-m vc_custom_1723642097214\">\n\t\t\t<p>We guide partners by minimizing potential issues arising from their interactions and identifying individual strengths to enhance business success with personalized strategies. By maximizing the synergy between business partners, we focus on growing overall business success.<\/p>\n\t\t<\/div>\n\t\t<\/div><\/div><\/div><\/div><div class=\"vc_row wpb_row vc_row-fluid vc_custom_1717259257217 vc_row-has-fill vc_row-o-equal-height vc_row-flex wd-rs-665b4bf4a53b7 wd-section-stretch-content\"><div class=\"wpb_column vc_column_container vc_col-sm-6 wd-rs-665b4c2b32ba1\"><div class=\"vc_column-inner vc_custom_1717259316130\"><div class=\"wpb_wrapper\">\n\t\t<div id=\"wd-66bcb1878a57e\" class=\"title-wrapper wd-wpb set-mb-s reset-last-child  wd-rs-66bcb1878a57e wd-title-color-primary wd-title-style-default text-left  wd-underline-colored\">\n\t\t\t\n\t\t\t<div class=\"liner-continer\">\n\t\t\t\t<h3 class=\"woodmart-title-container title  wd-font-weight-800 wd-fontsize-xl\" >In-Depth Analysis Topics:<\/h3>\n\t\t\t\t\t\t\t<\/div>\n\t\t\t\n\t\t\t\n\t\t\t\n\t\t<\/div>\n\t\t\n\t\t\n\t<div class=\"wpb_text_column wpb_content_element vc_custom_1723642354807\" >\n\t\t<div class=\"wpb_wrapper\">\n\t\t\t<p><strong>Life Roles:<\/strong> Are your roles in life aligned?<br \/>\n<strong>Compromises:<\/strong> In which areas should you reach a compromise?<br \/>\n<strong>Areas of Dominance:<\/strong> What are each of your strengths?<br \/>\n<strong>Companionship Connections:<\/strong> What are the areas where you feel connected as partners?<br \/>\n<strong>Electromagnetic Connections:<\/strong> What are the bright and limited areas of your partnership?<br \/>\n<strong>Emotional Dynamics:<\/strong> What are your emotional impacts on each other?<br \/>\n<strong>Communication Dynamics:<\/strong> What is the nature of communication in the relationship?<\/p>\n\n\t\t<\/div>\n\t<\/div>\n<\/div><\/div><\/div><div class=\"wpb_column vc_column_container vc_col-sm-6 vc_col-has-fill wd-bg-left-center wd-rs-67078c163809c\"><div class=\"vc_column-inner vc_custom_1728547874247\"><div class=\"wpb_wrapper\"><\/div><\/div><\/div><\/div>\n<\/div>","protected":false},"excerpt":{"rendered":"PartnerKEY, birlikte \u00e7al\u0131\u015fan iki ki\u015finin aralar\u0131ndaki enerji dinamiklerini anlamalar\u0131n\u0131 sa\u011flar. Bu sayede, birbirlerinin g\u00fc\u00e7l\u00fc yanlar\u0131ndan faydalanarak ilerleyebilir ve enerji dinamiklerinden","protected":false},"author":1,"featured_media":0,"parent":0,"menu_order":0,"comment_status":"closed","ping_status":"closed","template":"","meta":{"footnotes":""},"class_list":["post-10419","page","type-page","status-publish","hentry"],"_links":{"self":[{"href":"https:\/\/alignmentkey.com\/en\/wp-json\/wp\/v2\/pages\/10419","targetHints":{"allow":["GET"]}}],"collection":[{"href":"https:\/\/alignmentkey.com\/en\/wp-json\/wp\/v2\/pages"}],"about":[{"href":"https:\/\/alignmentkey.com\/en\/wp-json\/wp\/v2\/types\/page"}],"author":[{"embeddable":true,"href":"https:\/\/alignmentkey.com\/en\/wp-json\/wp\/v2\/users\/1"}],"replies":[{"embeddable":true,"href":"https:\/\/alignmentkey.com\/en\/wp-json\/wp\/v2\/comments?post=10419"}],"version-history":[{"count":10,"href":"https:\/\/alignmentkey.com\/en\/wp-json\/wp\/v2\/pages\/10419\/revisions"}],"predecessor-version":[{"id":11048,"href":"https:\/\/alignmentkey.com\/en\/wp-json\/wp\/v2\/pages\/10419\/revisions\/11048"}],"wp:attachment":[{"href":"https:\/\/alignmentkey.com\/en\/wp-json\/wp\/v2\/media?parent=10419"}],"curies":[{"name":"wp","href":"https:\/\/api.w.org\/{rel}","templated":true}]}}