{"id":10421,"date":"2024-08-23T15:48:03","date_gmt":"2024-08-23T12:48:03","guid":{"rendered":"https:\/\/humanwordpress.anahtarsensin.com\/?page_id=10421"},"modified":"2024-10-10T10:23:20","modified_gmt":"2024-10-10T07:23:20","slug":"human-design-bg5-partnerkey","status":"publish","type":"page","link":"https:\/\/alignmentkey.com\/en\/human-design-bg5-partnerkey\/","title":{"rendered":"BG5 human design \u2013 PartnerKey"},"content":{"rendered":"<div class=\"wpb-content-wrapper\"><div data-vc-full-width=\"true\" data-vc-full-width-init=\"false\" class=\"vc_row wpb_row vc_row-fluid vc_custom_1723712158377 vc_row-has-fill vc_row-o-full-height vc_row-o-columns-middle vc_row-flex wd-rs-66bdc26135831\"><div class=\"wpb_column vc_column_container vc_col-sm-12 text-center\"><div class=\"vc_column-inner vc_custom_1624451786726\"><div class=\"wpb_wrapper\"><div class=\"vc_empty_space\"   style=\"height: 20vh\"><span class=\"vc_empty_space_inner\"><\/span><\/div>\n\t\t<div id=\"wd-66bdc2a98d3bf\" class=\"title-wrapper wd-wpb set-mb-s reset-last-child  wd-rs-66bdc2a98d3bf wd-title-color-primary wd-title-style-default text-center  wd-underline-colored\">\n\t\t\t\n\t\t\t<div class=\"liner-continer\">\n\t\t\t\t<h1 class=\"woodmart-title-container title  wd-font-weight-800 wd-fontsize-xxl\" >BG5 Partnership Analysis enables two people working together to understand the energy dynamics between them.<\/h1>\n\t\t\t\t\t\t\t<\/div>\n\t\t\t\n\t\t\t\n\t\t\t\n\t\t<\/div>\n\t\t\n\t\t\t\t<div id=\"wd-66bdc2b8c39a1\" class=\"wd-text-block wd-wpb reset-last-child wd-rs-66bdc2b8c39a1 text-center wd-width-enabled color-scheme-light wd-fontsize-m\" style=\"--wd-max-width: 80%;\">\n\t\t\t<p style=\"text-align: justify;\">This allows them to advance by leveraging each other\u2019s strengths and to continue working together without personalizing potential challenges or causing misunderstandings arising from energy dynamics.<\/p>\n\t\t<\/div>\n\t\t<div id=\"wd-670780e42f5df\" class=\"wd-rs-670780e42f5df vc_custom_1728544998583 wd-button-wrapper wd-smooth-scroll text-center\" data-smooth-time=\"1000\" data-smooth-offset=\"100\"><a href=\"#section-title\" title=\"#section-title\" class=\"btn btn-scheme-light btn-scheme-hover-light btn-style-default btn-style-rectangle btn-size-default btn-icon-pos-right\"> <span class=\"wd-btn-icon\"><img decoding=\"async\" width=\"25\" height=\"25\" src=\"https:\/\/alignmentkey.com\/wp-content\/uploads\/2024\/10\/Down-square-25x25.png\" class=\"attachment-25x25 size-25x25\" alt=\"\" srcset=\"https:\/\/alignmentkey.com\/wp-content\/uploads\/2024\/10\/Down-square-25x25.png 25w, https:\/\/alignmentkey.com\/wp-content\/uploads\/2024\/10\/Down-square-12x12.png 12w, https:\/\/alignmentkey.com\/wp-content\/uploads\/2024\/10\/Down-square.png 34w\" sizes=\"(max-width: 25px) 100vw, 25px\" \/><\/span><\/a><\/div><div class=\"vc_empty_space\"   style=\"height: 20vh\"><span class=\"vc_empty_space_inner\"><\/span><\/div><\/div><\/div><\/div><\/div><div class=\"vc_row-full-width vc_clearfix\"><\/div><div id=\"section-title\" class=\"vc_row wpb_row vc_row-fluid vc_custom_1728544993358 wd-rs-670780dee3f42\"><div class=\"wpb_column vc_column_container vc_col-sm-12 wd-rs-6659f8e6c06b0\"><div class=\"vc_column-inner vc_custom_1717172465450\"><div class=\"wpb_wrapper\">\n\t\t<div id=\"wd-66bdc2c8ed593\" class=\"title-wrapper wd-wpb set-mb-s reset-last-child  wd-rs-66bdc2c8ed593 wd-title-color-primary wd-title-style-default text-center vc_custom_1723712205993 wd-underline-colored\">\n\t\t\t\n\t\t\t<div class=\"liner-continer\">\n\t\t\t\t<h2 class=\"woodmart-title-container title  wd-font-weight-800 wd-fontsize-xxxl\" >Understand Energy Dynamics,<br \/>\nStrengthen Together!<\/h2>\n\t\t\t\t\t\t\t<\/div>\n\t\t\t\n\t\t\t\n\t\t\t\n\t\t<\/div>\n\t\t\n\t\t\t\t<div id=\"wd-66bdc2f5b526d\" class=\"wd-text-block wd-wpb reset-last-child wd-rs-66bdc2f5b526d text-center wd-fontsize-m\">\n\t\t\t\t\t<\/div>\n\t\t<\/div><\/div><\/div><\/div><div class=\"vc_row wpb_row vc_row-fluid vc_row-o-content-middle vc_row-flex wd-rs-665b4e0491d9e wd-section-stretch-content\"><div class=\"wpb_column vc_column_container vc_col-sm-12\"><div class=\"vc_column-inner\"><div class=\"wpb_wrapper\">\t\t<div id=\"wd-66bdc3ab65dbf\" class=\"wd-image wd-wpb wd-rs-66bdc3ab65dbf text-center\">\n\t\t\t\n\t\t\t<img fetchpriority=\"high\" decoding=\"async\" width=\"1350\" height=\"500\" src=\"https:\/\/alignmentkey.com\/wp-content\/uploads\/2024\/08\/bg5-ortaklik-analizi-subbanner.png\" class=\"attachment-full size-full\" alt=\"\" srcset=\"https:\/\/alignmentkey.com\/wp-content\/uploads\/2024\/08\/bg5-ortaklik-analizi-subbanner.png 1350w, https:\/\/alignmentkey.com\/wp-content\/uploads\/2024\/08\/bg5-ortaklik-analizi-subbanner-430x159.png 430w, https:\/\/alignmentkey.com\/wp-content\/uploads\/2024\/08\/bg5-ortaklik-analizi-subbanner-150x56.png 150w, https:\/\/alignmentkey.com\/wp-content\/uploads\/2024\/08\/bg5-ortaklik-analizi-subbanner-700x259.png 700w, https:\/\/alignmentkey.com\/wp-content\/uploads\/2024\/08\/bg5-ortaklik-analizi-subbanner-400x148.png 400w, https:\/\/alignmentkey.com\/wp-content\/uploads\/2024\/08\/bg5-ortaklik-analizi-subbanner-1300x481.png 1300w, https:\/\/alignmentkey.com\/wp-content\/uploads\/2024\/08\/bg5-ortaklik-analizi-subbanner-768x284.png 768w\" sizes=\"(max-width: 1350px) 100vw, 1350px\" \/>\n\t\t\t\t\t<\/div>\n\t\t<\/div><\/div><\/div><\/div><div class=\"vc_row wpb_row vc_row-fluid vc_custom_1717260189900 vc_row-o-content-middle vc_row-flex wd-rs-665b4f98ebdcf\"><div class=\"wpb_column vc_column_container vc_col-sm-6\"><div class=\"vc_column-inner\"><div class=\"wpb_wrapper\">\t\t\t<div class=\"info-box-wrapper\">\n\t\t\t\t<div id=\"wd-66bdc40f8ddb3\" class=\"wd-rs-66bdc40f8ddb3 wd-info-box wd-wpb text-center box-icon-align-top box-style- color-scheme- wd-bg-none vc_custom_1723712546987\">\n\t\t\t\t\t\t\t\t\t\t\t<div class=\"box-icon-wrapper  box-with-text text-size-small box-icon-with-bg\">\n\t\t\t\t\t\t\t<div class=\"info-box-icon\">\n\n\t\t\t\t\t\t\t\t\t\t\t\t\t\t\t1\t\t\t\t\t\t\t\n\t\t\t\t\t\t\t<\/div>\n\t\t\t\t\t\t<\/div>\n\t\t\t\t\t\t\t\t\t\t<div class=\"info-box-content\">\n\t\t\t\t\t\t<h3 class=\"info-box-title title wd-font-weight-800 box-title-style-default wd-fontsize-m\">Understanding How Partners Work Individually<\/h3>\t\t\t\t\t\t<div class=\"info-box-inner set-cont-mb-s reset-last-child\"><\/div>\n\n\t\t\t\t\t\t\t\t\t\t\t<\/div>\n\n\t\t\t\t\t\n\t\t\t\t\t<style>#wd-66bdc40f8ddb3 .info-box-icon {border-color:  !important;}<\/style>\t\t\t\t<\/div>\n\t\t\t<\/div>\n\t\t\t\t\t<div class=\"info-box-wrapper\">\n\t\t\t\t<div id=\"wd-66bdc476be2f6\" class=\"wd-rs-66bdc476be2f6 wd-info-box wd-wpb text-center box-icon-align-top box-style- color-scheme- wd-bg-none vc_custom_1723712636699\">\n\t\t\t\t\t\t\t\t\t\t\t<div class=\"box-icon-wrapper  box-with-text text-size-small box-icon-with-bg\">\n\t\t\t\t\t\t\t<div class=\"info-box-icon\">\n\n\t\t\t\t\t\t\t\t\t\t\t\t\t\t\t3\t\t\t\t\t\t\t\n\t\t\t\t\t\t\t<\/div>\n\t\t\t\t\t\t<\/div>\n\t\t\t\t\t\t\t\t\t\t<div class=\"info-box-content\">\n\t\t\t\t\t\t<h3 class=\"info-box-title title wd-font-weight-800 box-title-style-default wd-fontsize-m\">Analysis of How Each Partner Works Individually<\/h3>\t\t\t\t\t\t<div class=\"info-box-inner set-cont-mb-s reset-last-child\"><\/div>\n\n\t\t\t\t\t\t\t\t\t\t\t<\/div>\n\n\t\t\t\t\t\n\t\t\t\t\t<style>#wd-66bdc476be2f6 .info-box-icon {border-color:  !important;}<\/style>\t\t\t\t<\/div>\n\t\t\t<\/div>\n\t\t<\/div><\/div><\/div><div class=\"wpb_column vc_column_container vc_col-sm-6\"><div class=\"vc_column-inner\"><div class=\"wpb_wrapper\">\t\t\t<div class=\"info-box-wrapper\">\n\t\t\t\t<div id=\"wd-66bdc42c6039d\" class=\"wd-rs-66bdc42c6039d wd-info-box wd-wpb text-center box-icon-align-top box-style- color-scheme- wd-bg-none vc_custom_1723712566990\">\n\t\t\t\t\t\t\t\t\t\t\t<div class=\"box-icon-wrapper  box-with-text text-size-small box-icon-with-bg\">\n\t\t\t\t\t\t\t<div class=\"info-box-icon\">\n\n\t\t\t\t\t\t\t\t\t\t\t\t\t\t\t2\t\t\t\t\t\t\t\n\t\t\t\t\t\t\t<\/div>\n\t\t\t\t\t\t<\/div>\n\t\t\t\t\t\t\t\t\t\t<div class=\"info-box-content\">\n\t\t\t\t\t\t<h3 class=\"info-box-title title wd-font-weight-800 box-title-style-default wd-fontsize-m\">Individual Career Design Work for Everyone<\/h3>\t\t\t\t\t\t<div class=\"info-box-inner set-cont-mb-s reset-last-child\"><\/div>\n\n\t\t\t\t\t\t\t\t\t\t\t<\/div>\n\n\t\t\t\t\t\n\t\t\t\t\t<style>#wd-66bdc42c6039d .info-box-icon {border-color:  !important;}<\/style>\t\t\t\t<\/div>\n\t\t\t<\/div>\n\t\t\t\t\t<div class=\"info-box-wrapper\">\n\t\t\t\t<div id=\"wd-66bdc48051994\" class=\"wd-rs-66bdc48051994 wd-info-box wd-wpb text-center box-icon-align-top box-style- color-scheme- wd-bg-none vc_custom_1723712645350\">\n\t\t\t\t\t\t\t\t\t\t\t<div class=\"box-icon-wrapper  box-with-text text-size-small box-icon-with-bg\">\n\t\t\t\t\t\t\t<div class=\"info-box-icon\">\n\n\t\t\t\t\t\t\t\t\t\t\t\t\t\t\t4\t\t\t\t\t\t\t\n\t\t\t\t\t\t\t<\/div>\n\t\t\t\t\t\t<\/div>\n\t\t\t\t\t\t\t\t\t\t<div class=\"info-box-content\">\n\t\t\t\t\t\t<h3 class=\"info-box-title title wd-font-weight-800 box-title-style-default wd-fontsize-m\">Identification of Potential Conflict Points in the Relationship<\/h3>\t\t\t\t\t\t<div class=\"info-box-inner set-cont-mb-s reset-last-child\"><\/div>\n\n\t\t\t\t\t\t\t\t\t\t\t<\/div>\n\n\t\t\t\t\t\n\t\t\t\t\t<style>#wd-66bdc48051994 .info-box-icon {border-color:  !important;}<\/style>\t\t\t\t<\/div>\n\t\t\t<\/div>\n\t\t<\/div><\/div><\/div><\/div><div class=\"vc_row wpb_row vc_row-fluid vc_custom_1717266551257 vc_row-has-fill vc_row-o-equal-height vc_row-flex wd-rs-665b687402ed4 wd-section-stretch-content\"><div class=\"wpb_column vc_column_container vc_col-sm-6 wd-rs-665b4c2b32ba1\"><div class=\"vc_column-inner vc_custom_1717259316130\"><div class=\"wpb_wrapper\">\n\t\t<div id=\"wd-66bdc4c0404aa\" class=\"title-wrapper wd-wpb set-mb-s reset-last-child  wd-rs-66bdc4c0404aa wd-title-color-primary wd-title-style-default text-left  wd-underline-colored\">\n\t\t\t\n\t\t\t<div class=\"liner-continer\">\n\t\t\t\t<h3 class=\"woodmart-title-container title  wd-font-weight-800 wd-fontsize-xl\" >In-Depth Analysis Topics:<\/h3>\n\t\t\t\t\t\t\t<\/div>\n\t\t\t\n\t\t\t\n\t\t\t\n\t\t<\/div>\n\t\t\n\t\t\n\t<div class=\"wpb_text_column wpb_content_element\" >\n\t\t<div class=\"wpb_wrapper\">\n\t\t\t<p><strong>Life Roles:<\/strong> Are your roles in life aligned?<br \/>\n<strong>Compromises:<\/strong> In which areas should you reach a compromise?<br \/>\n<strong>Areas of Dominance:<\/strong> What are each of your strengths?<br \/>\n<strong>Companionship Connections:<\/strong> What are the areas where you feel connected as partners?<br \/>\n<strong>Electromagnetic Connections:<\/strong> What are the bright and limited areas of your partnership?<br \/>\n<strong>Emotional Dynamics:<\/strong> What are your emotional impacts on each other?<br \/>\n<strong>Communication Dynamics:<\/strong> What is the nature of communication in the relationship?<\/p>\n\n\t\t<\/div>\n\t<\/div>\n<\/div><\/div><\/div><div class=\"wpb_column vc_column_container vc_col-sm-6 vc_col-has-fill wd-rs-66bdc5d1ac90a\"><div class=\"vc_column-inner vc_custom_1723712997209\"><div class=\"wpb_wrapper\"><\/div><\/div><\/div><\/div><div class=\"vc_row wpb_row vc_row-fluid vc_custom_1717266545778 vc_row-has-fill wd-rs-665b686c00615 wd-section-stretch\"><div class=\"wpb_column vc_column_container vc_col-sm-12 wd-rs-6659f8e6c06b0\"><div class=\"vc_column-inner vc_custom_1717172465450\"><div class=\"wpb_wrapper\">\n\t\t<div id=\"wd-66bdc56b4e316\" class=\"title-wrapper wd-wpb set-mb-s reset-last-child  wd-rs-66bdc56b4e316 wd-title-color-primary wd-title-style-default text-center  wd-underline-colored\">\n\t\t\t\n\t\t\t<div class=\"liner-continer\">\n\t\t\t\t<h2 class=\"woodmart-title-container title  wd-font-weight-800 wd-fontsize-xxxl\" >A detailed analysis that helps partners identify their career types and understand their individual functioning.<\/h2>\n\t\t\t\t\t\t\t<\/div>\n\t\t\t\n\t\t\t\n\t\t\t\n\t\t<\/div>\n\t\t\n\t\t\t\t<div id=\"wd-66bdc57c43e69\" class=\"wd-text-block wd-wpb reset-last-child wd-rs-66bdc57c43e69 text-center wd-fontsize-m vc_custom_1723712896010\">\n\t\t\t<p>Our main goal is to explore the best methods for optimizing personal interactions, strengthen decision-making strategies, and improve collaborative information absorption processes. Additionally, we provide analyses to understand your individual strengths and development areas in your professional life, allowing us to focus on enhancing each person's work skills and performance<\/p>\n\t\t<\/div>\n\t\t<\/div><\/div><\/div><\/div>\n<\/div>","protected":false},"excerpt":{"rendered":"BG5 Ortakl\u0131k Analizi, birlikte \u00e7al\u0131\u015fan iki ki\u015finin aralar\u0131ndaki enerji dinamiklerini anlamalar\u0131n\u0131 sa\u011flar. Bu sayede, birbirlerinin g\u00fc\u00e7l\u00fc yanlar\u0131ndan faydalanarak ilerleyebilir ve","protected":false},"author":1,"featured_media":0,"parent":0,"menu_order":0,"comment_status":"closed","ping_status":"closed","template":"","meta":{"footnotes":""},"class_list":["post-10421","page","type-page","status-publish","hentry"],"_links":{"self":[{"href":"https:\/\/alignmentkey.com\/en\/wp-json\/wp\/v2\/pages\/10421","targetHints":{"allow":["GET"]}}],"collection":[{"href":"https:\/\/alignmentkey.com\/en\/wp-json\/wp\/v2\/pages"}],"about":[{"href":"https:\/\/alignmentkey.com\/en\/wp-json\/wp\/v2\/types\/page"}],"author":[{"embeddable":true,"href":"https:\/\/alignmentkey.com\/en\/wp-json\/wp\/v2\/users\/1"}],"replies":[{"embeddable":true,"href":"https:\/\/alignmentkey.com\/en\/wp-json\/wp\/v2\/comments?post=10421"}],"version-history":[{"count":4,"href":"https:\/\/alignmentkey.com\/en\/wp-json\/wp\/v2\/pages\/10421\/revisions"}],"predecessor-version":[{"id":11033,"href":"https:\/\/alignmentkey.com\/en\/wp-json\/wp\/v2\/pages\/10421\/revisions\/11033"}],"wp:attachment":[{"href":"https:\/\/alignmentkey.com\/en\/wp-json\/wp\/v2\/media?parent=10421"}],"curies":[{"name":"wp","href":"https:\/\/api.w.org\/{rel}","templated":true}]}}