{"id":9586,"date":"2024-05-30T03:32:40","date_gmt":"2024-05-30T00:32:40","guid":{"rendered":"https:\/\/humanwordpress.anahtarsensin.com\/?page_id=9586"},"modified":"2024-08-20T11:41:56","modified_gmt":"2024-08-20T08:41:56","slug":"etkinlik-takvimi","status":"publish","type":"page","link":"https:\/\/alignmentkey.com\/en\/etkinlik-takvimi\/","title":{"rendered":"Events Calendar"},"content":{"rendered":"<div class=\"wpb-content-wrapper\"><div class=\"vc_row wpb_row vc_row-fluid vc_custom_1723647055486 vc_row-has-fill wd-rs-66bcc40c8a1aa wd-section-stretch-content-no-pd\"><div class=\"wpb_column vc_column_container vc_col-sm-12 wd-rs-6657b39de683b\"><div class=\"vc_column-inner vc_custom_1717023731172\"><div class=\"wpb_wrapper\">\n\t\t<div id=\"wd-66bcc4a023d8b\" class=\"title-wrapper wd-wpb set-mb-s reset-last-child  wd-rs-66bcc4a023d8b wd-title-color-primary wd-title-style-default text-center  wd-title-empty wd-underline-colored\">\n\t\t\t\n\t\t\t<div class=\"liner-continer\">\n\t\t\t\t<h1 class=\"woodmart-title-container title  wd-font-weight- wd-fontsize-xxl\" ><\/h1>\n\t\t\t\t\t\t\t<\/div>\n\t\t\t\n\t\t\t\n\t\t\t\n\t\t<\/div>\n\t\t\n\t\t<\/div><\/div><\/div><\/div><div class=\"vc_row wpb_row vc_row-fluid vc_custom_1717028202071 wd-rs-6657c566169a8\"><div class=\"wpb_column vc_column_container vc_col-sm-6 vc_col-lg-8 wd-rs-6657c8e98bc94\"><div class=\"vc_column-inner vc_custom_1717029102408\"><div class=\"wpb_wrapper\">\n\t\t<div id=\"wd-66c44b09a2d2e\" class=\"title-wrapper wd-wpb set-mb-s reset-last-child  wd-rs-66c44b09a2d2e wd-title-color-primary wd-title-style-default text-left  wd-underline-colored\">\n\t\t\t\n\t\t\t<div class=\"liner-continer\">\n\t\t\t\t<h2 class=\"woodmart-title-container title  wd-font-weight- wd-fontsize-xxxl\" >Events Calendar<\/h2>\n\t\t\t\t\t\t\t<\/div>\n\t\t\t\n\t\t\t\n\t\t\t\n\t\t<\/div>\n\t\t\n\t\t<\/div><\/div><\/div><div class=\"wpb_column vc_column_container vc_col-sm-6 vc_col-lg-4 wd-rs-6657c8e282e68\"><div class=\"vc_column-inner\"><div class=\"wpb_wrapper\">\t\t\t<div class=\"wd-el-search wd-wpb woodmart-ajax-search  wd-rs-6657c8ba7240c wd-color-dark\">\n\t\t\t\t\t\t\t<div class=\"wd-search-form\">\n\t\t\t\t\n\t\t\t\t\n\t\t\t\t<form role=\"search\" method=\"get\" class=\"searchform  wd-style-with-bg wd-cat-style-bordered woodmart-ajax-search\" action=\"https:\/\/alignmentkey.com\/en\/\"  data-thumbnail=\"1\" data-price=\"0\" data-post_type=\"post\" data-count=\"3\" data-sku=\"0\" data-symbols_count=\"3\" data-trp-original-action=\"https:\/\/alignmentkey.com\/en\/\">\n\t\t\t\t\t<input type=\"text\" class=\"s\" placeholder=\"Search for posts\" value=\"\" name=\"s\" aria-label=\"Search\" title=\"Search for posts\" required>\n\t\t\t\t\t<input type=\"hidden\" name=\"post_type\" value=\"post\">\n\t\t\t\t\t\t\t\t\t\t<button type=\"submit\" class=\"searchsubmit\">\n\t\t\t\t\t\t<span>\n\t\t\t\t\t\t\tSearch\t\t\t\t\t\t<\/span>\n\t\t\t\t\t\t\t\t\t\t\t<\/button>\n\t\t\t\t<input type=\"hidden\" name=\"trp-form-language\" value=\"en\"\/><\/form>\n\n\t\t\t\t\n\t\t\t\t\n\t\t\t\t\t\t\t\t\t<div class=\"search-results-wrapper\">\n\t\t\t\t\t\t<div class=\"wd-dropdown-results wd-scroll wd-dropdown\">\n\t\t\t\t\t\t\t<div class=\"wd-scroll-content\"><\/div>\n\t\t\t\t\t\t<\/div>\n\t\t\t\t\t<\/div>\n\t\t\t\t\n\t\t\t\t\n\t\t\t\t\t\t\t<\/div>\n\t\t\t\t\t<\/div>\n\t\t<\/div><\/div><\/div><\/div><div class=\"vc_row wpb_row vc_row-fluid vc_custom_1717028629459 wd-rs-6657c7096d09e\"><div class=\"wpb_column vc_column_container vc_col-sm-12 wd-rs-6657b39de683b\"><div class=\"vc_column-inner vc_custom_1717023731172\"><div class=\"wpb_wrapper\"><div class=\"wd-blog-element wd-wpb wd-rs-6657c92f06a65\"><div class=\"wd-posts wd-blog-holder  wd-masonry wd-grid-f-col\" id=\"69d0fcb13d4a2\" data-paged=\"1\" data-atts=\"{&quot;carousel_id&quot;:&quot;5000&quot;,&quot;speed&quot;:&quot;5000&quot;,&quot;slides_per_view&quot;:&quot;3&quot;,&quot;slides_per_view_tablet&quot;:&quot;auto&quot;,&quot;slides_per_view_mobile&quot;:&quot;auto&quot;,&quot;wrap&quot;:&quot;&quot;,&quot;loop&quot;:false,&quot;autoplay&quot;:&quot;no&quot;,&quot;autoheight&quot;:&quot;no&quot;,&quot;hide_pagination_control&quot;:&quot;&quot;,&quot;hide_pagination_control_tablet&quot;:&quot;yes&quot;,&quot;hide_pagination_control_mobile&quot;:&quot;yes&quot;,&quot;dynamic_pagination_control&quot;:&quot;&quot;,&quot;hide_prev_next_buttons&quot;:&quot;&quot;,&quot;carousel_arrows_position&quot;:&quot;&quot;,&quot;hide_scrollbar&quot;:&quot;yes&quot;,&quot;hide_scrollbar_tablet&quot;:&quot;yes&quot;,&quot;hide_scrollbar_mobile&quot;:&quot;yes&quot;,&quot;scroll_per_page&quot;:&quot;yes&quot;,&quot;dragEndSpeed&quot;:200,&quot;center_mode&quot;:&quot;no&quot;,&quot;custom_sizes&quot;:&quot;&quot;,&quot;sliding_speed&quot;:false,&quot;animation&quot;:false,&quot;content_animation&quot;:false,&quot;post_type&quot;:&quot;post&quot;,&quot;slider&quot;:&quot;&quot;,&quot;library&quot;:&quot;&quot;,&quot;css&quot;:&quot;&quot;,&quot;effect&quot;:&quot;&quot;,&quot;spacing&quot;:&quot;&quot;,&quot;spacing_tablet&quot;:&quot;&quot;,&quot;spacing_mobile&quot;:&quot;&quot;,&quot;carousel_sync&quot;:&quot;&quot;,&quot;sync_parent_id&quot;:&quot;&quot;,&quot;sync_child_id&quot;:&quot;&quot;,&quot;scroll_carousel_init&quot;:&quot;no&quot;,&quot;disable_overflow_carousel&quot;:&quot;&quot;,&quot;include&quot;:&quot;&quot;,&quot;custom_query&quot;:&quot;&quot;,&quot;taxonomies&quot;:&quot;71&quot;,&quot;pagination&quot;:&quot;more-btn&quot;,&quot;parts_media&quot;:true,&quot;parts_title&quot;:&quot;1&quot;,&quot;parts_meta&quot;:&quot;0&quot;,&quot;parts_text&quot;:&quot;1&quot;,&quot;parts_btn&quot;:&quot;1&quot;,&quot;items_per_page&quot;:&quot;4&quot;,&quot;offset&quot;:&quot;&quot;,&quot;orderby&quot;:&quot;date&quot;,&quot;order&quot;:&quot;DESC&quot;,&quot;meta_key&quot;:&quot;&quot;,&quot;exclude&quot;:&quot;&quot;,&quot;class&quot;:&quot;&quot;,&quot;ajax_page&quot;:&quot;&quot;,&quot;img_size&quot;:&quot;full&quot;,&quot;blog_design&quot;:&quot;masonry&quot;,&quot;blog_carousel_design&quot;:&quot;masonry&quot;,&quot;blog_columns&quot;:&quot;2&quot;,&quot;blog_columns_tablet&quot;:&quot;auto&quot;,&quot;blog_columns_mobile&quot;:&quot;auto&quot;,&quot;blog_spacing&quot;:&quot;30&quot;,&quot;blog_spacing_tablet&quot;:&quot;&quot;,&quot;blog_spacing_mobile&quot;:&quot;&quot;,&quot;lazy_loading&quot;:&quot;no&quot;,&quot;search&quot;:&quot;&quot;,&quot;woodmart_css_id&quot;:&quot;6657c92f06a65&quot;}\" data-source=\"shortcode\" style=\"--wd-col-lg:2;--wd-col-md:2;--wd-col-sm:1;--wd-gap-lg:30px;--wd-gap-sm:10px;\">\n<article id=\"post-9558\" class=\"wd-post blog-design-masonry blog-post-loop blog-style-bg wd-add-shadow wd-col post-9558 post type-post status-publish format-standard has-post-thumbnail hentry category-blog category-blog-ic-kategori category-blog-ic-kategori-2 category-etkinlik-takvimi\">\n\t<div class=\"article-inner\">\n\t\t\t\t\t<header class=\"entry-header\">\n\t\t\t\t\t\t\t\t\t<figure id=\"carousel-673\" class=\"entry-thumbnail\">\n\t\t\t\t\t\t\n\t\t\t\t\t\t\t<div class=\"post-img-wrapp\">\n\t\t\t\t\t\t\t\t<a href=\"https:\/\/alignmentkey.com\/en\/gunluk-hayatin-zorluklari-ve-bas-etme-yontemleri-5\/\">\n\t\t\t\t\t\t\t\t\t<img fetchpriority=\"high\" decoding=\"async\" width=\"505\" height=\"387\" src=\"https:\/\/alignmentkey.com\/wp-content\/uploads\/2024\/09\/Frame.svg\" class=\"attachment-full size-full\" alt=\"\" \/>\t\t\t\t\t\t\t\t<\/a>\n\t\t\t\t\t\t\t<\/div>\n\t\t\t\t\t\t\t<div class=\"post-image-mask\">\n\t\t\t\t\t\t\t\t<span><\/span>\n\t\t\t\t\t\t\t<\/div>\n\n\t\t\t\t\t\t\n\t\t\t\t\t<\/figure>\n\t\t\t\t\n\t\t\t\t\t\t\t\t\t\t\t\t<div class=\"post-date wd-post-date wd-style-with-bg\">\n\t\t\t\t<span class=\"post-date-day\">\n\t\t\t\t\t14\t\t\t\t<\/span>\n\t\t\t\t<span class=\"post-date-month\">\n\t\t\t\t\tSep\t\t\t\t<\/span>\n\t\t\t<\/div>\n\t\t\t\t\t\t\n\t\t\t<\/header><!-- .entry-header -->\n\n\t\t<div class=\"article-body-container\">\n\t\t\t\n\t\t\t\t\n\t\t\t\t\t\t\t\t\t<h3 class=\"wd-entities-title title post-title\">\n\t\t\t\t\t\t<a href=\"https:\/\/alignmentkey.com\/en\/gunluk-hayatin-zorluklari-ve-bas-etme-yontemleri-5\/\" rel=\"bookmark\">WORK-LIFE BALANCE<\/a>\n\t\t\t\t\t<\/h3>\n\t\t\t\t\n\t\t\t\t\t\t\t\n\t\t\t\t\t\t\t\n\t\t\t\t                    <div class=\"entry-content wd-entry-content\">\n\t\t\t\t\t\t\nPandemic, to give priority to the welfare of employees to work to rethink what and why and where...\n\t\t\t\t\t\t\t\t\t\t\t<\/div><!-- .entry-content -->\n\t\t\t\t\n\t\t\t\t\t\t\t\t\t\t\t\t\t\t<p class=\"read-more-section\">\n\t\t\t\t\t\t<a class=\"btn-read-more more-link\" href=\"https:\/\/alignmentkey.com\/en\/gunluk-hayatin-zorluklari-ve-bas-etme-yontemleri-5\/\">Continue reading<\/a>\t\t\t\t\t<\/p>\n\t\t\t\t\t\t\t\t\t\t\t\n\t\t\t\n\t\t\t\t\t<\/div>\n\t<\/div>\n<\/article><!-- #post -->\n\n\n\n<article id=\"post-9573\" class=\"wd-post blog-design-masonry blog-post-loop blog-style-bg wd-add-shadow wd-col post-9573 post type-post status-publish format-standard has-post-thumbnail hentry category-blog category-blog-ic-kategori category-blog-ic-kategori-2 category-etkinlik-takvimi\">\n\t<div class=\"article-inner\">\n\t\t\t\t\t<header class=\"entry-header\">\n\t\t\t\t\t\t\t\t\t<figure id=\"carousel-661\" class=\"entry-thumbnail\">\n\t\t\t\t\t\t\n\t\t\t\t\t\t\t<div class=\"post-img-wrapp\">\n\t\t\t\t\t\t\t\t<a href=\"https:\/\/alignmentkey.com\/en\/gunluk-hayatin-zorluklari-ve-bas-etme-yontemleri-4\/\">\n\t\t\t\t\t\t\t\t\t<img decoding=\"async\" width=\"820\" height=\"410\" src=\"https:\/\/alignmentkey.com\/wp-content\/uploads\/2024\/05\/shutterstock_1245379747-1-1.png\" class=\"attachment-full size-full\" alt=\"\" srcset=\"https:\/\/alignmentkey.com\/wp-content\/uploads\/2024\/05\/shutterstock_1245379747-1-1.png 820w, https:\/\/alignmentkey.com\/wp-content\/uploads\/2024\/05\/shutterstock_1245379747-1-1-430x215.png 430w, https:\/\/alignmentkey.com\/wp-content\/uploads\/2024\/05\/shutterstock_1245379747-1-1-150x75.png 150w, https:\/\/alignmentkey.com\/wp-content\/uploads\/2024\/05\/shutterstock_1245379747-1-1-700x350.png 700w, https:\/\/alignmentkey.com\/wp-content\/uploads\/2024\/05\/shutterstock_1245379747-1-1-400x200.png 400w, https:\/\/alignmentkey.com\/wp-content\/uploads\/2024\/05\/shutterstock_1245379747-1-1-768x384.png 768w\" sizes=\"(max-width: 820px) 100vw, 820px\" \/>\t\t\t\t\t\t\t\t<\/a>\n\t\t\t\t\t\t\t<\/div>\n\t\t\t\t\t\t\t<div class=\"post-image-mask\">\n\t\t\t\t\t\t\t\t<span><\/span>\n\t\t\t\t\t\t\t<\/div>\n\n\t\t\t\t\t\t\n\t\t\t\t\t<\/figure>\n\t\t\t\t\n\t\t\t\t\t\t\t\t\t\t\t\t<div class=\"post-date wd-post-date wd-style-with-bg\">\n\t\t\t\t<span class=\"post-date-day\">\n\t\t\t\t\t16\t\t\t\t<\/span>\n\t\t\t\t<span class=\"post-date-month\">\n\t\t\t\t\tAug\t\t\t\t<\/span>\n\t\t\t<\/div>\n\t\t\t\t\t\t\n\t\t\t<\/header><!-- .entry-header -->\n\n\t\t<div class=\"article-body-container\">\n\t\t\t\n\t\t\t\t\n\t\t\t\t\t\t\t\t\t<h3 class=\"wd-entities-title title post-title\">\n\t\t\t\t\t\t<a href=\"https:\/\/alignmentkey.com\/en\/gunluk-hayatin-zorluklari-ve-bas-etme-yontemleri-4\/\" rel=\"bookmark\">IT IS WISDOM TO SEARCH FOR YOUR OWN REALITY<\/a>\n\t\t\t\t\t<\/h3>\n\t\t\t\t\n\t\t\t\t\t\t\t\n\t\t\t\t\t\t\t\n\t\t\t\t                    <div class=\"entry-content wd-entry-content\">\n\t\t\t\t\t\t\n\n\n\n\nCenturies ago, Plato said, \u201cKnow thyself.\u201d\n\n\t\t\t\t\t\t\t\t\t\t\t<\/div><!-- .entry-content -->\n\t\t\t\t\n\t\t\t\t\t\t\t\t\t\t\t\t\t\t<p class=\"read-more-section\">\n\t\t\t\t\t\t<a class=\"btn-read-more more-link\" href=\"https:\/\/alignmentkey.com\/en\/gunluk-hayatin-zorluklari-ve-bas-etme-yontemleri-4\/\">Continue reading<\/a>\t\t\t\t\t<\/p>\n\t\t\t\t\t\t\t\t\t\t\t\n\t\t\t\n\t\t\t\t\t<\/div>\n\t<\/div>\n<\/article><!-- #post -->\n\n\n<\/div><\/div><\/div><\/div><\/div><\/div>\n<\/div>","protected":false},"excerpt":{"rendered":"Plato y\u00fczy\u0131llar \u00f6ncesinde \u201cKendini Bil\u201d demi\u015f. Bir ba\u015fka d\u00fc\u015f\u00fcn\u00fcr Konfi\u00e7y\u00fcs \u201cBa\u015fkalar\u0131n\u0131 Y\u00f6netmek \u0130stiyorsan \u00d6nce Kendini Y\u00f6net\u201d. \u00dcnl\u00fc Psikolog Jung ise","protected":false},"author":1,"featured_media":0,"parent":0,"menu_order":0,"comment_status":"closed","ping_status":"closed","template":"","meta":{"footnotes":""},"class_list":["post-9586","page","type-page","status-publish","hentry"],"_links":{"self":[{"href":"https:\/\/alignmentkey.com\/en\/wp-json\/wp\/v2\/pages\/9586","targetHints":{"allow":["GET"]}}],"collection":[{"href":"https:\/\/alignmentkey.com\/en\/wp-json\/wp\/v2\/pages"}],"about":[{"href":"https:\/\/alignmentkey.com\/en\/wp-json\/wp\/v2\/types\/page"}],"author":[{"embeddable":true,"href":"https:\/\/alignmentkey.com\/en\/wp-json\/wp\/v2\/users\/1"}],"replies":[{"embeddable":true,"href":"https:\/\/alignmentkey.com\/en\/wp-json\/wp\/v2\/comments?post=9586"}],"version-history":[{"count":5,"href":"https:\/\/alignmentkey.com\/en\/wp-json\/wp\/v2\/pages\/9586\/revisions"}],"predecessor-version":[{"id":10270,"href":"https:\/\/alignmentkey.com\/en\/wp-json\/wp\/v2\/pages\/9586\/revisions\/10270"}],"wp:attachment":[{"href":"https:\/\/alignmentkey.com\/en\/wp-json\/wp\/v2\/media?parent=9586"}],"curies":[{"name":"wp","href":"https:\/\/api.w.org\/{rel}","templated":true}]}}