{"id":9590,"date":"2024-05-31T19:14:53","date_gmt":"2024-05-31T16:14:53","guid":{"rendered":"https:\/\/humanwordpress.anahtarsensin.com\/?page_id=9590"},"modified":"2024-08-14T17:46:33","modified_gmt":"2024-08-14T14:46:33","slug":"duyurular","status":"publish","type":"page","link":"https:\/\/alignmentkey.com\/en\/duyurular\/","title":{"rendered":"Announcements"},"content":{"rendered":"<div class=\"wpb-content-wrapper\"><div class=\"vc_row wpb_row vc_row-fluid vc_custom_1723646744633 vc_row-has-fill wd-rs-66bcc28fe6d22 wd-section-stretch-content-no-pd\"><div class=\"wpb_column vc_column_container vc_col-sm-12 wd-rs-6657b39de683b\"><div class=\"vc_column-inner vc_custom_1717023731172\"><div class=\"wpb_wrapper\">\n\t\t<div id=\"wd-66bcc244b60c8\" class=\"title-wrapper wd-wpb set-mb-s reset-last-child  wd-rs-66bcc244b60c8 wd-title-color-primary wd-title-style-default text-center  wd-underline-colored\">\n\t\t\t\n\t\t\t<div class=\"liner-continer\">\n\t\t\t\t<h1 class=\"woodmart-title-container title  wd-font-weight- wd-fontsize-xxl\" >For our latest announcements, follow us.<\/h1>\n\t\t\t\t\t\t\t<\/div>\n\t\t\t\n\t\t\t\n\t\t\t\n\t\t<\/div>\n\t\t\n\t\t<\/div><\/div><\/div><\/div><div class=\"vc_row wpb_row vc_row-fluid vc_custom_1717028202071 wd-rs-6657c566169a8\"><div class=\"wpb_column vc_column_container vc_col-sm-6 vc_col-lg-8 wd-rs-6657c8e98bc94\"><div class=\"vc_column-inner vc_custom_1717029102408\"><div class=\"wpb_wrapper\">\n\t\t<div id=\"wd-66bcc33acbf15\" class=\"title-wrapper wd-wpb set-mb-s reset-last-child  wd-rs-66bcc33acbf15 wd-title-color-primary wd-title-style-default text-left  wd-underline-colored\">\n\t\t\t\n\t\t\t<div class=\"liner-continer\">\n\t\t\t\t<h2 class=\"woodmart-title-container title  wd-font-weight- wd-fontsize-xxxl\" >Announcements<\/h2>\n\t\t\t\t\t\t\t<\/div>\n\t\t\t\n\t\t\t\n\t\t\t\n\t\t<\/div>\n\t\t\n\t\t<\/div><\/div><\/div><div class=\"wpb_column vc_column_container vc_col-sm-6 vc_col-lg-4 wd-rs-6657c8e282e68\"><div class=\"vc_column-inner\"><div class=\"wpb_wrapper\">\t\t\t<div class=\"wd-el-search wd-wpb woodmart-ajax-search  wd-rs-6657c8ba7240c wd-color-dark\">\n\t\t\t\t\t\t\t<div class=\"wd-search-form\">\n\t\t\t\t\n\t\t\t\t\n\t\t\t\t<form role=\"search\" method=\"get\" class=\"searchform  wd-style-with-bg wd-cat-style-bordered woodmart-ajax-search\" action=\"https:\/\/alignmentkey.com\/en\/\"  data-thumbnail=\"1\" data-price=\"0\" data-post_type=\"post\" data-count=\"3\" data-sku=\"0\" data-symbols_count=\"3\" data-trp-original-action=\"https:\/\/alignmentkey.com\/en\/\">\n\t\t\t\t\t<input type=\"text\" class=\"s\" placeholder=\"Search for posts\" value=\"\" name=\"s\" aria-label=\"Search\" title=\"Search for posts\" required>\n\t\t\t\t\t<input type=\"hidden\" name=\"post_type\" value=\"post\">\n\t\t\t\t\t\t\t\t\t\t<button type=\"submit\" class=\"searchsubmit\">\n\t\t\t\t\t\t<span>\n\t\t\t\t\t\t\tSearch\t\t\t\t\t\t<\/span>\n\t\t\t\t\t\t\t\t\t\t\t<\/button>\n\t\t\t\t<input type=\"hidden\" name=\"trp-form-language\" value=\"en\"\/><\/form>\n\n\t\t\t\t\n\t\t\t\t\n\t\t\t\t\t\t\t\t\t<div class=\"search-results-wrapper\">\n\t\t\t\t\t\t<div class=\"wd-dropdown-results wd-scroll wd-dropdown\">\n\t\t\t\t\t\t\t<div class=\"wd-scroll-content\"><\/div>\n\t\t\t\t\t\t<\/div>\n\t\t\t\t\t<\/div>\n\t\t\t\t\n\t\t\t\t\n\t\t\t\t\t\t\t<\/div>\n\t\t\t\t\t<\/div>\n\t\t<\/div><\/div><\/div><\/div><div class=\"vc_row wpb_row vc_row-fluid vc_custom_1717028629459 wd-rs-6657c7096d09e\"><div class=\"wpb_column vc_column_container vc_col-sm-12 wd-rs-6657b39de683b\"><div class=\"vc_column-inner vc_custom_1717023731172\"><div class=\"wpb_wrapper\"><div class=\"wd-blog-element wd-wpb wd-rs-6659f7769a199\"><div class=\"wd-posts wd-blog-holder  wd-masonry wd-grid-f-col\" id=\"69dec64db4e02\" data-paged=\"1\" data-atts=\"{&quot;carousel_id&quot;:&quot;5000&quot;,&quot;speed&quot;:&quot;5000&quot;,&quot;slides_per_view&quot;:&quot;3&quot;,&quot;slides_per_view_tablet&quot;:&quot;auto&quot;,&quot;slides_per_view_mobile&quot;:&quot;auto&quot;,&quot;wrap&quot;:&quot;&quot;,&quot;loop&quot;:false,&quot;autoplay&quot;:&quot;no&quot;,&quot;autoheight&quot;:&quot;no&quot;,&quot;hide_pagination_control&quot;:&quot;&quot;,&quot;hide_pagination_control_tablet&quot;:&quot;yes&quot;,&quot;hide_pagination_control_mobile&quot;:&quot;yes&quot;,&quot;dynamic_pagination_control&quot;:&quot;&quot;,&quot;hide_prev_next_buttons&quot;:&quot;&quot;,&quot;carousel_arrows_position&quot;:&quot;&quot;,&quot;hide_scrollbar&quot;:&quot;yes&quot;,&quot;hide_scrollbar_tablet&quot;:&quot;yes&quot;,&quot;hide_scrollbar_mobile&quot;:&quot;yes&quot;,&quot;scroll_per_page&quot;:&quot;yes&quot;,&quot;dragEndSpeed&quot;:200,&quot;center_mode&quot;:&quot;no&quot;,&quot;custom_sizes&quot;:&quot;&quot;,&quot;sliding_speed&quot;:false,&quot;animation&quot;:false,&quot;content_animation&quot;:false,&quot;post_type&quot;:&quot;post&quot;,&quot;slider&quot;:&quot;&quot;,&quot;library&quot;:&quot;&quot;,&quot;css&quot;:&quot;&quot;,&quot;effect&quot;:&quot;&quot;,&quot;spacing&quot;:&quot;&quot;,&quot;spacing_tablet&quot;:&quot;&quot;,&quot;spacing_mobile&quot;:&quot;&quot;,&quot;carousel_sync&quot;:&quot;&quot;,&quot;sync_parent_id&quot;:&quot;&quot;,&quot;sync_child_id&quot;:&quot;&quot;,&quot;scroll_carousel_init&quot;:&quot;no&quot;,&quot;disable_overflow_carousel&quot;:&quot;&quot;,&quot;include&quot;:&quot;&quot;,&quot;custom_query&quot;:&quot;&quot;,&quot;taxonomies&quot;:&quot;74&quot;,&quot;pagination&quot;:&quot;more-btn&quot;,&quot;parts_media&quot;:true,&quot;parts_title&quot;:&quot;1&quot;,&quot;parts_meta&quot;:&quot;0&quot;,&quot;parts_text&quot;:&quot;1&quot;,&quot;parts_btn&quot;:&quot;1&quot;,&quot;items_per_page&quot;:&quot;4&quot;,&quot;offset&quot;:&quot;&quot;,&quot;orderby&quot;:&quot;date&quot;,&quot;order&quot;:&quot;DESC&quot;,&quot;meta_key&quot;:&quot;&quot;,&quot;exclude&quot;:&quot;&quot;,&quot;class&quot;:&quot;&quot;,&quot;ajax_page&quot;:&quot;&quot;,&quot;img_size&quot;:&quot;full&quot;,&quot;blog_design&quot;:&quot;masonry&quot;,&quot;blog_carousel_design&quot;:&quot;masonry&quot;,&quot;blog_columns&quot;:&quot;2&quot;,&quot;blog_columns_tablet&quot;:&quot;auto&quot;,&quot;blog_columns_mobile&quot;:&quot;auto&quot;,&quot;blog_spacing&quot;:&quot;30&quot;,&quot;blog_spacing_tablet&quot;:&quot;&quot;,&quot;blog_spacing_mobile&quot;:&quot;&quot;,&quot;lazy_loading&quot;:&quot;no&quot;,&quot;search&quot;:&quot;&quot;,&quot;woodmart_css_id&quot;:&quot;6659f7769a199&quot;}\" data-source=\"shortcode\" style=\"--wd-col-lg:2;--wd-col-md:2;--wd-col-sm:1;--wd-gap-lg:30px;--wd-gap-sm:10px;\">\n<article id=\"post-11209\" class=\"wd-post blog-design-masonry blog-post-loop blog-style-bg wd-add-shadow wd-col post-11209 post type-post status-publish format-standard has-post-thumbnail hentry category-blog category-blog-ic-kategori category-blog-ic-kategori-2\">\n\t<div class=\"article-inner\">\n\t\t\t\t\t<header class=\"entry-header\">\n\t\t\t\t\t\t\t\t\t<figure id=\"carousel-223\" class=\"entry-thumbnail\">\n\t\t\t\t\t\t\n\t\t\t\t\t\t\t<div class=\"post-img-wrapp\">\n\t\t\t\t\t\t\t\t<a href=\"https:\/\/alignmentkey.com\/en\/guvenle-karar-alabilmek-icin\/\">\n\t\t\t\t\t\t\t\t\t<img fetchpriority=\"high\" decoding=\"async\" width=\"982\" height=\"652\" src=\"https:\/\/alignmentkey.com\/wp-content\/uploads\/2024\/10\/Screenshot-2024-10-23-at-12.27.42-1.png\" class=\"attachment-full size-full\" alt=\"\" srcset=\"https:\/\/alignmentkey.com\/wp-content\/uploads\/2024\/10\/Screenshot-2024-10-23-at-12.27.42-1.png 982w, https:\/\/alignmentkey.com\/wp-content\/uploads\/2024\/10\/Screenshot-2024-10-23-at-12.27.42-1-400x266.png 400w, https:\/\/alignmentkey.com\/wp-content\/uploads\/2024\/10\/Screenshot-2024-10-23-at-12.27.42-1-768x510.png 768w, https:\/\/alignmentkey.com\/wp-content\/uploads\/2024\/10\/Screenshot-2024-10-23-at-12.27.42-1-18x12.png 18w, https:\/\/alignmentkey.com\/wp-content\/uploads\/2024\/10\/Screenshot-2024-10-23-at-12.27.42-1-430x285.png 430w, https:\/\/alignmentkey.com\/wp-content\/uploads\/2024\/10\/Screenshot-2024-10-23-at-12.27.42-1-700x465.png 700w, https:\/\/alignmentkey.com\/wp-content\/uploads\/2024\/10\/Screenshot-2024-10-23-at-12.27.42-1-150x100.png 150w\" sizes=\"(max-width: 982px) 100vw, 982px\" \/>\t\t\t\t\t\t\t\t<\/a>\n\t\t\t\t\t\t\t<\/div>\n\t\t\t\t\t\t\t<div class=\"post-image-mask\">\n\t\t\t\t\t\t\t\t<span><\/span>\n\t\t\t\t\t\t\t<\/div>\n\n\t\t\t\t\t\t\n\t\t\t\t\t<\/figure>\n\t\t\t\t\n\t\t\t\t\t\t\t\t\t\t\t\t<div class=\"post-date wd-post-date wd-style-with-bg\">\n\t\t\t\t<span class=\"post-date-day\">\n\t\t\t\t\t23\t\t\t\t<\/span>\n\t\t\t\t<span class=\"post-date-month\">\n\t\t\t\t\tOct\t\t\t\t<\/span>\n\t\t\t<\/div>\n\t\t\t\t\t\t\n\t\t\t<\/header><!-- .entry-header -->\n\n\t\t<div class=\"article-body-container\">\n\t\t\t\n\t\t\t\t\n\t\t\t\t\t\t\t\t\t<h3 class=\"wd-entities-title title post-title\">\n\t\t\t\t\t\t<a href=\"https:\/\/alignmentkey.com\/en\/guvenle-karar-alabilmek-icin\/\" rel=\"bookmark\">TO MAKE DECISIONS WITH CONFIDENCE<\/a>\n\t\t\t\t\t<\/h3>\n\t\t\t\t\n\t\t\t\t\t\t\t\n\t\t\t\t\t\t\t\n\t\t\t\t                    <div class=\"entry-content wd-entry-content\">\n\t\t\t\t\t\t\nYour Personal Guide How Can You Design?\n\n\n\nDecision-making and profe...\n\t\t\t\t\t\t\t\t\t\t\t<\/div><!-- .entry-content -->\n\t\t\t\t\n\t\t\t\t\t\t\t\t\t\t\t\t\t\t<p class=\"read-more-section\">\n\t\t\t\t\t\t<a class=\"btn-read-more more-link\" href=\"https:\/\/alignmentkey.com\/en\/guvenle-karar-alabilmek-icin\/\">Continue reading<\/a>\t\t\t\t\t<\/p>\n\t\t\t\t\t\t\t\t\t\t\t\n\t\t\t\n\t\t\t\t\t<\/div>\n\t<\/div>\n<\/article><!-- #post -->\n\n\n\n<article id=\"post-11201\" class=\"wd-post blog-design-masonry blog-post-loop blog-style-bg wd-add-shadow wd-col post-11201 post type-post status-publish format-standard has-post-thumbnail hentry category-blog category-blog-ic-kategori category-blog-ic-kategori-2\">\n\t<div class=\"article-inner\">\n\t\t\t\t\t<header class=\"entry-header\">\n\t\t\t\t\t\t\t\t\t<figure id=\"carousel-299\" class=\"entry-thumbnail\">\n\t\t\t\t\t\t\n\t\t\t\t\t\t\t<div class=\"post-img-wrapp\">\n\t\t\t\t\t\t\t\t<a href=\"https:\/\/alignmentkey.com\/en\/alignment-key-dijital-kocluk-surecleri\/\">\n\t\t\t\t\t\t\t\t\t<img decoding=\"async\" width=\"982\" height=\"652\" src=\"https:\/\/alignmentkey.com\/wp-content\/uploads\/2024\/10\/Screenshot-2024-10-23-at-12.00.58.png\" class=\"attachment-full size-full\" alt=\"\" srcset=\"https:\/\/alignmentkey.com\/wp-content\/uploads\/2024\/10\/Screenshot-2024-10-23-at-12.00.58.png 982w, https:\/\/alignmentkey.com\/wp-content\/uploads\/2024\/10\/Screenshot-2024-10-23-at-12.00.58-400x266.png 400w, https:\/\/alignmentkey.com\/wp-content\/uploads\/2024\/10\/Screenshot-2024-10-23-at-12.00.58-768x510.png 768w, https:\/\/alignmentkey.com\/wp-content\/uploads\/2024\/10\/Screenshot-2024-10-23-at-12.00.58-18x12.png 18w, https:\/\/alignmentkey.com\/wp-content\/uploads\/2024\/10\/Screenshot-2024-10-23-at-12.00.58-430x285.png 430w, https:\/\/alignmentkey.com\/wp-content\/uploads\/2024\/10\/Screenshot-2024-10-23-at-12.00.58-700x465.png 700w, https:\/\/alignmentkey.com\/wp-content\/uploads\/2024\/10\/Screenshot-2024-10-23-at-12.00.58-150x100.png 150w\" sizes=\"(max-width: 982px) 100vw, 982px\" \/>\t\t\t\t\t\t\t\t<\/a>\n\t\t\t\t\t\t\t<\/div>\n\t\t\t\t\t\t\t<div class=\"post-image-mask\">\n\t\t\t\t\t\t\t\t<span><\/span>\n\t\t\t\t\t\t\t<\/div>\n\n\t\t\t\t\t\t\n\t\t\t\t\t<\/figure>\n\t\t\t\t\n\t\t\t\t\t\t\t\t\t\t\t\t<div class=\"post-date wd-post-date wd-style-with-bg\">\n\t\t\t\t<span class=\"post-date-day\">\n\t\t\t\t\t15\t\t\t\t<\/span>\n\t\t\t\t<span class=\"post-date-month\">\n\t\t\t\t\tAug\t\t\t\t<\/span>\n\t\t\t<\/div>\n\t\t\t\t\t\t\n\t\t\t<\/header><!-- .entry-header -->\n\n\t\t<div class=\"article-body-container\">\n\t\t\t\n\t\t\t\t\n\t\t\t\t\t\t\t\t\t<h3 class=\"wd-entities-title title post-title\">\n\t\t\t\t\t\t<a href=\"https:\/\/alignmentkey.com\/en\/alignment-key-dijital-kocluk-surecleri\/\" rel=\"bookmark\">ALIGNMENT KEY DIGITAL COACHING PROCESSES<\/a>\n\t\t\t\t\t<\/h3>\n\t\t\t\t\n\t\t\t\t\t\t\t\n\t\t\t\t\t\t\t\n\t\t\t\t                    <div class=\"entry-content wd-entry-content\">\n\t\t\t\t\t\t\nBased on mutual cooperation between the coach and the coaching client is an active process. Coach duzenlenm of this process...\n\t\t\t\t\t\t\t\t\t\t\t<\/div><!-- .entry-content -->\n\t\t\t\t\n\t\t\t\t\t\t\t\t\t\t\t\t\t\t<p class=\"read-more-section\">\n\t\t\t\t\t\t<a class=\"btn-read-more more-link\" href=\"https:\/\/alignmentkey.com\/en\/alignment-key-dijital-kocluk-surecleri\/\">Continue reading<\/a>\t\t\t\t\t<\/p>\n\t\t\t\t\t\t\t\t\t\t\t\n\t\t\t\n\t\t\t\t\t<\/div>\n\t<\/div>\n<\/article><!-- #post -->\n\n\n\n<article id=\"post-11197\" class=\"wd-post blog-design-masonry blog-post-loop blog-style-bg wd-add-shadow wd-col post-11197 post type-post status-publish format-standard has-post-thumbnail hentry category-blog\">\n\t<div class=\"article-inner\">\n\t\t\t\t\t<header class=\"entry-header\">\n\t\t\t\t\t\t\t\t\t<figure id=\"carousel-825\" class=\"entry-thumbnail\">\n\t\t\t\t\t\t\n\t\t\t\t\t\t\t<div class=\"post-img-wrapp\">\n\t\t\t\t\t\t\t\t<a href=\"https:\/\/alignmentkey.com\/en\/kocluk-ne-degildir\/\">\n\t\t\t\t\t\t\t\t\t<img decoding=\"async\" width=\"1186\" height=\"700\" src=\"https:\/\/alignmentkey.com\/wp-content\/uploads\/2024\/10\/Screenshot-2024-10-23-at-10.49.56.png\" class=\"attachment-full size-full\" alt=\"\" srcset=\"https:\/\/alignmentkey.com\/wp-content\/uploads\/2024\/10\/Screenshot-2024-10-23-at-10.49.56.png 1186w, https:\/\/alignmentkey.com\/wp-content\/uploads\/2024\/10\/Screenshot-2024-10-23-at-10.49.56-400x236.png 400w, https:\/\/alignmentkey.com\/wp-content\/uploads\/2024\/10\/Screenshot-2024-10-23-at-10.49.56-768x453.png 768w, https:\/\/alignmentkey.com\/wp-content\/uploads\/2024\/10\/Screenshot-2024-10-23-at-10.49.56-18x12.png 18w, https:\/\/alignmentkey.com\/wp-content\/uploads\/2024\/10\/Screenshot-2024-10-23-at-10.49.56-430x254.png 430w, https:\/\/alignmentkey.com\/wp-content\/uploads\/2024\/10\/Screenshot-2024-10-23-at-10.49.56-700x413.png 700w, https:\/\/alignmentkey.com\/wp-content\/uploads\/2024\/10\/Screenshot-2024-10-23-at-10.49.56-150x89.png 150w\" sizes=\"(max-width: 1186px) 100vw, 1186px\" \/>\t\t\t\t\t\t\t\t<\/a>\n\t\t\t\t\t\t\t<\/div>\n\t\t\t\t\t\t\t<div class=\"post-image-mask\">\n\t\t\t\t\t\t\t\t<span><\/span>\n\t\t\t\t\t\t\t<\/div>\n\n\t\t\t\t\t\t\n\t\t\t\t\t<\/figure>\n\t\t\t\t\n\t\t\t\t\t\t\t\t\t\t\t\t<div class=\"post-date wd-post-date wd-style-with-bg\">\n\t\t\t\t<span class=\"post-date-day\">\n\t\t\t\t\t12\t\t\t\t<\/span>\n\t\t\t\t<span class=\"post-date-month\">\n\t\t\t\t\tAug\t\t\t\t<\/span>\n\t\t\t<\/div>\n\t\t\t\t\t\t\n\t\t\t<\/header><!-- .entry-header -->\n\n\t\t<div class=\"article-body-container\">\n\t\t\t\n\t\t\t\t\n\t\t\t\t\t\t\t\t\t<h3 class=\"wd-entities-title title post-title\">\n\t\t\t\t\t\t<a href=\"https:\/\/alignmentkey.com\/en\/kocluk-ne-degildir\/\" rel=\"bookmark\">WHAT IS NOT COACHING?<\/a>\n\t\t\t\t\t<\/h3>\n\t\t\t\t\n\t\t\t\t\t\t\t\n\t\t\t\t\t\t\t\n\t\t\t\t                    <div class=\"entry-content wd-entry-content\">\n\t\t\t\t\t\t\nThe easiest way to define coaching is to first understand what it is not.\n\n\n\n\t\t\t\t\t\t\t\t\t\t\t<\/div><!-- .entry-content -->\n\t\t\t\t\n\t\t\t\t\t\t\t\t\t\t\t\t\t\t<p class=\"read-more-section\">\n\t\t\t\t\t\t<a class=\"btn-read-more more-link\" href=\"https:\/\/alignmentkey.com\/en\/kocluk-ne-degildir\/\">Continue reading<\/a>\t\t\t\t\t<\/p>\n\t\t\t\t\t\t\t\t\t\t\t\n\t\t\t\n\t\t\t\t\t<\/div>\n\t<\/div>\n<\/article><!-- #post -->\n\n\n\n<article id=\"post-11192\" class=\"wd-post blog-design-masonry blog-post-loop blog-style-bg wd-add-shadow wd-col post-11192 post type-post status-publish format-standard has-post-thumbnail hentry category-blog category-blog-ic-kategori category-blog-ic-kategori-2\">\n\t<div class=\"article-inner\">\n\t\t\t\t\t<header class=\"entry-header\">\n\t\t\t\t\t\t\t\t\t<figure id=\"carousel-317\" class=\"entry-thumbnail\">\n\t\t\t\t\t\t\n\t\t\t\t\t\t\t<div class=\"post-img-wrapp\">\n\t\t\t\t\t\t\t\t<a href=\"https:\/\/alignmentkey.com\/en\/deger-odakli-yasam\/\">\n\t\t\t\t\t\t\t\t\t<img loading=\"lazy\" decoding=\"async\" width=\"1336\" height=\"700\" src=\"https:\/\/alignmentkey.com\/wp-content\/uploads\/2024\/10\/Screenshot-2024-10-23-at-10.27.23.png\" class=\"attachment-full size-full\" alt=\"\" srcset=\"https:\/\/alignmentkey.com\/wp-content\/uploads\/2024\/10\/Screenshot-2024-10-23-at-10.27.23.png 1336w, https:\/\/alignmentkey.com\/wp-content\/uploads\/2024\/10\/Screenshot-2024-10-23-at-10.27.23-400x210.png 400w, https:\/\/alignmentkey.com\/wp-content\/uploads\/2024\/10\/Screenshot-2024-10-23-at-10.27.23-1300x681.png 1300w, https:\/\/alignmentkey.com\/wp-content\/uploads\/2024\/10\/Screenshot-2024-10-23-at-10.27.23-768x402.png 768w, https:\/\/alignmentkey.com\/wp-content\/uploads\/2024\/10\/Screenshot-2024-10-23-at-10.27.23-18x9.png 18w, https:\/\/alignmentkey.com\/wp-content\/uploads\/2024\/10\/Screenshot-2024-10-23-at-10.27.23-430x225.png 430w, https:\/\/alignmentkey.com\/wp-content\/uploads\/2024\/10\/Screenshot-2024-10-23-at-10.27.23-700x367.png 700w, https:\/\/alignmentkey.com\/wp-content\/uploads\/2024\/10\/Screenshot-2024-10-23-at-10.27.23-150x79.png 150w\" sizes=\"(max-width: 1336px) 100vw, 1336px\" \/>\t\t\t\t\t\t\t\t<\/a>\n\t\t\t\t\t\t\t<\/div>\n\t\t\t\t\t\t\t<div class=\"post-image-mask\">\n\t\t\t\t\t\t\t\t<span><\/span>\n\t\t\t\t\t\t\t<\/div>\n\n\t\t\t\t\t\t\n\t\t\t\t\t<\/figure>\n\t\t\t\t\n\t\t\t\t\t\t\t\t\t\t\t\t<div class=\"post-date wd-post-date wd-style-with-bg\">\n\t\t\t\t<span class=\"post-date-day\">\n\t\t\t\t\t10\t\t\t\t<\/span>\n\t\t\t\t<span class=\"post-date-month\">\n\t\t\t\t\tJun\t\t\t\t<\/span>\n\t\t\t<\/div>\n\t\t\t\t\t\t\n\t\t\t<\/header><!-- .entry-header -->\n\n\t\t<div class=\"article-body-container\">\n\t\t\t\n\t\t\t\t\n\t\t\t\t\t\t\t\t\t<h3 class=\"wd-entities-title title post-title\">\n\t\t\t\t\t\t<a href=\"https:\/\/alignmentkey.com\/en\/deger-odakli-yasam\/\" rel=\"bookmark\">VALUE-FOCUSED LIFE<\/a>\n\t\t\t\t\t<\/h3>\n\t\t\t\t\n\t\t\t\t\t\t\t\n\t\t\t\t\t\t\t\n\t\t\t\t                    <div class=\"entry-content wd-entry-content\">\n\t\t\t\t\t\t\n\u201cWe live for the sake things\u201d\n\n\n\nDostoyevsky\n\n\n\n\t\t\t\t\t\t\t\t\t\t\t<\/div><!-- .entry-content -->\n\t\t\t\t\n\t\t\t\t\t\t\t\t\t\t\t\t\t\t<p class=\"read-more-section\">\n\t\t\t\t\t\t<a class=\"btn-read-more more-link\" href=\"https:\/\/alignmentkey.com\/en\/deger-odakli-yasam\/\">Continue reading<\/a>\t\t\t\t\t<\/p>\n\t\t\t\t\t\t\t\t\t\t\t\n\t\t\t\n\t\t\t\t\t<\/div>\n\t<\/div>\n<\/article><!-- #post -->\n\n\n<\/div>\t\t\t    \t<div class=\"wd-loop-footer blog-footer\">\n\t\t\t    \t\t\t\t\t\t\t\t    \t\t\t\t\t\t    \t\t\t\t\t\t    \t\t\t\t\t\t    \t\t\t\t\t\t\t<a href=\"#\" data-holder-id=\"69dec64db4e02\" rel=\"nofollow noopener\" class=\"btn wd-load-more wd-blog-load-more load-on-click\"><span class=\"load-more-label\">Load more posts<\/span><\/a>\n\t\t\t\t\t\t\t<div class=\"btn wd-load-more wd-load-more-loader\"><span class=\"load-more-loading\">Loading...<\/span><\/div>\n\t\t    \t\t\t\t\t\t    \t<\/div>\n\t\t\t    <\/div><\/div><\/div><\/div><\/div>\n<\/div>","protected":false},"excerpt":{"rendered":"\u201cU\u011fruna ya\u015fad\u0131\u011f\u0131m\u0131z \u015feyler\u201d Dostoyevski De\u011ferlerimiz, hayat\u0131m\u0131z\u0131 nas\u0131l ya\u015famak istedi\u011fimize rehberlik eden temel ilkeler. Asl\u0131nda bunlar bir yandan olmak istedi\u011fimiz insan\u0131","protected":false},"author":1,"featured_media":0,"parent":0,"menu_order":0,"comment_status":"closed","ping_status":"closed","template":"","meta":{"footnotes":""},"class_list":["post-9590","page","type-page","status-publish","hentry"],"_links":{"self":[{"href":"https:\/\/alignmentkey.com\/en\/wp-json\/wp\/v2\/pages\/9590","targetHints":{"allow":["GET"]}}],"collection":[{"href":"https:\/\/alignmentkey.com\/en\/wp-json\/wp\/v2\/pages"}],"about":[{"href":"https:\/\/alignmentkey.com\/en\/wp-json\/wp\/v2\/types\/page"}],"author":[{"embeddable":true,"href":"https:\/\/alignmentkey.com\/en\/wp-json\/wp\/v2\/users\/1"}],"replies":[{"embeddable":true,"href":"https:\/\/alignmentkey.com\/en\/wp-json\/wp\/v2\/comments?post=9590"}],"version-history":[{"count":2,"href":"https:\/\/alignmentkey.com\/en\/wp-json\/wp\/v2\/pages\/9590\/revisions"}],"predecessor-version":[{"id":10065,"href":"https:\/\/alignmentkey.com\/en\/wp-json\/wp\/v2\/pages\/9590\/revisions\/10065"}],"wp:attachment":[{"href":"https:\/\/alignmentkey.com\/en\/wp-json\/wp\/v2\/media?parent=9590"}],"curies":[{"name":"wp","href":"https:\/\/api.w.org\/{rel}","templated":true}]}}