{"id":9600,"date":"2024-05-31T19:29:54","date_gmt":"2024-05-31T16:29:54","guid":{"rendered":"https:\/\/humanwordpress.anahtarsensin.com\/?page_id=9600"},"modified":"2024-09-19T15:04:14","modified_gmt":"2024-09-19T12:04:14","slug":"hakkimizda","status":"publish","type":"page","link":"https:\/\/alignmentkey.com\/en\/hakkimizda\/","title":{"rendered":"About Us"},"content":{"rendered":"<div class=\"wpb-content-wrapper\"><div class=\"vc_row wpb_row vc_row-fluid vc_custom_1726747442220 vc_row-has-fill wd-rs-66ec12e25cb7d wd-section-stretch-content-no-pd\"><div class=\"wpb_column vc_column_container vc_col-sm-12 wd-rs-6657b39de683b\"><div class=\"vc_column-inner vc_custom_1717023731172\"><div class=\"wpb_wrapper\">\n\t\t<div id=\"wd-66c833841a2c1\" class=\"title-wrapper wd-wpb set-mb-s reset-last-child  wd-rs-66c833841a2c1 wd-title-color-primary wd-title-style-default text-center  wd-width-enabled wd-underline-colored\" style=\"--wd-max-width: 80%;\">\n\t\t\t\n\t\t\t<div class=\"liner-continer\">\n\t\t\t\t<h1 class=\"woodmart-title-container title  wd-font-weight- wd-fontsize-xxl\" >Feel the power of real experience and expertise\u2014advance on the path to success with us!<\/h1>\n\t\t\t\t\t\t\t<\/div>\n\t\t\t\n\t\t\t\n\t\t\t\n\t\t<\/div>\n\t\t\n\t\t<\/div><\/div><\/div><\/div><div class=\"vc_row wpb_row vc_row-fluid vc_custom_1717028202071 wd-rs-6657c566169a8\"><div class=\"wpb_column vc_column_container vc_col-sm-12 wd-rs-6659f8e6c06b0\"><div class=\"vc_column-inner vc_custom_1717172465450\"><div class=\"wpb_wrapper\">\n\t\t<div id=\"wd-66c835903544d\" class=\"title-wrapper wd-wpb set-mb-s reset-last-child  wd-rs-66c835903544d wd-title-color-primary wd-title-style-default text-center vc_custom_1724396986373 wd-width-enabled wd-underline-colored\" style=\"--wd-max-width: 70%;\">\n\t\t\t\n\t\t\t<div class=\"liner-continer\">\n\t\t\t\t<h2 class=\"woodmart-title-container title  wd-font-weight-500 wd-fontsize-xl\" >Our company consists of experienced experts and coaches who are specialized in their fields and have academic work recognized worldwide.<\/h2>\n\t\t\t\t\t\t\t<\/div>\n\t\t\t\n\t\t\t\n\t\t\t\n\t\t<\/div>\n\t\t\n\t\t<\/div><\/div><\/div><\/div><div class=\"vc_row wpb_row vc_row-fluid\"><div class=\"wpb_column vc_column_container vc_col-sm-6\"><div class=\"vc_column-inner\"><div class=\"wpb_wrapper\">\t\t<div id=\"wd-66c837378f4fd\" class=\"wd-image wd-wpb wd-rs-66c837378f4fd text-center\">\n\t\t\t\n\t\t\t<img fetchpriority=\"high\" decoding=\"async\" width=\"297\" height=\"321\" src=\"https:\/\/alignmentkey.com\/wp-content\/uploads\/2024\/08\/banu_about.png\" class=\"attachment-full size-full\" alt=\"\" srcset=\"https:\/\/alignmentkey.com\/wp-content\/uploads\/2024\/08\/banu_about.png 297w, https:\/\/alignmentkey.com\/wp-content\/uploads\/2024\/08\/banu_about-150x162.png 150w, https:\/\/alignmentkey.com\/wp-content\/uploads\/2024\/08\/banu_about-278x300.png 278w\" sizes=\"(max-width: 297px) 100vw, 297px\" \/>\n\t\t\t\t\t<\/div>\n\t\t<\/div><\/div><\/div><div class=\"wpb_column vc_column_container vc_col-sm-6\"><div class=\"vc_column-inner\"><div class=\"wpb_wrapper\">\t\t<div id=\"wd-66c837cd10691\" class=\"wd-image wd-wpb wd-rs-66c837cd10691 text-center\">\n\t\t\t\n\t\t\t<img decoding=\"async\" width=\"297\" height=\"325\" src=\"https:\/\/alignmentkey.com\/wp-content\/uploads\/2024\/08\/dincer_about.png\" class=\"attachment-full size-full\" alt=\"\" srcset=\"https:\/\/alignmentkey.com\/wp-content\/uploads\/2024\/08\/dincer_about.png 297w, https:\/\/alignmentkey.com\/wp-content\/uploads\/2024\/08\/dincer_about-150x164.png 150w, https:\/\/alignmentkey.com\/wp-content\/uploads\/2024\/08\/dincer_about-274x300.png 274w\" sizes=\"(max-width: 297px) 100vw, 297px\" \/>\n\t\t\t\t\t<\/div>\n\t\t<\/div><\/div><\/div><\/div><div class=\"vc_row wpb_row vc_row-fluid vc_custom_1717174524036 wd-rs-665a00f53cd83\"><div class=\"wpb_column vc_column_container vc_col-sm-6\"><div class=\"vc_column-inner\"><div class=\"wpb_wrapper\">\n\t\t<div id=\"wd-66c839490a63d\" class=\"title-wrapper wd-wpb set-mb-s reset-last-child  wd-rs-66c839490a63d wd-title-color-primary wd-title-style-default text-left vc_custom_1724397905570 wd-underline-colored\">\n\t\t\t\n\t\t\t<div class=\"liner-continer\">\n\t\t\t\t<h4 class=\"woodmart-title-container title  wd-font-weight-800 wd-fontsize-xl\" >Banu Ba\u015faran<\/h4>\n\t\t\t\t\t\t\t<\/div>\n\t\t\t\n\t\t\t\t\t\t\t<div class=\"title-after_title  set-cont-mb-s reset-last-child  wd-fontsize-s\">Co-founder of Alignment Key, which helps businesses and individuals reach their full potential. After over 20 years in the information technology field, she founded Alignment Key. She continues to provide BG5\u2122 Foundation Introduction and Consulting Certification training worldwide for BG5\u2122 Business Institute and also offers coaching in career and business fields, as well as various training programs for companies looking to increase employee engagement.<br \/>\nHer main goal is \"to help people and businesses achieve their true potential.\"<\/div>\n\t\t\t\n\t\t\t\n\t\t<\/div>\n\t\t\n\t\t<\/div><\/div><\/div><div class=\"wpb_column vc_column_container vc_col-sm-6\"><div class=\"vc_column-inner\"><div class=\"wpb_wrapper\">\n\t\t<div id=\"wd-66c8394127117\" class=\"title-wrapper wd-wpb set-mb-s reset-last-child  wd-rs-66c8394127117 wd-title-color-primary wd-title-style-default text-left vc_custom_1724397897368 wd-underline-colored\">\n\t\t\t\n\t\t\t<div class=\"liner-continer\">\n\t\t\t\t<h4 class=\"woodmart-title-container title  wd-font-weight-800 wd-fontsize-xl\" >Din\u00e7er \u00c7etin<\/h4>\n\t\t\t\t\t\t\t<\/div>\n\t\t\t\n\t\t\t\t\t\t\t<div class=\"title-after_title  set-cont-mb-s reset-last-child  wd-fontsize-s\">Co-founder of Alignment Key, supporting individuals on their journey to self-discovery through mental, physical, and spiritual guidance. With over 25 years in the information technology field, he provides yoga and meditation classes and conducts coaching sessions with both internal and external clients. Certified as a \u201cLiving Your Design\u201d Guide by the International Human Design School (IHDS), he introduces you to your design and gives you the foundamental Human Design knowledge with Living Your Design Workshops. He also provide consulting and training services for individuals and organizations by combining BG5 Business Consulting with modern management theories.<\/div>\n\t\t\t\n\t\t\t\n\t\t<\/div>\n\t\t\n\t\t<\/div><\/div><\/div><\/div><div class=\"vc_row wpb_row vc_row-fluid vc_custom_1724398281547 vc_row-has-fill wd-rs-66c83abaad7a1 wd-section-stretch\"><div class=\"wpb_column vc_column_container vc_col-sm-12\"><div class=\"vc_column-inner\"><div class=\"wpb_wrapper\">\t\t<div id=\"gallery_545\" class=\"wd-images-gallery wd-wpb wd-rs-66c839b96ce12\" style=\"--wd-justify-content:center;--wd-align-items:center;\">\n\t\t\t\n\t\t\t<div class=\"wd-grid-f-col wd-masonry\" style=\"--wd-col-lg:3;--wd-col-md:3;--wd-col-sm:1;--wd-gap-lg:0px;\">\n\t\t\t\t\n\t\t\t\t\t\t\t\t\t\t\t\t\t\t\t<div class=\"wd-gallery-item wd-col\">\n\t\t\t\t\t\t\t\n\t\t\t\t\t\t\t\t<img decoding=\"async\" width=\"276\" height=\"213\" src=\"https:\/\/alignmentkey.com\/wp-content\/uploads\/2024\/08\/BG5-Certified-Consultant-Blue-Silver.png\" class=\"wd-gallery-image image-1\" alt=\"\" srcset=\"https:\/\/alignmentkey.com\/wp-content\/uploads\/2024\/08\/BG5-Certified-Consultant-Blue-Silver.png 276w, https:\/\/alignmentkey.com\/wp-content\/uploads\/2024\/08\/BG5-Certified-Consultant-Blue-Silver-150x116.png 150w\" sizes=\"(max-width: 276px) 100vw, 276px\" \/>\n\t\t\t\t\t\t\t\t\t\t\t\t\t\t<\/div>\n\t\t\t\t\t\t\t\t\t\t\t<div class=\"wd-gallery-item wd-col\">\n\t\t\t\t\t\t\t\n\t\t\t\t\t\t\t\t<img loading=\"lazy\" decoding=\"async\" width=\"280\" height=\"213\" src=\"https:\/\/alignmentkey.com\/wp-content\/uploads\/2024\/08\/Certified-Pro-Profit-Potential-Logo-2022-Medium.png\" class=\"wd-gallery-image image-2\" alt=\"\" srcset=\"https:\/\/alignmentkey.com\/wp-content\/uploads\/2024\/08\/Certified-Pro-Profit-Potential-Logo-2022-Medium.png 280w, https:\/\/alignmentkey.com\/wp-content\/uploads\/2024\/08\/Certified-Pro-Profit-Potential-Logo-2022-Medium-150x114.png 150w\" sizes=\"(max-width: 280px) 100vw, 280px\" \/>\n\t\t\t\t\t\t\t\t\t\t\t\t\t\t<\/div>\n\t\t\t\t\t\t\t\t\t\t\t<div class=\"wd-gallery-item wd-col\">\n\t\t\t\t\t\t\t\n\t\t\t\t\t\t\t\t<img loading=\"lazy\" decoding=\"async\" width=\"282\" height=\"213\" src=\"https:\/\/alignmentkey.com\/wp-content\/uploads\/2024\/08\/Certified-Pro-OC16-Logo-Revised-Small.png\" class=\"wd-gallery-image image-3\" alt=\"\" srcset=\"https:\/\/alignmentkey.com\/wp-content\/uploads\/2024\/08\/Certified-Pro-OC16-Logo-Revised-Small.png 282w, https:\/\/alignmentkey.com\/wp-content\/uploads\/2024\/08\/Certified-Pro-OC16-Logo-Revised-Small-150x113.png 150w\" sizes=\"(max-width: 282px) 100vw, 282px\" \/>\n\t\t\t\t\t\t\t\t\t\t\t\t\t\t<\/div>\n\t\t\t\t\t\t\t\t\t\n\t\t\t\t\t\t\t<\/div>\n\n\t\t\t\t\t<\/div>\n\t\t\t\t<div id=\"gallery_718\" class=\"wd-images-gallery wd-wpb wd-rs-66c83a845795c vc_custom_1724398230627\" style=\"--wd-justify-content:center;--wd-align-items:center;\">\n\t\t\t\n\t\t\t<div class=\"wd-grid-f-col wd-masonry\" style=\"--wd-col-lg:3;--wd-col-md:3;--wd-col-sm:1;--wd-gap-lg:0px;\">\n\t\t\t\t\n\t\t\t\t\t\t\t\t\t\t\t\t\t\t\t<div class=\"wd-gallery-item wd-col\">\n\t\t\t\t\t\t\t\n\t\t\t\t\t\t\t\t<img loading=\"lazy\" decoding=\"async\" width=\"274\" height=\"206\" src=\"https:\/\/alignmentkey.com\/wp-content\/uploads\/2024\/08\/cycles1-1.png\" class=\"wd-gallery-image image-1\" alt=\"\" srcset=\"https:\/\/alignmentkey.com\/wp-content\/uploads\/2024\/08\/cycles1-1.png 274w, https:\/\/alignmentkey.com\/wp-content\/uploads\/2024\/08\/cycles1-1-150x113.png 150w\" sizes=\"(max-width: 274px) 100vw, 274px\" \/>\n\t\t\t\t\t\t\t\t\t\t\t\t\t\t<\/div>\n\t\t\t\t\t\t\t\t\t\t\t<div class=\"wd-gallery-item wd-col\">\n\t\t\t\t\t\t\t\n\t\t\t\t\t\t\t\t<img loading=\"lazy\" decoding=\"async\" width=\"274\" height=\"206\" src=\"https:\/\/alignmentkey.com\/wp-content\/uploads\/2024\/08\/Certified-BG5-Career-Biz-Instructor-Logo-2023-Small.png\" class=\"wd-gallery-image image-2\" alt=\"\" srcset=\"https:\/\/alignmentkey.com\/wp-content\/uploads\/2024\/08\/Certified-BG5-Career-Biz-Instructor-Logo-2023-Small.png 274w, https:\/\/alignmentkey.com\/wp-content\/uploads\/2024\/08\/Certified-BG5-Career-Biz-Instructor-Logo-2023-Small-150x113.png 150w\" sizes=\"(max-width: 274px) 100vw, 274px\" \/>\n\t\t\t\t\t\t\t\t\t\t\t\t\t\t<\/div>\n\t\t\t\t\t\t\t\t\t\t\t<div class=\"wd-gallery-item wd-col\">\n\t\t\t\t\t\t\t\n\t\t\t\t\t\t\t\t<img loading=\"lazy\" decoding=\"async\" width=\"254\" height=\"198\" src=\"https:\/\/alignmentkey.com\/wp-content\/uploads\/2024\/08\/IHDS-Certified-1.png\" class=\"wd-gallery-image image-3\" alt=\"\" srcset=\"https:\/\/alignmentkey.com\/wp-content\/uploads\/2024\/08\/IHDS-Certified-1.png 254w, https:\/\/alignmentkey.com\/wp-content\/uploads\/2024\/08\/IHDS-Certified-1-150x117.png 150w\" sizes=\"(max-width: 254px) 100vw, 254px\" \/>\n\t\t\t\t\t\t\t\t\t\t\t\t\t\t<\/div>\n\t\t\t\t\t\t\t\t\t\n\t\t\t\t\t\t\t<\/div>\n\n\t\t\t\t\t<\/div>\n\t\t<\/div><\/div><\/div><\/div>\n<\/div>","protected":false},"excerpt":{"rendered":"Ger\u00e7ek deneyim ve uzmanl\u0131\u011f\u0131n g\u00fcc\u00fcn\u00fc hissedin, ba\u015far\u0131ya giden yolda bizimle ilerleyin! \u015eirketimiz, d\u00fcnya \u00e7ap\u0131nda akademik \u00e7al\u0131\u015fmalar\u0131 olan, alan\u0131nda uzmanla\u015fm\u0131\u015f deneyimli","protected":false},"author":1,"featured_media":0,"parent":0,"menu_order":0,"comment_status":"closed","ping_status":"closed","template":"","meta":{"footnotes":""},"class_list":["post-9600","page","type-page","status-publish","hentry"],"_links":{"self":[{"href":"https:\/\/alignmentkey.com\/en\/wp-json\/wp\/v2\/pages\/9600","targetHints":{"allow":["GET"]}}],"collection":[{"href":"https:\/\/alignmentkey.com\/en\/wp-json\/wp\/v2\/pages"}],"about":[{"href":"https:\/\/alignmentkey.com\/en\/wp-json\/wp\/v2\/types\/page"}],"author":[{"embeddable":true,"href":"https:\/\/alignmentkey.com\/en\/wp-json\/wp\/v2\/users\/1"}],"replies":[{"embeddable":true,"href":"https:\/\/alignmentkey.com\/en\/wp-json\/wp\/v2\/comments?post=9600"}],"version-history":[{"count":40,"href":"https:\/\/alignmentkey.com\/en\/wp-json\/wp\/v2\/pages\/9600\/revisions"}],"predecessor-version":[{"id":10689,"href":"https:\/\/alignmentkey.com\/en\/wp-json\/wp\/v2\/pages\/9600\/revisions\/10689"}],"wp:attachment":[{"href":"https:\/\/alignmentkey.com\/en\/wp-json\/wp\/v2\/media?parent=9600"}],"curies":[{"name":"wp","href":"https:\/\/api.w.org\/{rel}","templated":true}]}}