{"id":9629,"date":"2024-05-31T20:14:36","date_gmt":"2024-05-31T17:14:36","guid":{"rendered":"https:\/\/humanwordpress.anahtarsensin.com\/?page_id=9629"},"modified":"2024-10-31T19:25:10","modified_gmt":"2024-10-31T16:25:10","slug":"profesyonel-cozumler-boostpathkey","status":"publish","type":"page","link":"https:\/\/alignmentkey.com\/en\/profesyonel-cozumler-boostpathkey\/","title":{"rendered":"Profesyonel \u00c7\u00f6z\u00fcmler &#8211; BoostPathKey"},"content":{"rendered":"<div class=\"wpb-content-wrapper\"><div class=\"vc_row wpb_row vc_row-fluid vc_custom_1726749618219 vc_row-has-fill wd-rs-66ec1b94d5417 wd-section-stretch-content-no-pd\"><div class=\"wpb_column vc_column_container vc_col-sm-12 wd-rs-66bdf450cecb4\"><div class=\"vc_column-inner vc_custom_1723724895940\"><div class=\"wpb_wrapper\">\n\t\t<div id=\"wd-66ec1bbe900b3\" class=\"title-wrapper wd-wpb set-mb-s reset-last-child  wd-rs-66ec1bbe900b3 wd-title-color-primary wd-title-style-default text-left vc_custom_1726749643978 wd-width-enabled wd-underline-colored\" style=\"--wd-max-width: 40%;\">\n\t\t\t\n\t\t\t<div class=\"liner-continer\">\n\t\t\t\t<h1 class=\"woodmart-title-container title  wd-font-weight- wd-fontsize-xxl\" >A next-generation leadership solution built on the foundations of emotional intelligence, coaching, and awareness.<\/h1>\n\t\t\t\t\t\t\t<\/div>\n\t\t\t\n\t\t\t\n\t\t\t\n\t\t<\/div>\n\t\t\n\t\t<\/div><\/div><\/div><\/div><div class=\"vc_row wpb_row vc_row-fluid vc_custom_1717175734505 wd-rs-665a05b14e3a4\"><div class=\"wpb_column vc_column_container vc_col-sm-12 wd-rs-665a013b38c11\"><div class=\"vc_column-inner vc_custom_1717174594514\"><div class=\"wpb_wrapper\">\n\t\t<div id=\"wd-66bdf46c5e067\" class=\"title-wrapper wd-wpb set-mb-s reset-last-child  wd-rs-66bdf46c5e067 wd-title-color-primary wd-title-style-default text-center  wd-underline-colored\">\n\t\t\t\n\t\t\t<div class=\"liner-continer\">\n\t\t\t\t<h2 class=\"woodmart-title-container title  wd-font-weight-800 wd-fontsize-xxxl\" >New Generation Leadership<\/h2>\n\t\t\t\t\t\t\t<\/div>\n\t\t\t\n\t\t\t\n\t\t\t\n\t\t<\/div>\n\t\t\n\t\t\t\t<div id=\"wd-66bdf47aae0fc\" class=\"wd-text-block wd-wpb reset-last-child wd-rs-66bdf47aae0fc text-left\">\n\t\t\t<p>Next-generation leadership represents an approach that adapts to the evolving dynamics of the business world. This approach relies on empathy and communication skills, with leaders playing a crucial role in understanding and responding to the emotional and professional needs of employees. Flexibility and the ability to quickly adapt to change are critical for next-generation leaders, providing organizations with a competitive edge in dynamic business environments.\nNext-generation leadership focuses on continuous learning and development, with leaders consistently adapting themselves and their teams to innovations and new technologies. It also embraces a multi-competency approach and employee engagement, valuing diverse perspectives and encouraging teamwork. Lastly, social and environmental sustainability, as well as digital competency and technology usage, are core features of next-generation leadership.<\/p>\n\t\t<\/div>\n\t\t<\/div><\/div><\/div><\/div><div class=\"vc_row wpb_row vc_row-fluid vc_custom_1717175715943 vc_row-has-fill vc_row-o-content-middle vc_row-flex wd-rs-665a05970b58d wd-section-stretch\"><div class=\"wpb_column vc_column_container vc_col-sm-6 wd-rs-665a013b38c11\"><div class=\"vc_column-inner vc_custom_1717174594514\"><div class=\"wpb_wrapper\">\t\t<div id=\"wd-66c4a7e5a2e5b\" class=\"wd-text-block wd-wpb reset-last-child wd-rs-66c4a7e5a2e5b text-left color-scheme-light\">\n\t\t\t<h1><strong>People-Oriented Company Culture<\/strong><\/h1>\n<div><\/div>\n<p>The foundations of this culture are flexibility, feeling valued, mutual trust, commitment, opportunities for self-development, Increased investments in employee mental health and well being.<\/p>\n\t\t<\/div>\n\t\t<\/div><\/div><\/div><div class=\"wpb_column vc_column_container vc_col-sm-6\"><div class=\"vc_column-inner\"><div class=\"wpb_wrapper\">\t\t<div id=\"wd-66c4a7ca69aeb\" class=\"wd-image wd-wpb wd-rs-66c4a7ca69aeb text-center\">\n\t\t\t\n\t\t\t<img fetchpriority=\"high\" decoding=\"async\" width=\"401\" height=\"550\" src=\"https:\/\/alignmentkey.com\/wp-content\/uploads\/2024\/08\/view-dramatic-chess-pieces-with-man-1.png\" class=\"attachment-full size-full\" alt=\"\" srcset=\"https:\/\/alignmentkey.com\/wp-content\/uploads\/2024\/08\/view-dramatic-chess-pieces-with-man-1.png 401w, https:\/\/alignmentkey.com\/wp-content\/uploads\/2024\/08\/view-dramatic-chess-pieces-with-man-1-150x206.png 150w, https:\/\/alignmentkey.com\/wp-content\/uploads\/2024\/08\/view-dramatic-chess-pieces-with-man-1-219x300.png 219w\" sizes=\"(max-width: 401px) 100vw, 401px\" \/>\n\t\t\t\t\t<\/div>\n\t\t<\/div><\/div><\/div><\/div><div class=\"vc_row wpb_row vc_row-fluid vc_custom_1724164459455 wd-rs-66c4a95040dad\"><div class=\"wpb_column vc_column_container vc_col-sm-12 wd-rs-66c4a9391dfba\"><div class=\"vc_column-inner vc_custom_1724164427987\"><div class=\"wpb_wrapper\">\n\t\t<div id=\"wd-66c4a980e559e\" class=\"title-wrapper wd-wpb set-mb-s reset-last-child  wd-rs-66c4a980e559e wd-title-color-primary wd-title-style-default text-center  wd-underline-colored\">\n\t\t\t\n\t\t\t<div class=\"liner-continer\">\n\t\t\t\t<h2 class=\"woodmart-title-container title  wd-font-weight-700 wd-fontsize-xxl\" >A next-generation leadership solution aimed at sustainably managing organizations' long-term success.<\/h2>\n\t\t\t\t\t\t\t<\/div>\n\t\t\t\n\t\t\t\n\t\t\t\n\t\t<\/div>\n\t\t\n\t\t\t\t<div id=\"wd-66c4a9059f48b\" class=\"wd-text-block wd-wpb reset-last-child wd-rs-66c4a9059f48b text-left\">\n\t\t\t<p>Companies have started to transform their cultures to ensure that employees are valued not just as workers but as individuals. Employers and employees are establishing new, more dynamic relationships based on trust and empathy. This marks the first steps towards creating a new work framework centered around people.<\/p>\n\t\t<\/div>\n\t\t<\/div><\/div><\/div><\/div><div class=\"vc_row wpb_row vc_row-fluid vc_custom_1728545819194 vc_row-has-fill vc_row-o-full-height vc_row-o-columns-middle vc_row-o-equal-height vc_row-o-content-middle vc_row-flex row-reverse-mobile wd-rs-6707841584469 wd-section-stretch-content\"><div class=\"wpb_column vc_column_container vc_col-sm-12 vc_col-lg-4 vc_col-md-4 vc_col-has-fill wd-enabled-flex wd-rs-665a259473d25\"><div class=\"vc_column-inner vc_custom_1717183902762\"><div class=\"wpb_wrapper\">\t\t<div id=\"wd-66bdf6b0ac17a\" class=\"wd-text-block wd-wpb reset-last-child wd-rs-66bdf6b0ac17a text-left vc_custom_1723725523639\">\n\t\t\t<p>\"Leadership is not about telling people where to go; it\u2019s about convincing them where they want to go.\"<\/p>\n<p>Steve Jobs<\/p>\n\t\t<\/div>\n\t\t<\/div><\/div><\/div><div class=\"wpb_column yazialtinaal vc_column_container vc_col-sm-12 vc_col-lg-5 vc_col-md-5 wd-z-index wd-rs-6657afa5ab83f\"><div class=\"vc_column-inner\"><div class=\"wpb_wrapper\"><\/div><\/div><\/div><\/div>\n<\/div>","protected":false},"excerpt":{"rendered":"Duygusal Zek\u00e2, Ko\u00e7luk ve Fark\u0131ndal\u0131k temelleri \u00fczerine in\u015fa edilen yeni nesil liderlik \u00e7\u00f6z\u00fcm\u00fc. Yeni Nesil Liderlik Yeni nesil liderlik de\u011fi\u015fen","protected":false},"author":1,"featured_media":0,"parent":0,"menu_order":0,"comment_status":"closed","ping_status":"closed","template":"","meta":{"footnotes":""},"class_list":["post-9629","page","type-page","status-publish","hentry"],"_links":{"self":[{"href":"https:\/\/alignmentkey.com\/en\/wp-json\/wp\/v2\/pages\/9629","targetHints":{"allow":["GET"]}}],"collection":[{"href":"https:\/\/alignmentkey.com\/en\/wp-json\/wp\/v2\/pages"}],"about":[{"href":"https:\/\/alignmentkey.com\/en\/wp-json\/wp\/v2\/types\/page"}],"author":[{"embeddable":true,"href":"https:\/\/alignmentkey.com\/en\/wp-json\/wp\/v2\/users\/1"}],"replies":[{"embeddable":true,"href":"https:\/\/alignmentkey.com\/en\/wp-json\/wp\/v2\/comments?post=9629"}],"version-history":[{"count":16,"href":"https:\/\/alignmentkey.com\/en\/wp-json\/wp\/v2\/pages\/9629\/revisions"}],"predecessor-version":[{"id":11043,"href":"https:\/\/alignmentkey.com\/en\/wp-json\/wp\/v2\/pages\/9629\/revisions\/11043"}],"wp:attachment":[{"href":"https:\/\/alignmentkey.com\/en\/wp-json\/wp\/v2\/media?parent=9629"}],"curies":[{"name":"wp","href":"https:\/\/api.w.org\/{rel}","templated":true}]}}