{"id":9643,"date":"2024-05-31T20:19:10","date_gmt":"2024-05-31T17:19:10","guid":{"rendered":"https:\/\/humanwordpress.anahtarsensin.com\/?page_id=9643"},"modified":"2024-09-27T10:35:04","modified_gmt":"2024-09-27T07:35:04","slug":"profesyonel-cozumler-liderlik-kariyer-koclugu","status":"publish","type":"page","link":"https:\/\/alignmentkey.com\/en\/profesyonel-cozumler-liderlik-kariyer-koclugu\/","title":{"rendered":"Profesyonel \u00c7\u00f6z\u00fcmler &#8211; Liderlik &#8211; Kariyer Ko\u00e7lu\u011fu"},"content":{"rendered":"<div class=\"wpb-content-wrapper\"><div class=\"vc_row wpb_row vc_row-fluid vc_custom_1723730223347 vc_row-has-fill wd-rs-66be0906113dc wd-section-stretch-content-no-pd\"><div class=\"wpb_column vc_column_container vc_col-sm-12 wd-rs-6657b39de683b\"><div class=\"vc_column-inner vc_custom_1717023731172\"><div class=\"wpb_wrapper\">\n\t\t<div id=\"wd-66be09b0c3db9\" class=\"title-wrapper wd-wpb set-mb-s reset-last-child  wd-rs-66be09b0c3db9 wd-title-color-primary wd-title-style-default text-center  wd-underline-colored\">\n\t\t\t\t\t\t\t<div class=\"title-subtitle  subtitle-color-primary font-default subtitle-style-default wd-font-weight- wd-fontsize-xs\">A customized program offering guidance for<\/div>\n\t\t\t\n\t\t\t<div class=\"liner-continer\">\n\t\t\t\t<h1 class=\"woodmart-title-container title  wd-font-weight- wd-fontsize-xxl\" >enhanced leadership.<\/h1>\n\t\t\t\t\t\t\t<\/div>\n\t\t\t\n\t\t\t\n\t\t\t\n\t\t<\/div>\n\t\t\n\t\t<\/div><\/div><\/div><\/div><div class=\"vc_row wpb_row vc_row-fluid vc_custom_1717175734505 wd-rs-665a05b14e3a4\"><div class=\"wpb_column vc_column_container vc_col-sm-12 wd-rs-665a013b38c11\"><div class=\"vc_column-inner vc_custom_1717174594514\"><div class=\"wpb_wrapper\">\n\t\t<div id=\"wd-66e985d860617\" class=\"title-wrapper wd-wpb set-mb-s reset-last-child  wd-rs-66e985d860617 wd-title-color-primary wd-title-style-default text-center  wd-title-empty wd-underline-colored\">\n\t\t\t\t\t\t\t<div class=\"title-subtitle  subtitle-color-primary font-default subtitle-style-background wd-font-weight-700 wd-fontsize-m\">Executive Coaching<\/div>\n\t\t\t\n\t\t\t<div class=\"liner-continer\">\n\t\t\t\t<h2 class=\"woodmart-title-container title  wd-font-weight-800 wd-fontsize-xxxl\" ><\/h2>\n\t\t\t\t\t\t\t<\/div>\n\t\t\t\n\t\t\t\n\t\t\t\n\t\t<\/div>\n\t\t\n\t\t\t\t<div id=\"wd-66e985ed650ae\" class=\"wd-text-block wd-wpb reset-last-child wd-rs-66e985ed650ae text-left\">\n\t\t\t<p><span style=\"color: #2b2b2b;\"><span style=\"background-color: yellow;\">Executive Coaching<\/span> program\u0131z, y\u00f6neticilere veya liderlere profesyonel destek sa\u011flayan bir dan\u0131\u015fmanl\u0131k ve geli\u015fim s\u00fcrecini kapsar. Bu s\u00fcre\u00e7te, ko\u00e7lar\u0131m\u0131z, y\u00f6neticiye hedef belirleme, ki\u015fisel ve profesyonel geli\u015fim, performans iyile\u015ftirme, liderlik becerilerini g\u00fc\u00e7lendirme gibi konularda rehberlik ederken, y\u00f6neticilerin potansiyellerini maksimize etmelerine, zorluklar\u0131 a\u015fmalar\u0131na ve daha etkili bir \u015fekilde liderlik yapmalar\u0131na yard\u0131mc\u0131 olmay\u0131 hedefler.<\/span><\/p>\n\t\t<\/div>\n\t\t<\/div><\/div><\/div><\/div><div class=\"vc_row wpb_row vc_row-fluid vc_custom_1717182178438 vc_row-has-fill vc_row-o-content-middle vc_row-flex wd-rs-665a1ed4d771f wd-section-stretch\"><div class=\"wpb_column vc_column_container vc_col-sm-6\"><div class=\"vc_column-inner\"><div class=\"wpb_wrapper\">\t\t<div id=\"wd-66be08beaa47d\" class=\"wd-image wd-wpb wd-rs-66be08beaa47d text-center\">\n\t\t\t\n\t\t\t<img fetchpriority=\"high\" decoding=\"async\" width=\"550\" height=\"410\" src=\"https:\/\/alignmentkey.com\/wp-content\/uploads\/2024\/08\/prof-lider-kocluk-banner2.png\" class=\"attachment-full size-full\" alt=\"\" srcset=\"https:\/\/alignmentkey.com\/wp-content\/uploads\/2024\/08\/prof-lider-kocluk-banner2.png 550w, https:\/\/alignmentkey.com\/wp-content\/uploads\/2024\/08\/prof-lider-kocluk-banner2-430x321.png 430w, https:\/\/alignmentkey.com\/wp-content\/uploads\/2024\/08\/prof-lider-kocluk-banner2-150x112.png 150w, https:\/\/alignmentkey.com\/wp-content\/uploads\/2024\/08\/prof-lider-kocluk-banner2-400x298.png 400w\" sizes=\"(max-width: 550px) 100vw, 550px\" \/>\n\t\t\t\t\t<\/div>\n\t\t<\/div><\/div><\/div><div class=\"wpb_column vc_column_container vc_col-sm-6 wd-rs-665a013b38c11\"><div class=\"vc_column-inner vc_custom_1717174594514\"><div class=\"wpb_wrapper\">\n\t\t<div id=\"wd-66be08b2e46e5\" class=\"title-wrapper wd-wpb set-mb-s reset-last-child  wd-rs-66be08b2e46e5 wd-title-color-primary wd-title-style-default text-left  wd-underline-colored\">\n\t\t\t\n\t\t\t<div class=\"liner-continer\">\n\t\t\t\t<h3 class=\"woodmart-title-container title  wd-font-weight-800 wd-fontsize-xxxl\" >A More Effective and Motivating Leadership Approach Within the Organization<\/h3>\n\t\t\t\t\t\t\t<\/div>\n\t\t\t\n\t\t\t\n\t\t\t\n\t\t<\/div>\n\t\t\n\t\t\t\t<div id=\"wd-66be0888d0442\" class=\"wd-text-block wd-wpb reset-last-child wd-rs-66be0888d0442 text-left\">\n\t\t\t<ul>\n<li>Personal Development and Awareness<\/li>\n<li>Development of Leadership Skills<\/li>\n<li>Performance Improvement<\/li>\n<li>Strategic Management and Decision-Making<\/li>\n<li>Work-Life Balance<\/li>\n<\/ul>\n\t\t<\/div>\n\t\t<\/div><\/div><\/div><\/div><div class=\"vc_row wpb_row vc_row-fluid vc_custom_1717183622388 wd-rs-665a247ccc160\"><div class=\"wpb_column vc_column_container vc_col-sm-12 wd-rs-665a013b38c11\"><div class=\"vc_column-inner vc_custom_1717174594514\"><div class=\"wpb_wrapper\">\n\t\t<div id=\"wd-66be09d861595\" class=\"title-wrapper wd-wpb set-mb-s reset-last-child  wd-rs-66be09d861595 wd-title-color-alt wd-title-style-default text-center\">\n\t\t\t\n\t\t\t<div class=\"liner-continer\">\n\t\t\t\t<h4 class=\"woodmart-title-container title  wd-font-weight-800 wd-fontsize-xxxl translation-block\" >Coaching provides managers with the opportunity<br>\nto better understand their own strengths<br>\nand weaknesses.<\/h4>\n\t\t\t\t\t\t\t<\/div>\n\t\t\t\n\t\t\t\n\t\t\t\n\t\t<\/div>\n\t\t\n\t\t\t\t<div id=\"wd-66be09e675ad4\" class=\"wd-text-block wd-wpb reset-last-child wd-rs-66be09e675ad4 text-left vc_custom_1723730410388\">\n\t\t\t<p>This enables managers to better manage and develop themselves. The program helps managers strengthen their leadership skills and learn effective leadership strategies. Coaching supports managers in strategic management and decision-making processes, allowing them to act in a more conscious and focused manner.<\/p>\n\t\t<\/div>\n\t\t<\/div><\/div><\/div><\/div><div class=\"vc_row wpb_row vc_row-fluid vc_custom_1723730507277 vc_row-has-fill vc_row-o-full-height vc_row-o-columns-middle vc_row-o-equal-height vc_row-o-content-middle vc_row-flex row-reverse-mobile wd-rs-66be0a15798df wd-section-stretch-content\"><div class=\"wpb_column vc_column_container vc_col-sm-12 vc_col-lg-4 vc_col-md-4 vc_col-has-fill wd-enabled-flex wd-rs-665a259473d25\"><div class=\"vc_column-inner vc_custom_1717183902762\"><div class=\"wpb_wrapper\">\t\t<div id=\"wd-66be09f8ac64d\" class=\"wd-text-block wd-wpb reset-last-child wd-rs-66be09f8ac64d text-left vc_custom_1723730430314\">\n\t\t\t<p>Coaching helps managers assess their performance and identify their strentghts. This, in turn, enhances their potential for more efficient work and achieving better results.<\/p>\n\t\t<\/div>\n\t\t<\/div><\/div><\/div><div class=\"wpb_column yazialtinaal vc_column_container vc_col-sm-12 vc_col-lg-5 vc_col-md-5 wd-z-index wd-rs-6657afa5ab83f\"><div class=\"vc_column-inner\"><div class=\"wpb_wrapper\"><\/div><\/div><\/div><\/div>\n<\/div>","protected":false},"excerpt":{"rendered":"Liderlikte ileri ad\u0131mlar i\u00e7in rehberlik sunan \u00f6zele\u015ftirilmi\u015f program. Y\u00f6netici Ko\u00e7lu\u011fu Y\u00f6netici ko\u00e7lu\u011fu program\u0131z, y\u00f6neticilere veya liderlere profesyonel destek sa\u011flayan bir","protected":false},"author":1,"featured_media":0,"parent":0,"menu_order":0,"comment_status":"closed","ping_status":"closed","template":"","meta":{"footnotes":""},"class_list":["post-9643","page","type-page","status-publish","hentry"],"_links":{"self":[{"href":"https:\/\/alignmentkey.com\/en\/wp-json\/wp\/v2\/pages\/9643","targetHints":{"allow":["GET"]}}],"collection":[{"href":"https:\/\/alignmentkey.com\/en\/wp-json\/wp\/v2\/pages"}],"about":[{"href":"https:\/\/alignmentkey.com\/en\/wp-json\/wp\/v2\/types\/page"}],"author":[{"embeddable":true,"href":"https:\/\/alignmentkey.com\/en\/wp-json\/wp\/v2\/users\/1"}],"replies":[{"embeddable":true,"href":"https:\/\/alignmentkey.com\/en\/wp-json\/wp\/v2\/comments?post=9643"}],"version-history":[{"count":14,"href":"https:\/\/alignmentkey.com\/en\/wp-json\/wp\/v2\/pages\/9643\/revisions"}],"predecessor-version":[{"id":10756,"href":"https:\/\/alignmentkey.com\/en\/wp-json\/wp\/v2\/pages\/9643\/revisions\/10756"}],"wp:attachment":[{"href":"https:\/\/alignmentkey.com\/en\/wp-json\/wp\/v2\/media?parent=9643"}],"curies":[{"name":"wp","href":"https:\/\/api.w.org\/{rel}","templated":true}]}}