{"id":9645,"date":"2024-05-31T20:39:05","date_gmt":"2024-05-31T17:39:05","guid":{"rendered":"https:\/\/humanwordpress.anahtarsensin.com\/?page_id=9645"},"modified":"2024-09-26T11:53:17","modified_gmt":"2024-09-26T08:53:17","slug":"profesyonel-cozumler-smbkey","status":"publish","type":"page","link":"https:\/\/alignmentkey.com\/en\/profesyonel-cozumler-smbkey\/","title":{"rendered":"Profesyonel \u00c7\u00f6z\u00fcmler &#8211; SMBKEY"},"content":{"rendered":"<div class=\"wpb-content-wrapper\"><div class=\"vc_row wpb_row vc_row-fluid vc_custom_1723728545940 vc_row-has-fill wd-rs-66be0295c551b wd-section-stretch\"><div class=\"wpb_column vc_column_container vc_col-sm-12 wd-rs-6657b39de683b\"><div class=\"vc_column-inner vc_custom_1717023731172\"><div class=\"wpb_wrapper\">\n\t\t<div id=\"wd-66bdfd6549fe9\" class=\"title-wrapper wd-wpb set-mb-s reset-last-child  wd-rs-66bdfd6549fe9 wd-title-color-primary wd-title-style-default text-left  wd-underline-colored\">\n\t\t\t\n\t\t\t<div class=\"liner-continer\">\n\t\t\t\t<h1 class=\"woodmart-title-container title  wd-font-weight- wd-fontsize-xxl\" >Team consultancy tailored for small and medium businesses!<\/h1>\n\t\t\t\t\t\t\t<\/div>\n\t\t\t\n\t\t\t\t\t\t\t<div class=\"title-after_title  set-cont-mb-s reset-last-child  wd-fontsize-s\">Uncover potential, enhance cohesion, and pave the way to success.<\/div>\n\t\t\t\n\t\t\t\n\t\t<\/div>\n\t\t\n\t\t<\/div><\/div><\/div><\/div><div class=\"vc_row wpb_row vc_row-fluid vc_custom_1717175734505 wd-rs-665a05b14e3a4\"><div class=\"wpb_column vc_column_container vc_col-sm-12 wd-rs-665a013b38c11\"><div class=\"vc_column-inner vc_custom_1717174594514\"><div class=\"wpb_wrapper\">\n\t\t<div id=\"wd-66bdff70dfc62\" class=\"title-wrapper wd-wpb set-mb-s reset-last-child  wd-rs-66bdff70dfc62 wd-title-color-primary wd-title-style-default text-center  wd-underline-colored\">\n\t\t\t\n\t\t\t<div class=\"liner-continer\">\n\t\t\t\t<h2 class=\"woodmart-title-container title  wd-font-weight-800 wd-fontsize-xxxl\" >SMBKey<br \/>\nProvides Effective Suggestions to Transform Your Business<\/h2>\n\t\t\t\t\t\t\t<\/div>\n\t\t\t\n\t\t\t\n\t\t\t\n\t\t<\/div>\n\t\t\n\t\t\t\t<div id=\"wd-66bdff80dd78d\" class=\"wd-text-block wd-wpb reset-last-child wd-rs-66bdff80dd78d text-left\">\n\t\t\t<p>SMBKey consultancy provides practical and effective suggestions to transform your business and make a profit by determining group dynamics, potential development areas and areas where problems may occur, with evaluation surveys to be answered by employees and managers. It is ideal for small and medium-sized companies that want to learn in detail the factors that make your team successful, potential problems and how you can solve these problems.<\/p>\n\t\t<\/div>\n\t\t<\/div><\/div><\/div><\/div><div class=\"vc_row wpb_row vc_row-fluid vc_custom_1717178037695 vc_row-o-content-middle vc_row-flex wd-row-gradient-enable wd-rs-665a0ea2e4938 wd-section-stretch\"><div class=\"woodmart-row-gradient wd-fill\" style=\"background-image:-webkit-linear-gradient(left , rgba(0, 11, 79, 0.75) , rgb(0, 11, 79) 100%);background-image:linear-gradient(to right , rgba(0, 11, 79, 0.75) , rgb(0, 11, 79) 100%);\"><\/div><div class=\"wpb_column vc_column_container vc_col-sm-6 wd-rs-665a013b38c11\"><div class=\"vc_column-inner vc_custom_1717174594514\"><div class=\"wpb_wrapper\">\t\t<div id=\"wd-66be0275d39bd\" class=\"wd-image wd-wpb wd-rs-66be0275d39bd text-center\">\n\t\t\t\n\t\t\t<img fetchpriority=\"high\" decoding=\"async\" width=\"450\" height=\"600\" src=\"https:\/\/alignmentkey.com\/wp-content\/uploads\/2024\/08\/prof-smbkey-banner1.png\" class=\"attachment-full size-full\" alt=\"\" srcset=\"https:\/\/alignmentkey.com\/wp-content\/uploads\/2024\/08\/prof-smbkey-banner1.png 450w, https:\/\/alignmentkey.com\/wp-content\/uploads\/2024\/08\/prof-smbkey-banner1-430x573.png 430w, https:\/\/alignmentkey.com\/wp-content\/uploads\/2024\/08\/prof-smbkey-banner1-150x200.png 150w, https:\/\/alignmentkey.com\/wp-content\/uploads\/2024\/08\/prof-smbkey-banner1-225x300.png 225w\" sizes=\"(max-width: 450px) 100vw, 450px\" \/>\n\t\t\t\t\t<\/div>\n\t\t<\/div><\/div><\/div><div class=\"wpb_column vc_column_container vc_col-sm-6 wd-rs-665a0be8016d3\"><div class=\"vc_column-inner\"><div class=\"wpb_wrapper\">\t\t<div id=\"wd-66be02b20c57d\" class=\"wd-text-block wd-wpb reset-last-child wd-rs-66be02b20c57d text-left color-scheme-light\">\n\t\t\t<p><strong>A healthy business culture supports employee commitment and long-term success.<\/strong><\/p>\n<p>Open and effective communication channels within the company ensure that issues are resolved quickly. Additionally, providing employees with continuous development opportunities enhances their motivation and job satisfaction. An innovative and flexible work environment also enables quick adaptation to changing market conditions.<\/p>\n\t\t<\/div>\n\t\t<\/div><\/div><\/div><\/div><div class=\"vc_row wpb_row vc_row-fluid vc_custom_1717175676191 wd-rs-665a056e134e6\"><div class=\"wpb_column vc_column_container vc_col-sm-12 wd-rs-665a013b38c11\"><div class=\"vc_column-inner vc_custom_1717174594514\"><div class=\"wpb_wrapper\">\n\t\t<div id=\"wd-66be02dc77835\" class=\"title-wrapper wd-wpb set-mb-s reset-last-child  wd-rs-66be02dc77835 wd-title-color-primary wd-title-style-default text-center  wd-underline-colored\">\n\t\t\t\n\t\t\t<div class=\"liner-continer\">\n\t\t\t\t<h2 class=\"woodmart-title-container title  wd-font-weight-800 wd-fontsize-xxxl\" >SMBKey<br \/>\nProvides Effective Suggestions to Transform Your Business<\/h2>\n\t\t\t\t\t\t\t<\/div>\n\t\t\t\n\t\t\t\n\t\t\t\n\t\t<\/div>\n\t\t\n\t\t\t\t<div id=\"wd-66be02e8e923d\" class=\"wd-text-block wd-wpb reset-last-child wd-rs-66be02e8e923d text-left vc_custom_1723728620776\">\n\t\t\t<p>SMBKey consultancy provides practical and effective suggestions to transform your business and make a profit by determining group dynamics, potential development areas and areas where problems may occur, with evaluation surveys to be answered by employees and managers. It is ideal for small and medium-sized companies that want to learn in detail the factors that make your team successful, potential problems and how you can solve these problems.<\/p>\n\t\t<\/div>\n\t\t<\/div><\/div><\/div><\/div><div class=\"vc_row wpb_row vc_row-fluid vc_custom_1717178091060 vc_row-o-content-middle vc_row-flex wd-rs-665a0ee5c5edc wd-section-stretch\"><div class=\"wpb_column vc_column_container vc_col-sm-6 wd-rs-665a013b38c11\"><div class=\"vc_column-inner vc_custom_1717174594514\"><div class=\"wpb_wrapper\">\t\t<div id=\"wd-66f520da53819\" class=\"wd-image wd-wpb wd-rs-66f520da53819 text-center\">\n\t\t\t\n\t\t\t<img decoding=\"async\"  src=\"https:\/\/alignmentkey.com\/wp-content\/uploads\/2024\/09\/Layer-6.svg\" title=\"Layer 6\" width=\"3000\" height=\"3000\">\n\t\t\t\t\t<\/div>\n\t\t<\/div><\/div><\/div><div class=\"wpb_column vc_column_container vc_col-sm-6 wd-rs-665a0be8016d3\"><div class=\"vc_column-inner\"><div class=\"wpb_wrapper\"><div class=\"vc_row wpb_row vc_inner vc_row-fluid\"><div class=\"wpb_column vc_column_container vc_col-sm-6\"><div class=\"vc_column-inner\"><div class=\"wpb_wrapper\">\t\t\t<div class=\"info-box-wrapper\">\n\t\t\t\t<div id=\"wd-66c595f28aff7\" class=\"wd-rs-66c595f28aff7 wd-info-box wd-wpb text-center box-icon-align-top box-style- color-scheme- wd-bg-none vc_custom_1724225044081\">\n\t\t\t\t\t\t\t\t\t\t\t<div class=\"box-icon-wrapper  box-with-icon box-icon-simple\">\n\t\t\t\t\t\t\t<div class=\"info-box-icon\">\n\n\t\t\t\t\t\t\t\n\t\t\t\t\t\t\t\t\t\t\t\t\t\t\t\t\t<img decoding=\"async\" width=\"80\" height=\"80\" src=\"https:\/\/alignmentkey.com\/wp-content\/uploads\/2024\/08\/prof-smb-icon1.png\" class=\"attachment-80px size-80px\" alt=\"\" \/>\t\t\t\t\t\t\t\t\t\t\t\t\t\t\t\n\t\t\t\t\t\t\t<\/div>\n\t\t\t\t\t\t<\/div>\n\t\t\t\t\t\t\t\t\t\t<div class=\"info-box-content\">\n\t\t\t\t\t\t<h4 class=\"info-box-title title box-title-style-default wd-fontsize-m\">How the 12 Business Skills Work<\/h4>\t\t\t\t\t\t<div class=\"info-box-inner set-cont-mb-s reset-last-child\"><\/div>\n\n\t\t\t\t\t\t\t\t\t\t\t<\/div>\n\n\t\t\t\t\t\n\t\t\t\t\t<style><\/style>\t\t\t\t<\/div>\n\t\t\t<\/div>\n\t\t<\/div><\/div><\/div><div class=\"wpb_column vc_column_container vc_col-sm-6\"><div class=\"vc_column-inner\"><div class=\"wpb_wrapper\">\t\t\t<div class=\"info-box-wrapper\">\n\t\t\t\t<div id=\"wd-66c5955f31cfa\" class=\"wd-rs-66c5955f31cfa wd-info-box wd-wpb text-center box-icon-align-top box-style- color-scheme- wd-bg-none vc_custom_1724224925883\">\n\t\t\t\t\t\t\t\t\t\t\t<div class=\"box-icon-wrapper  box-with-icon box-icon-simple\">\n\t\t\t\t\t\t\t<div class=\"info-box-icon\">\n\n\t\t\t\t\t\t\t\n\t\t\t\t\t\t\t\t\t\t\t\t\t\t\t\t\t<img loading=\"lazy\" decoding=\"async\" width=\"69\" height=\"68\" src=\"https:\/\/alignmentkey.com\/wp-content\/uploads\/2024\/08\/prof-smb-icon2.png\" class=\"attachment-80px size-80px\" alt=\"\" \/>\t\t\t\t\t\t\t\t\t\t\t\t\t\t\t\n\t\t\t\t\t\t\t<\/div>\n\t\t\t\t\t\t<\/div>\n\t\t\t\t\t\t\t\t\t\t<div class=\"info-box-content\">\n\t\t\t\t\t\t<h4 class=\"info-box-title title box-title-style-default wd-fontsize-m\">Identifying problem areas through assessment surveys<\/h4>\t\t\t\t\t\t<div class=\"info-box-inner set-cont-mb-s reset-last-child\"><\/div>\n\n\t\t\t\t\t\t\t\t\t\t\t<\/div>\n\n\t\t\t\t\t\n\t\t\t\t\t<style><\/style>\t\t\t\t<\/div>\n\t\t\t<\/div>\n\t\t<\/div><\/div><\/div><\/div><div class=\"vc_row wpb_row vc_inner vc_row-fluid\"><div class=\"wpb_column vc_column_container vc_col-sm-6\"><div class=\"vc_column-inner\"><div class=\"wpb_wrapper\">\t\t\t<div class=\"info-box-wrapper\">\n\t\t\t\t<div id=\"wd-66c58f4d4bcd4\" class=\"wd-rs-66c58f4d4bcd4 wd-info-box wd-wpb text-center box-icon-align-top box-style- color-scheme- wd-bg-none vc_custom_1724223316780\">\n\t\t\t\t\t\t\t\t\t\t\t<div class=\"box-icon-wrapper  box-with-icon box-icon-simple\">\n\t\t\t\t\t\t\t<div class=\"info-box-icon\">\n\n\t\t\t\t\t\t\t\n\t\t\t\t\t\t\t\t\t\t\t\t\t\t\t\t\t<img loading=\"lazy\" decoding=\"async\" width=\"80\" height=\"80\" src=\"https:\/\/alignmentkey.com\/wp-content\/uploads\/2024\/08\/prof-smb-icon3.png\" class=\"attachment-80px size-80px\" alt=\"\" \/>\t\t\t\t\t\t\t\t\t\t\t\t\t\t\t\n\t\t\t\t\t\t\t<\/div>\n\t\t\t\t\t\t<\/div>\n\t\t\t\t\t\t\t\t\t\t<div class=\"info-box-content\">\n\t\t\t\t\t\t<h4 class=\"info-box-title title box-title-style-default wd-fontsize-m\">Determining the Competencies of Team Members<\/h4>\t\t\t\t\t\t<div class=\"info-box-inner set-cont-mb-s reset-last-child\"><\/div>\n\n\t\t\t\t\t\t\t\t\t\t\t<\/div>\n\n\t\t\t\t\t\n\t\t\t\t\t<style><\/style>\t\t\t\t<\/div>\n\t\t\t<\/div>\n\t\t<\/div><\/div><\/div><div class=\"wpb_column vc_column_container vc_col-sm-6 wd-rs-66c5945d92140\"><div class=\"vc_column-inner\"><div class=\"wpb_wrapper\">\t\t\t<div class=\"info-box-wrapper\">\n\t\t\t\t<div id=\"wd-66c5951e1b7cd\" class=\"wd-rs-66c5951e1b7cd wd-info-box wd-wpb text-center box-icon-align-top box-style- color-scheme- wd-bg-none vc_custom_1724224805055\">\n\t\t\t\t\t\t\t\t\t\t\t<div class=\"box-icon-wrapper  box-with-icon box-icon-simple\">\n\t\t\t\t\t\t\t<div class=\"info-box-icon\">\n\n\t\t\t\t\t\t\t\n\t\t\t\t\t\t\t\t\t\t\t\t\t\t\t\t\t<img loading=\"lazy\" decoding=\"async\" width=\"69\" height=\"68\" src=\"https:\/\/alignmentkey.com\/wp-content\/uploads\/2024\/08\/prof-smb-icon4.png\" class=\"attachment-80px size-80px\" alt=\"\" \/>\t\t\t\t\t\t\t\t\t\t\t\t\t\t\t\n\t\t\t\t\t\t\t<\/div>\n\t\t\t\t\t\t<\/div>\n\t\t\t\t\t\t\t\t\t\t<div class=\"info-box-content\">\n\t\t\t\t\t\t<h4 class=\"info-box-title title box-title-style-default wd-fontsize-m\">Planning Expansion Areas<\/h4>\t\t\t\t\t\t<div class=\"info-box-inner set-cont-mb-s reset-last-child\"><\/div>\n\n\t\t\t\t\t\t\t\t\t\t\t<\/div>\n\n\t\t\t\t\t\n\t\t\t\t\t<style><\/style>\t\t\t\t<\/div>\n\t\t\t<\/div>\n\t\t<\/div><\/div><\/div><\/div><\/div><\/div><\/div><\/div>\n<\/div>","protected":false},"excerpt":{"rendered":"K\u00fc\u00e7\u00fck i\u015fletmelere \u00f6zel tak\u0131m rehberli\u011fi! Potansiyeli ke\u015ffedin, uyumu art\u0131r\u0131n, ba\u015far\u0131ya giden yolu a\u00e7\u0131n. SMBKey \u0130\u015finizi D\u00f6n\u00fc\u015ft\u00fcrmek i\u00e7in Etkili \u00d6neriler Sunar","protected":false},"author":1,"featured_media":0,"parent":0,"menu_order":0,"comment_status":"closed","ping_status":"closed","template":"","meta":{"footnotes":""},"class_list":["post-9645","page","type-page","status-publish","hentry"],"_links":{"self":[{"href":"https:\/\/alignmentkey.com\/en\/wp-json\/wp\/v2\/pages\/9645","targetHints":{"allow":["GET"]}}],"collection":[{"href":"https:\/\/alignmentkey.com\/en\/wp-json\/wp\/v2\/pages"}],"about":[{"href":"https:\/\/alignmentkey.com\/en\/wp-json\/wp\/v2\/types\/page"}],"author":[{"embeddable":true,"href":"https:\/\/alignmentkey.com\/en\/wp-json\/wp\/v2\/users\/1"}],"replies":[{"embeddable":true,"href":"https:\/\/alignmentkey.com\/en\/wp-json\/wp\/v2\/comments?post=9645"}],"version-history":[{"count":48,"href":"https:\/\/alignmentkey.com\/en\/wp-json\/wp\/v2\/pages\/9645\/revisions"}],"predecessor-version":[{"id":10739,"href":"https:\/\/alignmentkey.com\/en\/wp-json\/wp\/v2\/pages\/9645\/revisions\/10739"}],"wp:attachment":[{"href":"https:\/\/alignmentkey.com\/en\/wp-json\/wp\/v2\/media?parent=9645"}],"curies":[{"name":"wp","href":"https:\/\/api.w.org\/{rel}","templated":true}]}}