{"id":9666,"date":"2024-05-31T20:56:41","date_gmt":"2024-05-31T17:56:41","guid":{"rendered":"https:\/\/humanwordpress.anahtarsensin.com\/?page_id=9666"},"modified":"2025-01-09T10:40:56","modified_gmt":"2025-01-09T07:40:56","slug":"profesyonel-cozumler-alfaliderkey","status":"publish","type":"page","link":"https:\/\/alignmentkey.com\/en\/profesyonel-cozumler-alfaliderkey\/","title":{"rendered":"Profesyonel \u00c7\u00f6z\u00fcmler &#8211; AlphaLeaderKEY"},"content":{"rendered":"<div class=\"wpb-content-wrapper\"><div class=\"vc_row wpb_row vc_row-fluid vc_custom_1723671262584 vc_row-has-fill wd-rs-66bd22cf18062 wd-section-stretch\"><div class=\"wpb_column vc_column_container vc_col-sm-12 wd-rs-6657b39de683b\"><div class=\"vc_column-inner vc_custom_1717023731172\"><div class=\"wpb_wrapper\">\n\t\t<div id=\"wd-671905d7287fa\" class=\"title-wrapper wd-wpb set-mb-s reset-last-child  wd-rs-671905d7287fa wd-title-color-primary wd-title-style-default text-left  wd-underline-colored\">\n\t\t\t\n\t\t\t<div class=\"liner-continer\">\n\t\t\t\t<h1 class=\"woodmart-title-container title  wd-font-weight- wd-fontsize-xxl\" >AlphaLeaderKEY<\/h1>\n\t\t\t\t\t\t\t<\/div>\n\t\t\t\n\t\t\t\t\t\t\t<div class=\"title-after_title  set-cont-mb-s reset-last-child  wd-fontsize-s\">Customized Analysis for Business Owners and Managers<\/div>\n\t\t\t\n\t\t\t\n\t\t<\/div>\n\t\t\n\t\t<div id=\"wd-677d162735ad2\" class=\"wd-rs-677d162735ad2 vc_custom_1736250928686 wd-button-wrapper text-left\"><a href=\"https:\/\/alignmentkey.com\/en\/product\/alpha-leaderkey-lider-analizi\/\" title=\"Alpha Leaderkey Leadership Analysis\" target=\"_blank\" class=\"btn btn-scheme-light btn-scheme-hover-light btn-style-default btn-style-round btn-size-default\">Purchase Alpha Leaderkey Leadership Analysis<\/a><\/div><\/div><\/div><\/div><\/div><div class=\"vc_row wpb_row vc_row-fluid vc_custom_1717175734505 wd-rs-665a05b14e3a4\"><div class=\"wpb_column vc_column_container vc_col-sm-12 wd-rs-665a013b38c11\"><div class=\"vc_column-inner vc_custom_1717174594514\"><div class=\"wpb_wrapper\">\n\t\t<div id=\"wd-671905e56e738\" class=\"title-wrapper wd-wpb set-mb-s reset-last-child  wd-rs-671905e56e738 wd-title-color-primary wd-title-style-default text-center  wd-underline-colored\">\n\t\t\t\n\t\t\t<div class=\"liner-continer\">\n\t\t\t\t<h2 class=\"woodmart-title-container title  wd-font-weight-800 wd-fontsize-xxxl\" >AlphaLeaderKEY<\/h2>\n\t\t\t\t\t\t\t<\/div>\n\t\t\t\n\t\t\t\n\t\t\t\n\t\t<\/div>\n\t\t\n\t\t\t\t<div id=\"wd-671905f572141\" class=\"wd-text-block wd-wpb reset-last-child wd-rs-671905f572141 text-left\">\n\t\t\t<p>Alpha LeaderKEY is a specialized analysis designed with industry-accepted leadership assessments and a synthesis of Human Design for managers.<\/p>\n\t\t<\/div>\n\t\t<\/div><\/div><\/div><\/div><div class=\"vc_row wpb_row vc_row-fluid vc_custom_1717178037695 vc_row-o-content-middle vc_row-flex wd-row-gradient-enable wd-rs-665a0ea2e4938 wd-section-stretch\"><div class=\"woodmart-row-gradient wd-fill\" style=\"background-image:-webkit-linear-gradient(left , rgba(0, 11, 79, 0.75) , rgb(0, 11, 79) 100%);background-image:linear-gradient(to right , rgba(0, 11, 79, 0.75) , rgb(0, 11, 79) 100%);\"><\/div><div class=\"wpb_column vc_column_container vc_col-sm-6 wd-rs-665a013b38c11\"><div class=\"vc_column-inner vc_custom_1717174594514\"><div class=\"wpb_wrapper\">\t\t<div id=\"wd-66bd236690c7f\" class=\"wd-image wd-wpb wd-rs-66bd236690c7f text-center\">\n\t\t\t\n\t\t\t<img fetchpriority=\"high\" decoding=\"async\" width=\"550\" height=\"410\" src=\"https:\/\/alignmentkey.com\/wp-content\/uploads\/2024\/08\/alpha_key_chess.png\" class=\"attachment-full size-full\" alt=\"\" srcset=\"https:\/\/alignmentkey.com\/wp-content\/uploads\/2024\/08\/alpha_key_chess.png 550w, https:\/\/alignmentkey.com\/wp-content\/uploads\/2024\/08\/alpha_key_chess-430x321.png 430w, https:\/\/alignmentkey.com\/wp-content\/uploads\/2024\/08\/alpha_key_chess-150x112.png 150w, https:\/\/alignmentkey.com\/wp-content\/uploads\/2024\/08\/alpha_key_chess-400x298.png 400w\" sizes=\"(max-width: 550px) 100vw, 550px\" \/>\n\t\t\t\t\t<\/div>\n\t\t<\/div><\/div><\/div><div class=\"wpb_column vc_column_container vc_col-sm-6 wd-rs-665a0be8016d3\"><div class=\"vc_column-inner\"><div class=\"wpb_wrapper\">\t\t<div id=\"wd-66e9751bbb78a\" class=\"wd-text-block wd-wpb reset-last-child wd-rs-66e9751bbb78a text-left color-scheme-light\">\n\t\t\t<p class=\"translation-block\"><strong>Comprehensive Assessment:<\/strong> Identify your leadership qualities and strengths.<\/p>\n<p class=\"translation-block\"><strong>Discover Focus Areas:<\/strong> Identify areas where you can use your energy most effectively.<\/p>\n<p class=\"translation-block\"><strong>Management Style Enhancement:<\/strong> Shape your management strategies based on your interaction and collaboration style.<\/p>\n<p class=\"translation-block\"><strong>Future Planning:<\/strong> Take the necessary steps to advance your business or career, become an organization with more employees, or grow steadily and profitably.<\/p>\n<p class=\"translation-block\"><strong>Challenge Identification and Resolution:<\/strong> Identify and address the challenges you may face.<\/p>\n\t\t<\/div>\n\t\t<\/div><\/div><\/div><\/div><div class=\"vc_row wpb_row vc_row-fluid vc_custom_1717178265284 wd-rs-665a0f902b4b8\"><div class=\"wpb_column vc_column_container vc_col-sm-12 wd-rs-665a013b38c11\"><div class=\"vc_column-inner vc_custom_1717174594514\"><div class=\"wpb_wrapper\">\n\t\t<div id=\"wd-67190609a605d\" class=\"title-wrapper wd-wpb set-mb-s reset-last-child  wd-rs-67190609a605d wd-title-color-primary wd-title-style-default text-center  wd-underline-colored\">\n\t\t\t\n\t\t\t<div class=\"liner-continer\">\n\t\t\t\t<h2 class=\"woodmart-title-container title  wd-font-weight-800 wd-fontsize-xxxl\" >Advantages of Alpha LeaderKEY:<\/h2>\n\t\t\t\t\t\t\t<\/div>\n\t\t\t\n\t\t\t\n\t\t\t\n\t\t<\/div>\n\t\t\n\t\t\t\t<div id=\"wd-66bd21a4bf66d\" class=\"wd-text-block wd-wpb reset-last-child wd-rs-66bd21a4bf66d text-left vc_custom_1723670965822\">\n\t\t\t<p><strong>Personalized Approach:<\/strong> Every business and manager has unique dynamics. Therefore, our analysis is designed specifically for you.<br \/>\n<strong>Expert Support:<\/strong> Our experienced consultants guide you on how to utilize the analysis results most effectively.<br \/>\n<strong>Long-Term Success:<\/strong> We focus not only on your short-term goals but also on your long-term success. We develop strategies for the sustainable growth of your business.<br \/>\n<strong>Innovative Solutions:<\/strong> We offer innovative and flexible solutions to help you quickly adapt to changing business conditions.<\/p>\n\t\t<\/div>\n\t\t<\/div><\/div><\/div><\/div><div class=\"vc_row wpb_row vc_row-fluid vc_custom_1717178274576 vc_row-o-content-middle vc_row-flex wd-rs-665a0f997804f wd-section-stretch\"><div class=\"wpb_column vc_column_container vc_col-sm-6 wd-rs-665a0be8016d3\"><div class=\"vc_column-inner\"><div class=\"wpb_wrapper\">\n\t\t<div id=\"wd-66bd21c4d8db5\" class=\"title-wrapper wd-wpb set-mb-s reset-last-child  wd-rs-66bd21c4d8db5 wd-title-color-primary wd-title-style-default text-center  wd-underline-colored\">\n\t\t\t\n\t\t\t<div class=\"liner-continer\">\n\t\t\t\t<h3 class=\"woodmart-title-container title  wd-font-weight-800 wd-fontsize-xxxl\" >The Path to Success<\/h3>\n\t\t\t\t\t\t\t<\/div>\n\t\t\t\n\t\t\t\n\t\t\t\n\t\t<\/div>\n\t\t\n\t\t\t\t<div id=\"wd-6719061a7aa88\" class=\"wd-text-block wd-wpb reset-last-child wd-rs-6719061a7aa88 text-left vc_custom_1729693216818\">\n\t\t\t<p>With Alpha LeaderKEY, we offer a comprehensive and personalized solution to elevate your business and career to the next level. This analysis, tailored specifically for you, will be your guide on the path to success. Choose Alpha LeaderKEY to discover your potential and make your future brighter and more successful.<\/p>\n\t\t<\/div>\n\t\t<\/div><\/div><\/div><div class=\"wpb_column vc_column_container vc_col-sm-6 wd-rs-665a013b38c11\"><div class=\"vc_column-inner vc_custom_1717174594514\"><div class=\"wpb_wrapper\">\t\t<div id=\"wd-66bd23cb0d713\" class=\"wd-image wd-wpb wd-rs-66bd23cb0d713 text-center\">\n\t\t\t\n\t\t\t<img decoding=\"async\" width=\"550\" height=\"410\" src=\"https:\/\/alignmentkey.com\/wp-content\/uploads\/2024\/08\/alphakey_basari.png\" class=\"attachment-full size-full\" alt=\"\" srcset=\"https:\/\/alignmentkey.com\/wp-content\/uploads\/2024\/08\/alphakey_basari.png 550w, https:\/\/alignmentkey.com\/wp-content\/uploads\/2024\/08\/alphakey_basari-430x321.png 430w, https:\/\/alignmentkey.com\/wp-content\/uploads\/2024\/08\/alphakey_basari-150x112.png 150w, https:\/\/alignmentkey.com\/wp-content\/uploads\/2024\/08\/alphakey_basari-400x298.png 400w\" sizes=\"(max-width: 550px) 100vw, 550px\" \/>\n\t\t\t\t\t<\/div>\n\t\t<\/div><\/div><\/div><\/div><div data-vc-full-width=\"true\" data-vc-full-width-init=\"false\" class=\"vc_row wpb_row vc_row-fluid vc_custom_1724844884908 vc_row-has-fill vc_row-o-content-middle vc_row-flex wd-rs-66cf0b46e4623\"><div class=\"wpb_column vc_column_container vc_col-sm-6 wd-rs-610a58df87177\"><div class=\"vc_column-inner vc_custom_1628068066977\"><div class=\"wpb_wrapper\">\n\t\t<div id=\"wd-677f75db7a236\" class=\"title-wrapper wd-wpb set-mb-s reset-last-child  wd-rs-677f75db7a236 wd-title-color-default wd-title-style-default text-left vc_custom_1736406508088 wd-underline-colored-alt\">\n\t\t\t\n\t\t\t<div class=\"liner-continer\">\n\t\t\t\t<h4 class=\"woodmart-title-container title  wd-font-weight-300 wd-fontsize-l translation-block\" >We invite you to explore the transformative benefits of <strong>Alpha Leaderkey Leadership Analysis<\/strong> and see the difference our career and personal development solutions can make in your professional life.<\/h4>\n\t\t\t\t\t\t\t<\/div>\n\t\t\t\n\t\t\t\n\t\t\t\n\t\t<\/div>\n\t\t\n\t\t<div id=\"wd-677d162735ad2\" class=\"wd-rs-677d162735ad2 vc_custom_1736250928686 wd-button-wrapper text-left\"><a href=\"https:\/\/alignmentkey.com\/en\/product\/alpha-leaderkey-lider-analizi\/\" title=\"Alpha Leaderkey Leadership Analysis\" target=\"_blank\" class=\"btn btn-scheme-light btn-scheme-hover-light btn-style-default btn-style-round btn-size-default\">Purchase Alpha Leaderkey Leadership Analysis<\/a><\/div><\/div><\/div><\/div><div class=\"wpb_column vc_column_container vc_col-sm-6 wd-rs-610a58dae7921\"><div class=\"vc_column-inner vc_custom_1628068061353\"><div class=\"wpb_wrapper\"><\/div><\/div><\/div><\/div><div class=\"vc_row-full-width vc_clearfix\"><\/div>\n<\/div>","protected":false},"excerpt":{"rendered":"AlphaLeaderKEY \u0130\u015fletme Sahipleri ve Y\u00f6neticiler \u0130\u00e7in \u00d6zelle\u015ftirilmi\u015f Analiz Alpha LeaderKEY Lider Analizi Sat\u0131n Al AlphaLeaderKEY AlphaLeaderKEY Y\u00f6neticiler i\u00e7in i\u015f d\u00fcnyas\u0131","protected":false},"author":1,"featured_media":0,"parent":0,"menu_order":0,"comment_status":"closed","ping_status":"closed","template":"","meta":{"footnotes":""},"class_list":["post-9666","page","type-page","status-publish","hentry"],"_links":{"self":[{"href":"https:\/\/alignmentkey.com\/en\/wp-json\/wp\/v2\/pages\/9666","targetHints":{"allow":["GET"]}}],"collection":[{"href":"https:\/\/alignmentkey.com\/en\/wp-json\/wp\/v2\/pages"}],"about":[{"href":"https:\/\/alignmentkey.com\/en\/wp-json\/wp\/v2\/types\/page"}],"author":[{"embeddable":true,"href":"https:\/\/alignmentkey.com\/en\/wp-json\/wp\/v2\/users\/1"}],"replies":[{"embeddable":true,"href":"https:\/\/alignmentkey.com\/en\/wp-json\/wp\/v2\/comments?post=9666"}],"version-history":[{"count":24,"href":"https:\/\/alignmentkey.com\/en\/wp-json\/wp\/v2\/pages\/9666\/revisions"}],"predecessor-version":[{"id":11040,"href":"https:\/\/alignmentkey.com\/en\/wp-json\/wp\/v2\/pages\/9666\/revisions\/11040"}],"wp:attachment":[{"href":"https:\/\/alignmentkey.com\/en\/wp-json\/wp\/v2\/media?parent=9666"}],"curies":[{"name":"wp","href":"https:\/\/api.w.org\/{rel}","templated":true}]}}