{"id":9673,"date":"2024-05-31T20:59:31","date_gmt":"2024-05-31T17:59:31","guid":{"rendered":"https:\/\/humanwordpress.anahtarsensin.com\/?page_id=9673"},"modified":"2024-09-26T12:15:11","modified_gmt":"2024-09-26T09:15:11","slug":"profesyonel-cozumler-takim-yonetimi","status":"publish","type":"page","link":"https:\/\/alignmentkey.com\/en\/profesyonel-cozumler-takim-yonetimi\/","title":{"rendered":"Profesyonel \u00c7\u00f6z\u00fcmler &#8211; Tak\u0131m Y\u00f6netimi"},"content":{"rendered":"<div class=\"wpb-content-wrapper\"><div class=\"vc_row wpb_row vc_row-fluid vc_custom_1723727034091 vc_row-has-fill wd-rs-66bdfc51dca11 wd-section-stretch\"><div class=\"wpb_column vc_column_container vc_col-sm-12 wd-rs-6657b39de683b\"><div class=\"vc_column-inner vc_custom_1717023731172\"><div class=\"wpb_wrapper\">\n\t\t<div id=\"wd-66bdf79c14b0c\" class=\"title-wrapper wd-wpb set-mb-s reset-last-child  wd-rs-66bdf79c14b0c wd-title-color-primary wd-title-style-default text-left  wd-title-empty wd-underline-colored\">\n\t\t\t\t\t\t\t<div class=\"title-subtitle  subtitle-color-primary font-default subtitle-style-default wd-font-weight- wd-fontsize-xs\">\u201cIf you want to go fast, go alone. If you want to go far, go together.\u201d<\/div>\n\t\t\t\n\t\t\t<div class=\"liner-continer\">\n\t\t\t\t<h1 class=\"woodmart-title-container title  wd-font-weight- wd-fontsize-xxl\" ><\/h1>\n\t\t\t\t\t\t\t<\/div>\n\t\t\t\n\t\t\t\t\t\t\t<div class=\"title-after_title  set-cont-mb-s reset-last-child  wd-fontsize-s\">John Maxwell<\/div>\n\t\t\t\n\t\t\t\n\t\t<\/div>\n\t\t\n\t\t<\/div><\/div><\/div><\/div><div class=\"vc_row wpb_row vc_row-fluid vc_custom_1717175734505 wd-rs-665a05b14e3a4\"><div class=\"wpb_column vc_column_container vc_col-sm-12 wd-rs-665a013b38c11\"><div class=\"vc_column-inner vc_custom_1717174594514\"><div class=\"wpb_wrapper\">\n\t\t<div id=\"wd-66e97ff744734\" class=\"title-wrapper wd-wpb set-mb-s reset-last-child  wd-rs-66e97ff744734 wd-title-color-primary wd-title-style-default text-center  wd-underline-colored\">\n\t\t\t\n\t\t\t<div class=\"liner-continer\">\n\t\t\t\t<h2 class=\"woodmart-title-container title  wd-font-weight-800 wd-fontsize-xxxl\" >Creating Invincible Teams<\/h2>\n\t\t\t\t\t\t\t<\/div>\n\t\t\t\n\t\t\t\n\t\t\t\n\t\t<\/div>\n\t\t\n\t\t\t\t<div id=\"wd-66e9800358fc8\" class=\"wd-text-block wd-wpb reset-last-child wd-rs-66e9800358fc8 text-left\">\n\t\t\t<p>A team's success requires more than just the individual talents of its members. To truly be a team, managing emotional intelligence and fostering teamwork are essential. This process, which starts with a team maturity assessment survey, contributes to the development of both individual team members and the team as a whole.<\/p>\n\t\t<\/div>\n\t\t<\/div><\/div><\/div><\/div><div class=\"vc_row wpb_row vc_row-fluid vc_custom_1726753208325 vc_row-has-fill vc_row-o-equal-height vc_row-flex wd-rs-66ec2985f193f wd-section-stretch-content\"><div class=\"wpb_column vc_column_container vc_col-sm-6 vc_col-has-fill wd-rs-66ec29d199647\"><div class=\"vc_column-inner vc_custom_1726753242042\"><div class=\"wpb_wrapper\"><\/div><\/div><\/div><div class=\"wpb_column vc_column_container vc_col-sm-6 wd-rs-66ec289704f02\"><div class=\"vc_column-inner vc_custom_1726752930237\"><div class=\"wpb_wrapper\">\n\t\t<div id=\"wd-66f52616535f2\" class=\"title-wrapper wd-wpb set-mb-s reset-last-child  wd-rs-66f52616535f2 wd-title-color-primary wd-title-style-default text-left  wd-width-enabled wd-underline-colored\" style=\"--wd-max-width: 70%;\">\n\t\t\t\n\t\t\t<div class=\"liner-continer\">\n\t\t\t\t<h3 class=\"woodmart-title-container title  wd-font-weight-400 wd-fontsize-l\" >The effective team-building process consists of five key stages: forming, storming, norming, performing, and adjourning. Four essential elements are needed throughout these stages: building trust, ensuring transparency, expressing oneself and respecting differences.<\/h3>\n\t\t\t\t\t\t\t<\/div>\n\t\t\t\n\t\t\t\n\t\t\t\n\t\t<\/div>\n\t\t\n\t\t<\/div><\/div><\/div><\/div><div class=\"vc_row wpb_row vc_row-fluid vc_custom_1717178677850 wd-rs-665a11306950f\"><div class=\"wpb_column vc_column_container vc_col-sm-12 wd-rs-665a013b38c11\"><div class=\"vc_column-inner vc_custom_1717174594514\"><div class=\"wpb_wrapper\">\n\t\t<div id=\"wd-66bdf85221130\" class=\"title-wrapper wd-wpb set-mb-s reset-last-child  wd-rs-66bdf85221130 wd-title-color-primary wd-title-style-default text-center  wd-underline-colored\">\n\t\t\t\n\t\t\t<div class=\"liner-continer\">\n\t\t\t\t<h2 class=\"woodmart-title-container title  wd-font-weight-800 wd-fontsize-xxxl\" >Effective teamwork provides a significant competitive advantage in the business world.<\/h2>\n\t\t\t\t\t\t\t<\/div>\n\t\t\t\n\t\t\t\n\t\t\t\n\t\t<\/div>\n\t\t\n\t\t<\/div><\/div><\/div><\/div><div class=\"vc_row wpb_row vc_row-fluid vc_custom_1717178667420 vc_row-o-content-middle vc_row-flex wd-rs-665a110564bbd wd-section-stretch\"><div class=\"wpb_column vc_column_container vc_col-sm-7 wd-rs-665a10dcafde9\"><div class=\"vc_column-inner\"><div class=\"wpb_wrapper\">\t\t<div id=\"wd-66bdf8b5463c6\" class=\"wd-text-block wd-wpb reset-last-child wd-rs-66bdf8b5463c6 text-left vc_custom_1723726009983\">\n\t\t\t<p>A good team optimizes processes through collaboration and coordination, increases efficiency, and improves the quality of results. A team enriched by diverse perspectives generates innovative solutions that support organizational development. It boosts motivation, strengthens employee engagement, and develops leadership skills, demonstrating strong resilience even in crisis situations. Therefore, effective teamwork contributes to the long-term success of organizations and fosters sustainable growth.<\/p>\n\t\t<\/div>\n\t\t<\/div><\/div><\/div><div class=\"wpb_column vc_column_container vc_col-sm-5 wd-rs-665a10d72cf37\"><div class=\"vc_column-inner vc_custom_1717178588692\"><div class=\"wpb_wrapper\">\t\t<div id=\"wd-66bdfbe3dfd3b\" class=\"wd-image wd-wpb wd-rs-66bdfbe3dfd3b text-center\">\n\t\t\t\n\t\t\t<img fetchpriority=\"high\" decoding=\"async\" width=\"550\" height=\"410\" src=\"https:\/\/alignmentkey.com\/wp-content\/uploads\/2024\/08\/prof-takim-subbanner2.png\" class=\"attachment-full size-full\" alt=\"\" srcset=\"https:\/\/alignmentkey.com\/wp-content\/uploads\/2024\/08\/prof-takim-subbanner2.png 550w, https:\/\/alignmentkey.com\/wp-content\/uploads\/2024\/08\/prof-takim-subbanner2-430x321.png 430w, https:\/\/alignmentkey.com\/wp-content\/uploads\/2024\/08\/prof-takim-subbanner2-150x112.png 150w, https:\/\/alignmentkey.com\/wp-content\/uploads\/2024\/08\/prof-takim-subbanner2-400x298.png 400w\" sizes=\"(max-width: 550px) 100vw, 550px\" \/>\n\t\t\t\t\t<\/div>\n\t\t<\/div><\/div><\/div><\/div>\n<\/div>","protected":false},"excerpt":{"rendered":"E\u011fer h\u0131zl\u0131 gitmek istiyorsan\u0131z, yaln\u0131z gidin. E\u011fer uza\u011fa gitmek istiyorsan\u0131z, birlikte gidin. John Maxwell Yenilmez Tak\u0131mlar Yaratmak Bir tak\u0131m\u0131n ba\u015far\u0131s\u0131,","protected":false},"author":1,"featured_media":0,"parent":0,"menu_order":0,"comment_status":"closed","ping_status":"closed","template":"","meta":{"footnotes":""},"class_list":["post-9673","page","type-page","status-publish","hentry"],"_links":{"self":[{"href":"https:\/\/alignmentkey.com\/en\/wp-json\/wp\/v2\/pages\/9673","targetHints":{"allow":["GET"]}}],"collection":[{"href":"https:\/\/alignmentkey.com\/en\/wp-json\/wp\/v2\/pages"}],"about":[{"href":"https:\/\/alignmentkey.com\/en\/wp-json\/wp\/v2\/types\/page"}],"author":[{"embeddable":true,"href":"https:\/\/alignmentkey.com\/en\/wp-json\/wp\/v2\/users\/1"}],"replies":[{"embeddable":true,"href":"https:\/\/alignmentkey.com\/en\/wp-json\/wp\/v2\/comments?post=9673"}],"version-history":[{"count":21,"href":"https:\/\/alignmentkey.com\/en\/wp-json\/wp\/v2\/pages\/9673\/revisions"}],"predecessor-version":[{"id":10740,"href":"https:\/\/alignmentkey.com\/en\/wp-json\/wp\/v2\/pages\/9673\/revisions\/10740"}],"wp:attachment":[{"href":"https:\/\/alignmentkey.com\/en\/wp-json\/wp\/v2\/media?parent=9673"}],"curies":[{"name":"wp","href":"https:\/\/api.w.org\/{rel}","templated":true}]}}