{"id":9688,"date":"2024-05-31T22:06:28","date_gmt":"2024-05-31T19:06:28","guid":{"rendered":"https:\/\/humanwordpress.anahtarsensin.com\/?page_id=9688"},"modified":"2024-09-19T15:43:03","modified_gmt":"2024-09-19T12:43:03","slug":"profesyonel-cozumler-kariyer-koclugu","status":"publish","type":"page","link":"https:\/\/alignmentkey.com\/en\/profesyonel-cozumler-kariyer-koclugu\/","title":{"rendered":"Profesyonel \u00c7\u00f6z\u00fcmler &#8211; Kariyer Ko\u00e7lu\u011fu"},"content":{"rendered":"<div class=\"wpb-content-wrapper\"><div class=\"vc_row wpb_row vc_row-fluid vc_custom_1724401969750 vc_row-has-fill wd-rs-66c8491f57fd6 wd-section-stretch-content-no-pd\"><div class=\"wpb_column vc_column_container vc_col-sm-12 wd-rs-665a013b38c11\"><div class=\"vc_column-inner vc_custom_1717174594514\"><div class=\"wpb_wrapper\">\n\t\t<div id=\"wd-66c849394931d\" class=\"title-wrapper wd-wpb set-mb-s reset-last-child  wd-rs-66c849394931d wd-title-color-default wd-title-style-default text-center  wd-underline-colored\">\n\t\t\t\n\t\t\t<div class=\"liner-continer\">\n\t\t\t\t<h4 class=\"woodmart-title-container title  wd-font-weight- wd-fontsize-xxl\" >\"Career success comes with the right guidance and passionate perseverance.\"<\/h4>\n\t\t\t\t\t\t\t<\/div>\n\t\t\t\n\t\t\t\t\t\t\t<div class=\"title-after_title  set-cont-mb-s reset-last-child  wd-fontsize-s\">Zig Ziglar, Motivational Expert and Personal Development Writer<\/div>\n\t\t\t\n\t\t\t\n\t\t<\/div>\n\t\t\n\t\t<\/div><\/div><\/div><\/div><div class=\"vc_row wpb_row vc_row-fluid vc_custom_1724402039210 wd-rs-66c8496ca05e2\"><div class=\"wpb_column vc_column_container vc_col-sm-12 wd-rs-665a013b38c11\"><div class=\"vc_column-inner vc_custom_1717174594514\"><div class=\"wpb_wrapper\">\n\t\t<div id=\"wd-66c850bb114a8\" class=\"title-wrapper wd-wpb set-mb-s reset-last-child  wd-rs-66c850bb114a8 wd-title-color-primary wd-title-style-default text-center  wd-underline-colored\">\n\t\t\t\n\t\t\t<div class=\"liner-continer\">\n\t\t\t\t<h2 class=\"woodmart-title-container title  wd-font-weight-800 wd-fontsize-xxxl\" >Career Coaching<\/h2>\n\t\t\t\t\t\t\t<\/div>\n\t\t\t\n\t\t\t\n\t\t\t\n\t\t<\/div>\n\t\t\n\t\t\t\t<div id=\"wd-66c850f9a0887\" class=\"wd-text-block wd-wpb reset-last-child wd-rs-66c850f9a0887 text-left\">\n\t\t\t<p>It is a specialized program that helps you clarify your career goals by focusing on your values and strengths, enables you to cope with challenges, and supports you in creating and implementing an action plan. This program offers a safe space where you can fully focus on your career path and decisions.<\/p>\n\t\t<\/div>\n\t\t<\/div><\/div><\/div><\/div><div class=\"vc_row wpb_row vc_row-fluid vc_custom_1724402620864 vc_row-has-fill wd-rs-66c84b69e6c4c wd-section-stretch-content-no-pd\"><div class=\"wpb_column vc_column_container vc_col-sm-12\"><div class=\"vc_column-inner\"><div class=\"wpb_wrapper\"><div class=\"vc_row wpb_row vc_inner vc_row-fluid\"><div class=\"wpb_column vc_column_container vc_col-sm-6\"><div class=\"vc_column-inner\"><div class=\"wpb_wrapper\">\n\t<div class=\"wpb_text_column wpb_content_element vc_custom_1726749780310 color-scheme-light\" >\n\t\t<div class=\"wpb_wrapper\">\n\t\t\t<h1><strong>What Do We Offer?<\/strong><\/h1>\n<ul>\n<li>Action Plan Development<\/li>\n<li>Coping with Challenges<\/li>\n<li>Motivation and Awareness<\/li>\n<li>A Safe Space<\/li>\n<li>Continuous Support<\/li>\n<\/ul>\n<p>&nbsp;<\/p>\n\n\t\t<\/div>\n\t<\/div>\n<\/div><\/div><\/div><div class=\"wpb_column vc_column_container vc_col-sm-6\"><div class=\"vc_column-inner\"><div class=\"wpb_wrapper\">\n\t<div  class=\"wpb_single_image wpb_content_element vc_align_left\">\n\t\t\n\t\t<figure class=\"wpb_wrapper vc_figure\">\n\t\t\t<div class=\"vc_single_image-wrapper   vc_box_border_grey\"><img loading=\"lazy\" decoding=\"async\" class=\"vc_single_image-img\" src=\"https:\/\/alignmentkey.com\/wp-content\/uploads\/2024\/08\/shutterstock_2133298673-1-405x415.png\" width=\"405\" height=\"415\" alt=\"shutterstock_2133298673 1\" title=\"shutterstock_2133298673 1\" \/><\/div>\n\t\t<\/figure>\n\t<\/div>\n<\/div><\/div><\/div><\/div><\/div><\/div><\/div><\/div><div class=\"vc_row wpb_row vc_row-fluid vc_custom_1717183622388 wd-rs-665a247ccc160\"><div class=\"wpb_column vc_column_container vc_col-sm-12 wd-rs-665a013b38c11\"><div class=\"vc_column-inner vc_custom_1717174594514\"><div class=\"wpb_wrapper\">\n\t\t<div id=\"wd-66c850a9f0cbf\" class=\"title-wrapper wd-wpb set-mb-s reset-last-child  wd-rs-66c850a9f0cbf wd-title-color-alt wd-title-style-default text-center  wd-width-enabled\" style=\"--wd-max-width: 80%;\">\n\t\t\t\n\t\t\t<div class=\"liner-continer\">\n\t\t\t\t<h4 class=\"woodmart-title-container title  wd-font-weight-800 wd-fontsize-xxl\" >The key to confidently advancing in your career journey and maximizing your potential.<\/h4>\n\t\t\t\t\t\t\t<\/div>\n\t\t\t\n\t\t\t\n\t\t\t\n\t\t<\/div>\n\t\t\n\t\t\t\t<div id=\"wd-66c84f9f420e9\" class=\"wd-text-block wd-wpb reset-last-child wd-rs-66c84f9f420e9 text-center wd-width-enabled vc_custom_1724403653308\" style=\"--wd-max-width: 80%;\">\n\t\t\t<p>Every individual\u2019s career journey is unique. Therefore, our program is tailored to each person. Our experienced career coaches will guide you throughout your journey and be with you every step of the way. We focus not only on your short-term goals but also on your long-term career successes.<\/p>\n\t\t<\/div>\n\t\t<\/div><\/div><\/div><\/div><div class=\"vc_row wpb_row vc_row-fluid vc_custom_1724403811028 wd-rs-66c85059d2808\"><div class=\"wpb_column vc_column_container vc_col-sm-4\"><div class=\"vc_column-inner\"><div class=\"wpb_wrapper\">\t\t\t<div class=\"info-box-wrapper\">\n\t\t\t\t<div id=\"wd-66c59db2d2374\" class=\"wd-rs-66c59db2d2374 wd-info-box wd-wpb text-center box-icon-align-top box-style- color-scheme- wd-bg-none\">\n\t\t\t\t\t\t\t\t\t\t\t<div class=\"box-icon-wrapper  box-with-icon box-icon-with-bg\">\n\t\t\t\t\t\t\t<div class=\"info-box-icon\">\n\n\t\t\t\t\t\t\t\n\t\t\t\t\t\t\t\t\t\t\t\t\t\t\t\t\t<img decoding=\"async\" width=\"106\" height=\"106\" src=\"https:\/\/alignmentkey.com\/wp-content\/uploads\/2024\/08\/katman_1.png\" class=\"attachment-full size-full\" alt=\"\" \/>\t\t\t\t\t\t\t\t\t\t\t\t\t\t\t\n\t\t\t\t\t\t\t<\/div>\n\t\t\t\t\t\t<\/div>\n\t\t\t\t\t\t\t\t\t\t<div class=\"info-box-content\">\n\t\t\t\t\t\t<h3 class=\"info-box-title title wd-font-weight-800 box-title-style-default wd-fontsize-m\">Personalized Approach<\/h3>\t\t\t\t\t\t<div class=\"info-box-inner set-cont-mb-s reset-last-child\"><\/div>\n\n\t\t\t\t\t\t\t\t\t\t\t<\/div>\n\n\t\t\t\t\t\n\t\t\t\t\t<style>#wd-66c59db2d2374 .info-box-icon {border-color:  !important;}<\/style>\t\t\t\t<\/div>\n\t\t\t<\/div>\n\t\t<\/div><\/div><\/div><div class=\"wpb_column vc_column_container vc_col-sm-4\"><div class=\"vc_column-inner\"><div class=\"wpb_wrapper\">\t\t\t<div class=\"info-box-wrapper\">\n\t\t\t\t<div id=\"wd-66c59ec10cb4b\" class=\"wd-rs-66c59ec10cb4b wd-info-box wd-wpb text-center box-icon-align-top box-style- color-scheme- wd-bg-none\">\n\t\t\t\t\t\t\t\t\t\t\t<div class=\"box-icon-wrapper  box-with-icon box-icon-with-bg\">\n\t\t\t\t\t\t\t<div class=\"info-box-icon\">\n\n\t\t\t\t\t\t\t\n\t\t\t\t\t\t\t\t\t\t\t\t\t\t\t\t\t<img decoding=\"async\" width=\"106\" height=\"106\" src=\"https:\/\/alignmentkey.com\/wp-content\/uploads\/2024\/08\/Component-15.png\" class=\"attachment-full size-full\" alt=\"\" \/>\t\t\t\t\t\t\t\t\t\t\t\t\t\t\t\n\t\t\t\t\t\t\t<\/div>\n\t\t\t\t\t\t<\/div>\n\t\t\t\t\t\t\t\t\t\t<div class=\"info-box-content\">\n\t\t\t\t\t\t<h3 class=\"info-box-title title wd-font-weight-800 box-title-style-default wd-fontsize-m\">Expert Guidance<\/h3>\t\t\t\t\t\t<div class=\"info-box-inner set-cont-mb-s reset-last-child\"><\/div>\n\n\t\t\t\t\t\t\t\t\t\t\t<\/div>\n\n\t\t\t\t\t\n\t\t\t\t\t<style>#wd-66c59ec10cb4b .info-box-icon {border-color:  !important;}<\/style>\t\t\t\t<\/div>\n\t\t\t<\/div>\n\t\t<\/div><\/div><\/div><div class=\"wpb_column vc_column_container vc_col-sm-4\"><div class=\"vc_column-inner\"><div class=\"wpb_wrapper\">\t\t\t<div class=\"info-box-wrapper\">\n\t\t\t\t<div id=\"wd-66c59f4dd2609\" class=\"wd-rs-66c59f4dd2609 wd-info-box wd-wpb text-center box-icon-align-top box-style- color-scheme- wd-bg-none\">\n\t\t\t\t\t\t\t\t\t\t\t<div class=\"box-icon-wrapper  box-with-icon box-icon-with-bg\">\n\t\t\t\t\t\t\t<div class=\"info-box-icon\">\n\n\t\t\t\t\t\t\t\n\t\t\t\t\t\t\t\t\t\t\t\t\t\t\t\t\t<img decoding=\"async\" width=\"106\" height=\"106\" src=\"https:\/\/alignmentkey.com\/wp-content\/uploads\/2024\/08\/Frame-274.png\" class=\"attachment-full size-full\" alt=\"\" \/>\t\t\t\t\t\t\t\t\t\t\t\t\t\t\t\n\t\t\t\t\t\t\t<\/div>\n\t\t\t\t\t\t<\/div>\n\t\t\t\t\t\t\t\t\t\t<div class=\"info-box-content\">\n\t\t\t\t\t\t<h3 class=\"info-box-title title wd-font-weight-800 box-title-style-default wd-fontsize-m\">Long-Term Success<\/h3>\t\t\t\t\t\t<div class=\"info-box-inner set-cont-mb-s reset-last-child\"><\/div>\n\n\t\t\t\t\t\t\t\t\t\t\t<\/div>\n\n\t\t\t\t\t\n\t\t\t\t\t<style>#wd-66c59f4dd2609 .info-box-icon {border-color:  !important;}<\/style>\t\t\t\t<\/div>\n\t\t\t<\/div>\n\t\t<\/div><\/div><\/div><\/div>\n<\/div>","protected":false},"excerpt":{"rendered":"``Kariyer ba\u015far\u0131s\u0131, do\u011fru rehberlik ve tutkulu bir azimle birlikte gelir.`` Zig Ziglar, Motivasyon Uzman\u0131 ve Ki\u015fisel Geli\u015fim Yazar\u0131 Kariyer Ko\u00e7lu\u011fu","protected":false},"author":1,"featured_media":0,"parent":0,"menu_order":0,"comment_status":"closed","ping_status":"closed","template":"","meta":{"footnotes":""},"class_list":["post-9688","page","type-page","status-publish","hentry"],"_links":{"self":[{"href":"https:\/\/alignmentkey.com\/en\/wp-json\/wp\/v2\/pages\/9688","targetHints":{"allow":["GET"]}}],"collection":[{"href":"https:\/\/alignmentkey.com\/en\/wp-json\/wp\/v2\/pages"}],"about":[{"href":"https:\/\/alignmentkey.com\/en\/wp-json\/wp\/v2\/types\/page"}],"author":[{"embeddable":true,"href":"https:\/\/alignmentkey.com\/en\/wp-json\/wp\/v2\/users\/1"}],"replies":[{"embeddable":true,"href":"https:\/\/alignmentkey.com\/en\/wp-json\/wp\/v2\/comments?post=9688"}],"version-history":[{"count":59,"href":"https:\/\/alignmentkey.com\/en\/wp-json\/wp\/v2\/pages\/9688\/revisions"}],"predecessor-version":[{"id":10718,"href":"https:\/\/alignmentkey.com\/en\/wp-json\/wp\/v2\/pages\/9688\/revisions\/10718"}],"wp:attachment":[{"href":"https:\/\/alignmentkey.com\/en\/wp-json\/wp\/v2\/media?parent=9688"}],"curies":[{"name":"wp","href":"https:\/\/api.w.org\/{rel}","templated":true}]}}