{"id":9735,"date":"2024-06-01T19:14:13","date_gmt":"2024-06-01T16:14:13","guid":{"rendered":"https:\/\/humanwordpress.anahtarsensin.com\/?page_id=9735"},"modified":"2024-10-23T16:54:21","modified_gmt":"2024-10-23T13:54:21","slug":"bireysel-cozumler-career-boostpathkey","status":"publish","type":"page","link":"https:\/\/alignmentkey.com\/en\/bireysel-cozumler-career-boostpathkey\/","title":{"rendered":"Bireysel \u00c7\u00f6z\u00fcmler &#8211; Career BoostPathKey"},"content":{"rendered":"<div class=\"wpb-content-wrapper\"><div class=\"vc_row wpb_row vc_row-fluid vc_custom_1723643615787 vc_row-has-fill wd-rs-66bcb67fd181c wd-section-stretch\"><div class=\"wpb_column vc_column_container vc_col-sm-12 wd-rs-6657b39de683b\"><div class=\"vc_column-inner vc_custom_1717023731172\"><div class=\"wpb_wrapper\"><div class=\"vc_row wpb_row vc_inner vc_row-fluid\"><div class=\"wpb_column vc_column_container vc_col-sm-8\"><div class=\"vc_column-inner\"><div class=\"wpb_wrapper\">\n\t<div  class=\"wpb_single_image wpb_content_element vc_align_left\">\n\t\t\n\t\t<figure class=\"wpb_wrapper vc_figure\">\n\t\t\t<div class=\"vc_single_image-wrapper   vc_box_border_grey\"><img decoding=\"async\" width=\"433\" height=\"59\" src=\"https:\/\/alignmentkey.com\/wp-content\/uploads\/2024\/09\/Boostpathkey.svg\" class=\"vc_single_image-img attachment-medium\" alt=\"\" title=\"Boostpathkey\" \/><\/div>\n\t\t<\/figure>\n\t<\/div>\n\n\t\t<div id=\"wd-67190001180c4\" class=\"title-wrapper wd-wpb set-mb-s reset-last-child  wd-rs-67190001180c4 wd-title-color-primary wd-title-style-default text-left  wd-underline-colored\">\n\t\t\t\n\t\t\t<div class=\"liner-continer\">\n\t\t\t\t<h1 class=\"woodmart-title-container title  wd-font-weight- wd-fontsize-xxl\" >Customized career development guide for professionals seeking direction in their career journey.<\/h1>\n\t\t\t\t\t\t\t<\/div>\n\t\t\t\n\t\t\t\n\t\t\t\n\t\t<\/div>\n\t\t\n\t\t\t\t<div id=\"wd-66bcb618efb27\" class=\"wd-text-block wd-wpb reset-last-child wd-rs-66bcb618efb27 text-center color-scheme-light wd-fontsize-m\">\n\t\t\t<p style=\"text-align: justify;\">Tailored support and guidance solutions to help you define a new direction in your career and unlock your true potential.<\/p>\n\t\t<\/div>\n\t\t<div id=\"wd-670690b35108c\" class=\"wd-rs-670690b35108c  wd-button-wrapper wd-smooth-scroll text-left\" data-smooth-time=\"1000\" data-smooth-offset=\"100\"><a href=\"#section-title\" title=\"#section-title\" class=\"btn btn-color-alt btn-style-default btn-style-round btn-size-large\">Discover<\/a><\/div><\/div><\/div><\/div><div class=\"wpb_column vc_column_container vc_col-sm-4\"><div class=\"vc_column-inner\"><div class=\"wpb_wrapper\">\t\t<div id=\"wd-66ec026feaa83\" class=\"wd-image wd-wpb wd-rs-66ec026feaa83 text-left\">\n\t\t\t\n\t\t\t<img fetchpriority=\"high\" decoding=\"async\"  src=\"https:\/\/alignmentkey.com\/wp-content\/uploads\/2024\/09\/Character.svg\" title=\"Character\" width=\"3000\" height=\"3000\">\n\t\t\t\t\t<\/div>\n\t\t<\/div><\/div><\/div><\/div><\/div><\/div><\/div><\/div><div id=\"section-title\" class=\"vc_row wpb_row vc_row-fluid vc_custom_1728483208197 wd-rs-67068f720bead\"><div class=\"wpb_column vc_column_container vc_col-sm-12 wd-rs-6659f8e6c06b0\"><div class=\"vc_column-inner vc_custom_1717172465450\"><div class=\"wpb_wrapper\">\n\t\t<div id=\"wd-66bcb7616ddd7\" class=\"title-wrapper wd-wpb set-mb-s reset-last-child  wd-rs-66bcb7616ddd7 wd-title-color-primary wd-title-style-default text-center  wd-title-empty wd-underline-colored\">\n\t\t\t\n\t\t\t<div class=\"liner-continer\">\n\t\t\t\t<h2 class=\"woodmart-title-container title  wd-font-weight-800 wd-fontsize-xxxl\" ><\/h2>\n\t\t\t\t\t\t\t<\/div>\n\t\t\t\n\t\t\t\n\t\t\t\n\t\t<\/div>\n\t\t\n\t\t<\/div><\/div><\/div><\/div><div class=\"vc_row wpb_row vc_row-fluid vc_row-o-content-middle vc_row-flex wd-rs-665b49ff6a8bf wd-section-stretch-content\"><div class=\"wpb_column vc_column_container vc_col-sm-6\"><div class=\"vc_column-inner\"><div class=\"wpb_wrapper\">\t\t<div id=\"wd-66bcb83713f00\" class=\"wd-image wd-wpb wd-rs-66bcb83713f00 text-center\">\n\t\t\t\n\t\t\t<img decoding=\"async\" width=\"400\" height=\"400\" src=\"https:\/\/alignmentkey.com\/wp-content\/uploads\/2024\/08\/boostpathkey-woman.png\" class=\"attachment-full size-full\" alt=\"\" srcset=\"https:\/\/alignmentkey.com\/wp-content\/uploads\/2024\/08\/boostpathkey-woman.png 400w, https:\/\/alignmentkey.com\/wp-content\/uploads\/2024\/08\/boostpathkey-woman-150x150.png 150w, https:\/\/alignmentkey.com\/wp-content\/uploads\/2024\/08\/boostpathkey-woman-300x300.png 300w\" sizes=\"(max-width: 400px) 100vw, 400px\" \/>\n\t\t\t\t\t<\/div>\n\t\t<\/div><\/div><\/div><div class=\"wpb_column vc_column_container vc_col-sm-6\"><div class=\"vc_column-inner\"><div class=\"wpb_wrapper\"><div class=\"vc_row wpb_row vc_inner vc_row-fluid vc_row-o-content-top vc_row-flex\"><div class=\"wpb_column vc_column_container vc_col-sm-6\"><div class=\"vc_column-inner\"><div class=\"wpb_wrapper\">\t\t\t<div class=\"info-box-wrapper\">\n\t\t\t\t<div id=\"wd-66bcb7aebddf4\" class=\"wd-rs-66bcb7aebddf4 wd-info-box wd-wpb text-center box-icon-align-top box-style- color-scheme- wd-bg-none\">\n\t\t\t\t\t\t\t\t\t\t\t<div class=\"box-icon-wrapper  box-with-text text-size-small box-icon-with-bg\">\n\t\t\t\t\t\t\t<div class=\"info-box-icon\">\n\n\t\t\t\t\t\t\t\t\t\t\t\t\t\t\t1\t\t\t\t\t\t\t\n\t\t\t\t\t\t\t<\/div>\n\t\t\t\t\t\t<\/div>\n\t\t\t\t\t\t\t\t\t\t<div class=\"info-box-content\">\n\t\t\t\t\t\t<h3 class=\"info-box-title title wd-font-weight-800 box-title-style-default wd-fontsize-m\">Customized Solution<\/h3>\t\t\t\t\t\t<div class=\"info-box-inner set-cont-mb-s reset-last-child\"><p>Offers personalized recommendations for professionals seeking direction and aiming to achieve their career goals.<\/p>\n<\/div>\n\n\t\t\t\t\t\t\t\t\t\t\t<\/div>\n\n\t\t\t\t\t\n\t\t\t\t\t<style>#wd-66bcb7aebddf4 .info-box-icon {border-color:  !important;}<\/style>\t\t\t\t<\/div>\n\t\t\t<\/div>\n\t\t<\/div><\/div><\/div><div class=\"wpb_column vc_column_container vc_col-sm-6\"><div class=\"vc_column-inner\"><div class=\"wpb_wrapper\">\t\t\t<div class=\"info-box-wrapper\">\n\t\t\t\t<div id=\"wd-66cd839e4f697\" class=\"wd-rs-66cd839e4f697 wd-info-box wd-wpb text-center box-icon-align-top box-style- color-scheme- wd-bg-none\">\n\t\t\t\t\t\t\t\t\t\t\t<div class=\"box-icon-wrapper  box-with-text text-size-small box-icon-with-bg\">\n\t\t\t\t\t\t\t<div class=\"info-box-icon\">\n\n\t\t\t\t\t\t\t\t\t\t\t\t\t\t\t2\t\t\t\t\t\t\t\n\t\t\t\t\t\t\t<\/div>\n\t\t\t\t\t\t<\/div>\n\t\t\t\t\t\t\t\t\t\t<div class=\"info-box-content\">\n\t\t\t\t\t\t<h3 class=\"info-box-title title wd-font-weight-800 box-title-style-default wd-fontsize-m\">Holistic Analysis<\/h3>\t\t\t\t\t\t<div class=\"info-box-inner set-cont-mb-s reset-last-child\"><p>Our reports focus on a comprehensive synthesis of Human Design and personality tests, highlighting individual strengths, areas for development, and career trajectories.<\/p>\n<\/div>\n\n\t\t\t\t\t\t\t\t\t\t\t<\/div>\n\n\t\t\t\t\t\n\t\t\t\t\t<style>#wd-66cd839e4f697 .info-box-icon {border-color:  !important;}<\/style>\t\t\t\t<\/div>\n\t\t\t<\/div>\n\t\t<\/div><\/div><\/div><\/div><div class=\"vc_row wpb_row vc_inner vc_row-fluid vc_row-o-content-top vc_row-flex\"><div class=\"wpb_column vc_column_container vc_col-sm-6\"><div class=\"vc_column-inner\"><div class=\"wpb_wrapper\">\t\t\t<div class=\"info-box-wrapper\">\n\t\t\t\t<div id=\"wd-66cd83a565aa1\" class=\"wd-rs-66cd83a565aa1 wd-info-box wd-wpb text-center box-icon-align-top box-style- color-scheme- wd-bg-none\">\n\t\t\t\t\t\t\t\t\t\t\t<div class=\"box-icon-wrapper  box-with-text text-size-small box-icon-with-bg\">\n\t\t\t\t\t\t\t<div class=\"info-box-icon\">\n\n\t\t\t\t\t\t\t\t\t\t\t\t\t\t\t3\t\t\t\t\t\t\t\n\t\t\t\t\t\t\t<\/div>\n\t\t\t\t\t\t<\/div>\n\t\t\t\t\t\t\t\t\t\t<div class=\"info-box-content\">\n\t\t\t\t\t\t<h3 class=\"info-box-title title wd-font-weight-800 box-title-style-default wd-fontsize-m\">User-Friendly Platform<\/h3>\t\t\t\t\t\t<div class=\"info-box-inner set-cont-mb-s reset-last-child\"><p>Designed for ease of use, the platform offers an interactive and seamless experience, making it easy for users to access and benefit from their customized reports.<\/p>\n<\/div>\n\n\t\t\t\t\t\t\t\t\t\t\t<\/div>\n\n\t\t\t\t\t\n\t\t\t\t\t<style>#wd-66cd83a565aa1 .info-box-icon {border-color:  !important;}<\/style>\t\t\t\t<\/div>\n\t\t\t<\/div>\n\t\t<\/div><\/div><\/div><div class=\"wpb_column vc_column_container vc_col-sm-6\"><div class=\"vc_column-inner\"><div class=\"wpb_wrapper\"><\/div><\/div><\/div><\/div><\/div><\/div><\/div><\/div><div class=\"vc_row wpb_row vc_row-fluid vc_custom_1717259257217 vc_row-has-fill vc_row-o-equal-height vc_row-flex wd-rs-665b4bf4a53b7 wd-section-stretch-content\"><div class=\"wpb_column vc_column_container vc_col-sm-6 wd-rs-665b4c2b32ba1\"><div class=\"vc_column-inner vc_custom_1717259316130\"><div class=\"wpb_wrapper\">\n\t\t<div id=\"wd-66bcb85933c03\" class=\"title-wrapper wd-wpb set-mb-s reset-last-child  wd-rs-66bcb85933c03 wd-title-color-primary wd-title-style-default text-left  wd-underline-colored\">\n\t\t\t\n\t\t\t<div class=\"liner-continer\">\n\t\t\t\t<h3 class=\"woodmart-title-container title  wd-font-weight-800 wd-fontsize-xl\" >A career guide focused on resolving uncertainties and finding answers to questions.<\/h3>\n\t\t\t\t\t\t\t<\/div>\n\t\t\t\n\t\t\t\t\t\t\t<div class=\"title-after_title  set-cont-mb-s reset-last-child  wd-fontsize-s\">It offers strategic guidance to enhance your skills, strengthen your leadership abilities, and adapt to changing dynamics in the business world. Additionally, it provides support for achieving work-life balance, helping you create the most productive work environment for yourself.<\/div>\n\t\t\t\n\t\t\t\n\t\t<\/div>\n\t\t\n\t\t<\/div><\/div><\/div><div class=\"wpb_column vc_column_container vc_col-sm-6 vc_col-has-fill wd-bg-center-center wd-rs-66ebdeab76b7c\"><div class=\"vc_column-inner vc_custom_1726734435119\"><div class=\"wpb_wrapper\"><\/div><\/div><\/div><\/div><div class=\"vc_row wpb_row vc_row-fluid vc_custom_1717261182508 wd-rs-665b5379937c1 wd-section-stretch\"><div class=\"wpb_column vc_column_container vc_col-sm-12 wd-rs-6659f8e6c06b0\"><div class=\"vc_column-inner vc_custom_1717172465450\"><div class=\"wpb_wrapper\">\n\t\t<div id=\"wd-6718ffcd8b7b2\" class=\"title-wrapper wd-wpb set-mb-s reset-last-child  wd-rs-6718ffcd8b7b2 wd-title-color-primary wd-title-style-default text-center  wd-underline-colored\">\n\t\t\t\t\t\t\t<div class=\"title-subtitle  subtitle-color-primary font-default subtitle-style-default wd-font-weight-400 wd-fontsize-m\">We offer career development solutions<\/div>\n\t\t\t\n\t\t\t<div class=\"liner-continer\">\n\t\t\t\t<h2 class=\"woodmart-title-container title  wd-font-weight-800 wd-fontsize-xxxl\" >specifically designed for professionals who<\/h2>\n\t\t\t\t\t\t\t<\/div>\n\t\t\t\n\t\t\t\t\t\t\t<div class=\"title-after_title  set-cont-mb-s reset-last-child  wd-fontsize-s\">have not yet fully realized their potential.<\/div>\n\t\t\t\n\t\t\t\n\t\t<\/div>\n\t\t\n\t\t\t\t<div id=\"wd-66bcbaba572e8\" class=\"wd-text-block wd-wpb reset-last-child wd-rs-66bcbaba572e8 text-center wd-fontsize-m vc_custom_1723644606848\">\n\t\t\t<p>Our goal is to guide you in making a new start in your career before and help you achieve your goals. Our solution identifies your strengths, pinpoints areas for development, and creates a strategic plan to reach your objectives. Throughout this process, we provide the resources and tools that will motivate you and maximize your potential.<\/p>\n\t\t<\/div>\n\t\t<\/div><\/div><\/div><\/div>\n<\/div>","protected":false},"excerpt":{"rendered":"Kariyer yolculu\u011funda y\u00f6n arayan profesyoneller i\u00e7in \u00f6zelle\u015ftirilmi\u015f kariyer geli\u015fim rehberi Kariyerinizde yeni bir y\u00f6n belirlemek ve ger\u00e7ek potansiyelinizi ortaya \u00e7\u0131karmak","protected":false},"author":1,"featured_media":0,"parent":0,"menu_order":0,"comment_status":"closed","ping_status":"closed","template":"","meta":{"footnotes":""},"class_list":["post-9735","page","type-page","status-publish","hentry"],"_links":{"self":[{"href":"https:\/\/alignmentkey.com\/en\/wp-json\/wp\/v2\/pages\/9735","targetHints":{"allow":["GET"]}}],"collection":[{"href":"https:\/\/alignmentkey.com\/en\/wp-json\/wp\/v2\/pages"}],"about":[{"href":"https:\/\/alignmentkey.com\/en\/wp-json\/wp\/v2\/types\/page"}],"author":[{"embeddable":true,"href":"https:\/\/alignmentkey.com\/en\/wp-json\/wp\/v2\/users\/1"}],"replies":[{"embeddable":true,"href":"https:\/\/alignmentkey.com\/en\/wp-json\/wp\/v2\/comments?post=9735"}],"version-history":[{"count":40,"href":"https:\/\/alignmentkey.com\/en\/wp-json\/wp\/v2\/pages\/9735\/revisions"}],"predecessor-version":[{"id":11220,"href":"https:\/\/alignmentkey.com\/en\/wp-json\/wp\/v2\/pages\/9735\/revisions\/11220"}],"wp:attachment":[{"href":"https:\/\/alignmentkey.com\/en\/wp-json\/wp\/v2\/media?parent=9735"}],"curies":[{"name":"wp","href":"https:\/\/api.w.org\/{rel}","templated":true}]}}