{"id":9760,"date":"2024-06-01T19:36:29","date_gmt":"2024-06-01T16:36:29","guid":{"rendered":"https:\/\/humanwordpress.anahtarsensin.com\/?page_id=9760"},"modified":"2024-10-23T16:56:30","modified_gmt":"2024-10-23T13:56:30","slug":"bireysel-cozumler-nextpathkey","status":"publish","type":"page","link":"https:\/\/alignmentkey.com\/en\/bireysel-cozumler-nextpathkey\/","title":{"rendered":"Bireysel \u00c7\u00f6z\u00fcmler &#8211; NextPathKey"},"content":{"rendered":"<div class=\"wpb-content-wrapper\"><div class=\"vc_row wpb_row vc_row-fluid vc_custom_1723635357694 vc_row-has-fill wd-rs-66bc9698046f5 wd-section-stretch\"><div class=\"wpb_column vc_column_container vc_col-sm-12 wd-rs-6657b39de683b\"><div class=\"vc_column-inner vc_custom_1717023731172\"><div class=\"wpb_wrapper\"><div class=\"vc_row wpb_row vc_inner vc_row-fluid\"><div class=\"wpb_column vc_column_container vc_col-sm-12\"><div class=\"vc_column-inner\"><div class=\"wpb_wrapper\">\n\t<div  class=\"wpb_single_image wpb_content_element vc_align_left\">\n\t\t\n\t\t<figure class=\"wpb_wrapper vc_figure\">\n\t\t\t<div class=\"vc_single_image-wrapper   vc_box_border_grey\"><img decoding=\"async\" width=\"432\" height=\"64\" src=\"https:\/\/alignmentkey.com\/wp-content\/uploads\/2024\/09\/Group-190.svg\" class=\"vc_single_image-img attachment-full\" alt=\"\" title=\"Group 190\" \/><\/div>\n\t\t<\/figure>\n\t<\/div>\n<\/div><\/div><\/div><div class=\"wpb_column vc_column_container vc_col-sm-8\"><div class=\"vc_column-inner\"><div class=\"wpb_wrapper\">\n\t\t<div id=\"wd-671900473a9a6\" class=\"title-wrapper wd-wpb set-mb-s reset-last-child  wd-rs-671900473a9a6 wd-title-color-primary wd-title-style-default text-left  wd-underline-colored\">\n\t\t\t\n\t\t\t<div class=\"liner-continer\">\n\t\t\t\t<h1 class=\"woodmart-title-container title  wd-font-weight- wd-fontsize-xxl\" >Prepare to Discover Your Inner Strengths and Take Inspirational Steps for Your Future.<\/h1>\n\t\t\t\t\t\t\t<\/div>\n\t\t\t\n\t\t\t\n\t\t\t\n\t\t<\/div>\n\t\t\n\t\t\t\t<div id=\"wd-67190086544b8\" class=\"wd-text-block wd-wpb reset-last-child wd-rs-67190086544b8 text-center color-scheme-light wd-fontsize-m\">\n\t\t\t<p style=\"text-align: justify;\">A guidance solution designed to help you better understand yourself and uncover new opportunities. This tailored approach will reveal talents and interests you may not have been aware of, inviting you to deeply reflect and discover your potential as you embark on a new career journey.<\/p>\n\t\t<\/div>\n\t\t<div id=\"wd-67069801192e5\" class=\"wd-rs-67069801192e5  wd-button-wrapper wd-smooth-scroll text-left\" data-smooth-time=\"1000\" data-smooth-offset=\"100\"><a href=\"#section-title\" title=\"#section-title\" class=\"btn btn-color-alt btn-style-default btn-style-round btn-size-default\">Discover<\/a><\/div><\/div><\/div><\/div><div class=\"wpb_column vc_column_container vc_col-sm-4\"><div class=\"vc_column-inner\"><div class=\"wpb_wrapper\">\t\t<div id=\"wd-66ebee7ae9db7\" class=\"wd-image wd-wpb wd-rs-66ebee7ae9db7 text-left vc_custom_1726738047762\">\n\t\t\t\n\t\t\t<img fetchpriority=\"high\" decoding=\"async\"  src=\"https:\/\/alignmentkey.com\/wp-content\/uploads\/2024\/09\/Group-127.svg\" title=\"Group 127\" width=\"493\" height=\"286\">\n\t\t\t\t\t<\/div>\n\t\t<\/div><\/div><\/div><\/div><\/div><\/div><\/div><\/div><div id=\"section-title\" class=\"vc_row wpb_row vc_row-fluid vc_custom_1728485374201 wd-rs-670697fbc6307\"><div class=\"wpb_column vc_column_container vc_col-sm-12 wd-rs-6659f8e6c06b0\"><div class=\"vc_column-inner vc_custom_1717172465450\"><div class=\"wpb_wrapper\">\n\t\t<div id=\"wd-66bc980b10577\" class=\"title-wrapper wd-wpb set-mb-s reset-last-child  wd-rs-66bc980b10577 wd-title-color-primary wd-title-style-default text-center  wd-title-empty wd-underline-colored\">\n\t\t\t\n\t\t\t<div class=\"liner-continer\">\n\t\t\t\t<h2 class=\"woodmart-title-container title  wd-font-weight-800 wd-fontsize-xxxl\" ><\/h2>\n\t\t\t\t\t\t\t<\/div>\n\t\t\t\n\t\t\t\n\t\t\t\n\t\t<\/div>\n\t\t\n\t\t<\/div><\/div><\/div><\/div><div class=\"vc_row wpb_row vc_row-fluid vc_row-o-content-middle vc_row-flex wd-rs-665b4e0491d9e wd-section-stretch-content\"><div class=\"wpb_column vc_column_container vc_col-sm-12\"><div class=\"vc_column-inner\"><div class=\"wpb_wrapper\">\t\t<div id=\"wd-66ebed9410b36\" class=\"wd-image wd-wpb wd-rs-66ebed9410b36 text-center vc_custom_1726737857344\">\n\t\t\t\n\t\t\t<img decoding=\"async\"  src=\"https:\/\/alignmentkey.com\/wp-content\/uploads\/2024\/09\/Rectangle-98.svg\" title=\"Rectangle 98\" width=\"3000\" height=\"3000\">\n\t\t\t\t\t<\/div>\n\t\t<\/div><\/div><\/div><\/div><div class=\"vc_row wpb_row vc_row-fluid vc_custom_1717260189900 vc_row-o-content-middle vc_row-flex wd-rs-665b4f98ebdcf\"><div class=\"wpb_column vc_column_container vc_col-sm-6\"><div class=\"vc_column-inner\"><div class=\"wpb_wrapper\">\t\t\t<div class=\"info-box-wrapper\">\n\t\t\t\t<div id=\"wd-66bc96fa9ef8e\" class=\"wd-rs-66bc96fa9ef8e wd-info-box wd-wpb text-center box-icon-align-top box-style- color-scheme- wd-bg-none\">\n\t\t\t\t\t\t\t\t\t\t\t<div class=\"box-icon-wrapper  box-with-text text-size-small box-icon-with-bg\">\n\t\t\t\t\t\t\t<div class=\"info-box-icon\">\n\n\t\t\t\t\t\t\t\t\t\t\t\t\t\t\t1\t\t\t\t\t\t\t\n\t\t\t\t\t\t\t<\/div>\n\t\t\t\t\t\t<\/div>\n\t\t\t\t\t\t\t\t\t\t<div class=\"info-box-content\">\n\t\t\t\t\t\t<h3 class=\"info-box-title title wd-font-weight-800 box-title-style-default wd-fontsize-m\">Enhancing Awareness<\/h3>\t\t\t\t\t\t<div class=\"info-box-inner set-cont-mb-s reset-last-child\"><p>As individuals gain a clearer understanding of their strengths and weaknesses, their confidence grows. This increased self-awareness helps them make bolder decisions in their careers and seize new opportunities.<\/p>\n<\/div>\n\n\t\t\t\t\t\t\t\t\t\t\t<\/div>\n\n\t\t\t\t\t\n\t\t\t\t\t<style>#wd-66bc96fa9ef8e .info-box-icon {border-color:  !important;}<\/style>\t\t\t\t<\/div>\n\t\t\t<\/div>\n\t\t\t\t\t<div class=\"info-box-wrapper\">\n\t\t\t\t<div id=\"wd-66bc98584896e\" class=\"wd-rs-66bc98584896e wd-info-box wd-wpb text-center box-icon-align-top box-style- color-scheme- wd-bg-none\">\n\t\t\t\t\t\t\t\t\t\t\t<div class=\"box-icon-wrapper  box-with-text text-size-small box-icon-with-bg\">\n\t\t\t\t\t\t\t<div class=\"info-box-icon\">\n\n\t\t\t\t\t\t\t\t\t\t\t\t\t\t\t3\t\t\t\t\t\t\t\n\t\t\t\t\t\t\t<\/div>\n\t\t\t\t\t\t<\/div>\n\t\t\t\t\t\t\t\t\t\t<div class=\"info-box-content\">\n\t\t\t\t\t\t<h3 class=\"info-box-title title wd-font-weight-800 box-title-style-default wd-fontsize-m\">Adaptation to Change<\/h3>\t\t\t\t\t\t<div class=\"info-box-inner set-cont-mb-s reset-last-child\"><p>Individuals who have a better understanding of themselves are less afraid to explore new directions in their careers and can adapt to change more quickly. This flexibility allows them to seize opportunities in the business world with greater confidence.<\/p>\n<\/div>\n\n\t\t\t\t\t\t\t\t\t\t\t<\/div>\n\n\t\t\t\t\t\n\t\t\t\t\t<style>#wd-66bc98584896e .info-box-icon {border-color:  !important;}<\/style>\t\t\t\t<\/div>\n\t\t\t<\/div>\n\t\t<\/div><\/div><\/div><div class=\"wpb_column vc_column_container vc_col-sm-6\"><div class=\"vc_column-inner\"><div class=\"wpb_wrapper\">\t\t\t<div class=\"info-box-wrapper\">\n\t\t\t\t<div id=\"wd-66bc9850b4d8c\" class=\"wd-rs-66bc9850b4d8c wd-info-box wd-wpb text-center box-icon-align-top box-style- color-scheme- wd-bg-none\">\n\t\t\t\t\t\t\t\t\t\t\t<div class=\"box-icon-wrapper  box-with-text text-size-small box-icon-with-bg\">\n\t\t\t\t\t\t\t<div class=\"info-box-icon\">\n\n\t\t\t\t\t\t\t\t\t\t\t\t\t\t\t2\t\t\t\t\t\t\t\n\t\t\t\t\t\t\t<\/div>\n\t\t\t\t\t\t<\/div>\n\t\t\t\t\t\t\t\t\t\t<div class=\"info-box-content\">\n\t\t\t\t\t\t<h3 class=\"info-box-title title wd-font-weight-800 box-title-style-default wd-fontsize-m\">Accurate Guidance<\/h3>\t\t\t\t\t\t<div class=\"info-box-inner set-cont-mb-s reset-last-child\"><p>The process of inner exploration helps individuals understand their true desires and values. Based on this insight, they can set clearer goals and manage their career journey more effectively.<\/p>\n<\/div>\n\n\t\t\t\t\t\t\t\t\t\t\t<\/div>\n\n\t\t\t\t\t\n\t\t\t\t\t<style>#wd-66bc9850b4d8c .info-box-icon {border-color:  !important;}<\/style>\t\t\t\t<\/div>\n\t\t\t<\/div>\n\t\t\t\t\t<div class=\"info-box-wrapper\">\n\t\t\t\t<div id=\"wd-66bc985e9650e\" class=\"wd-rs-66bc985e9650e wd-info-box wd-wpb text-center box-icon-align-top box-style- color-scheme- wd-bg-none\">\n\t\t\t\t\t\t\t\t\t\t\t<div class=\"box-icon-wrapper  box-with-text text-size-small box-icon-with-bg\">\n\t\t\t\t\t\t\t<div class=\"info-box-icon\">\n\n\t\t\t\t\t\t\t\t\t\t\t\t\t\t\t4\t\t\t\t\t\t\t\n\t\t\t\t\t\t\t<\/div>\n\t\t\t\t\t\t<\/div>\n\t\t\t\t\t\t\t\t\t\t<div class=\"info-box-content\">\n\t\t\t\t\t\t<h3 class=\"info-box-title title wd-font-weight-800 box-title-style-default wd-fontsize-m\">Motivation and Satisfaction<\/h3>\t\t\t\t\t\t<div class=\"info-box-inner set-cont-mb-s reset-last-child\"><p>Internal discovery helps individuals enhance their ability to manage their own motivation and job satisfaction, leading to long-term success and happiness in their career and new choices.<\/p>\n<\/div>\n\n\t\t\t\t\t\t\t\t\t\t\t<\/div>\n\n\t\t\t\t\t\n\t\t\t\t\t<style>#wd-66bc985e9650e .info-box-icon {border-color:  !important;}<\/style>\t\t\t\t<\/div>\n\t\t\t<\/div>\n\t\t<\/div><\/div><\/div><\/div><div class=\"vc_row wpb_row vc_row-fluid vc_custom_1723635585570 vc_row-has-fill vc_row-o-content-middle vc_row-flex wd-rs-66bc976de087f wd-section-stretch-content\"><div class=\"wpb_column vc_column_container vc_col-sm-12 wd-rs-665b503b0b04d\"><div class=\"vc_column-inner vc_custom_1717260359122\"><div class=\"wpb_wrapper\">\n\t\t<div id=\"wd-66bc9788cda29\" class=\"title-wrapper wd-wpb set-mb-s reset-last-child  wd-rs-66bc9788cda29 wd-title-color-primary wd-title-style-default text-center  wd-width-enabled wd-underline-colored\" style=\"--wd-max-width: 80%;\">\n\t\t\t\n\t\t\t<div class=\"liner-continer\">\n\t\t\t\t<h3 class=\"woodmart-title-container title  wd-font-weight-500 wd-fontsize-xxl\" >Are you ready for the second half of your career?<\/h3>\n\t\t\t\t\t\t\t<\/div>\n\t\t\t\n\t\t\t\n\t\t\t\n\t\t<\/div>\n\t\t\n\t\t<\/div><\/div><\/div><\/div><div class=\"vc_row wpb_row vc_row-fluid vc_custom_1717261104567 wd-rs-665b5328d2672 wd-section-stretch\"><div class=\"wpb_column vc_column_container vc_col-sm-12 wd-rs-6659f8e6c06b0\"><div class=\"vc_column-inner vc_custom_1717172465450\"><div class=\"wpb_wrapper\">\n\t\t<div id=\"wd-66bc96a3af128\" class=\"title-wrapper wd-wpb set-mb-s reset-last-child  wd-rs-66bc96a3af128 wd-title-color-primary wd-title-style-default text-center  wd-underline-colored\">\n\t\t\t\n\t\t\t<div class=\"liner-continer\">\n\t\t\t\t<h2 class=\"woodmart-title-container title  wd-font-weight-800 wd-fontsize-xxxl\" >A solution that helps individuals take more conscious and effective steps in their careers.<\/h2>\n\t\t\t\t\t\t\t<\/div>\n\t\t\t\n\t\t\t\n\t\t\t\n\t\t<\/div>\n\t\t\n\t\t\t\t<div id=\"wd-66bc96b0b0dc1\" class=\"wd-text-block wd-wpb reset-last-child wd-rs-66bc96b0b0dc1 text-center wd-fontsize-m vc_custom_1723635380428\">\n\t\t\t<p>A solution that helps individuals understand how the process of self-discovery can transform their work and career life from a broader perspective. It offers opportunities for a more fulfilling work life and personal growth.<\/p>\n\t\t<\/div>\n\t\t<\/div><\/div><\/div><\/div>\n<\/div>","protected":false},"excerpt":{"rendered":"\u0130\u00e7sel g\u00fc\u00e7lerinizi ke\u015ffetmeye haz\u0131r olun ve gelece\u011finiz i\u00e7in ilham verici ad\u0131mlar at\u0131n Kendinizi daha iyi tan\u0131y\u0131p yeni f\u0131rsatlar ke\u015ffetmek, hen\u00fcz","protected":false},"author":1,"featured_media":0,"parent":0,"menu_order":0,"comment_status":"closed","ping_status":"closed","template":"","meta":{"footnotes":""},"class_list":["post-9760","page","type-page","status-publish","hentry"],"_links":{"self":[{"href":"https:\/\/alignmentkey.com\/en\/wp-json\/wp\/v2\/pages\/9760","targetHints":{"allow":["GET"]}}],"collection":[{"href":"https:\/\/alignmentkey.com\/en\/wp-json\/wp\/v2\/pages"}],"about":[{"href":"https:\/\/alignmentkey.com\/en\/wp-json\/wp\/v2\/types\/page"}],"author":[{"embeddable":true,"href":"https:\/\/alignmentkey.com\/en\/wp-json\/wp\/v2\/users\/1"}],"replies":[{"embeddable":true,"href":"https:\/\/alignmentkey.com\/en\/wp-json\/wp\/v2\/comments?post=9760"}],"version-history":[{"count":23,"href":"https:\/\/alignmentkey.com\/en\/wp-json\/wp\/v2\/pages\/9760\/revisions"}],"predecessor-version":[{"id":11222,"href":"https:\/\/alignmentkey.com\/en\/wp-json\/wp\/v2\/pages\/9760\/revisions\/11222"}],"wp:attachment":[{"href":"https:\/\/alignmentkey.com\/en\/wp-json\/wp\/v2\/media?parent=9760"}],"curies":[{"name":"wp","href":"https:\/\/api.w.org\/{rel}","templated":true}]}}