{"id":9775,"date":"2024-06-01T20:02:09","date_gmt":"2024-06-01T17:02:09","guid":{"rendered":"https:\/\/humanwordpress.anahtarsensin.com\/?page_id=9775"},"modified":"2025-01-09T10:45:02","modified_gmt":"2025-01-09T07:45:02","slug":"bireysel-cozumler-ortaklik-analizi","status":"publish","type":"page","link":"https:\/\/alignmentkey.com\/en\/bireysel-cozumler-ortaklik-analizi\/","title":{"rendered":"Bireysel \u00c7\u00f6z\u00fcmler &#8211; Ortakl\u0131k Analizi"},"content":{"rendered":"<div class=\"wpb-content-wrapper\"><div class=\"vc_row wpb_row vc_row-fluid vc_custom_1726746779372 vc_row-has-fill wd-rs-66ec108e53faa wd-section-stretch\"><div class=\"wpb_column vc_column_container vc_col-sm-12 wd-rs-6657b39de683b\"><div class=\"vc_column-inner vc_custom_1717023731172\"><div class=\"wpb_wrapper\"><div class=\"vc_row wpb_row vc_inner vc_row-fluid\"><div class=\"wpb_column vc_column_container vc_col-sm-8\"><div class=\"vc_column-inner\"><div class=\"wpb_wrapper\">\n\t\t<div id=\"wd-66bcaa71c4c92\" class=\"title-wrapper wd-wpb set-mb-s reset-last-child  wd-rs-66bcaa71c4c92 wd-title-color-primary wd-title-style-default text-left  wd-underline-colored\">\n\t\t\t\n\t\t\t<div class=\"liner-continer\">\n\t\t\t\t<h1 class=\"woodmart-title-container title  wd-font-weight- wd-fontsize-xxl\" >PartnerKEY helps two collaborating individuals understand the energy dynamics between them.<\/h1>\n\t\t\t\t\t\t\t<\/div>\n\t\t\t\n\t\t\t\n\t\t\t\n\t\t<\/div>\n\t\t\n\t\t\t\t<div id=\"wd-66ec03698dc5c\" class=\"wd-text-block wd-wpb reset-last-child wd-rs-66ec03698dc5c text-center wd-fontsize-m\">\n\t\t\t<p style=\"text-align: justify;\">This allows them to leverage each other's strengths and navigate potential challenges arising from their energy dynamics without personalizing or misunderstanding them, enabling continued collaboration and mutual success in their work.<\/p>\n\t\t<\/div>\n\t\t<div id=\"wd-677d20089357d\" class=\"wd-rs-677d20089357d  wd-button-wrapper text-left\"><a href=\"https:\/\/alignmentkey.com\/en\/product\/partnerkey-is-ortaklari-analizi\/\" title=\"Partnerkey Dynamics Of Partnership\" target=\"_blank\" class=\"btn btn-color-alt btn-style-default btn-style-round btn-size-default\">Purchase Partnerkey Dynamics Of Partnership<\/a><\/div><\/div><\/div><\/div><div class=\"wpb_column vc_column_container vc_col-sm-4\"><div class=\"vc_column-inner\"><div class=\"wpb_wrapper\">\t\t<div id=\"wd-66ec03273b390\" class=\"wd-image wd-wpb wd-rs-66ec03273b390 text-left\">\n\t\t\t\n\t\t\t<img fetchpriority=\"high\" decoding=\"async\"  src=\"https:\/\/alignmentkey.com\/wp-content\/uploads\/2024\/09\/Group-127-1.svg\" title=\"Group 127 (1)\" width=\"3000\" height=\"3000\">\n\t\t\t\t\t<\/div>\n\t\t<\/div><\/div><\/div><\/div><\/div><\/div><\/div><\/div><div id=\"section-title\" class=\"vc_row wpb_row vc_row-fluid vc_custom_1728485428068 wd-rs-670698311cf64\"><div class=\"wpb_column vc_column_container vc_col-sm-12 wd-rs-6659f8e6c06b0\"><div class=\"vc_column-inner vc_custom_1717172465450\"><div class=\"wpb_wrapper\">\n\t\t<div id=\"wd-66bcafc9c9319\" class=\"title-wrapper wd-wpb set-mb-s reset-last-child  wd-rs-66bcafc9c9319 wd-title-color-primary wd-title-style-default text-center  wd-underline-colored\">\n\t\t\t\n\t\t\t<div class=\"liner-continer\">\n\t\t\t\t<h2 class=\"woodmart-title-container title  wd-font-weight-800 wd-fontsize-xxxl\" >Understand Energy Dynamics, Strengthen Together!<\/h2>\n\t\t\t\t\t\t\t<\/div>\n\t\t\t\n\t\t\t\n\t\t\t\n\t\t<\/div>\n\t\t\n\t\t<\/div><\/div><\/div><\/div><div class=\"vc_row wpb_row vc_row-fluid vc_row-o-content-middle vc_row-flex wd-rs-665b4e0491d9e wd-section-stretch-content\"><div class=\"wpb_column vc_column_container vc_col-sm-12\"><div class=\"vc_column-inner\"><div class=\"wpb_wrapper\">\t\t<div id=\"wd-66ec10dcaeff4\" class=\"wd-image wd-wpb wd-rs-66ec10dcaeff4 text-center vc_custom_1726746863885\">\n\t\t\t\n\t\t\t<img decoding=\"async\"  src=\"https:\/\/alignmentkey.com\/wp-content\/uploads\/2024\/09\/Rectangle-98-1.svg\" title=\"Rectangle 98 (1)\" width=\"3000\" height=\"3000\">\n\t\t\t\t\t<\/div>\n\t\t<\/div><\/div><\/div><\/div><div class=\"vc_row wpb_row vc_row-fluid vc_custom_1726746612179 wd-rs-66ec0febd6988\"><div class=\"wpb_column vc_column_container vc_col-sm-12\"><div class=\"vc_column-inner\"><div class=\"wpb_wrapper\"><div class=\"vc_row wpb_row vc_inner vc_row-fluid\"><div class=\"wpb_column vc_column_container vc_col-sm-6\"><div class=\"vc_column-inner\"><div class=\"wpb_wrapper\">\t\t\t<div class=\"info-box-wrapper\">\n\t\t\t\t<div id=\"wd-66ec072fbae7f\" class=\"wd-rs-66ec072fbae7f wd-info-box wd-wpb text-center box-icon-align-top box-style- color-scheme- wd-bg-none vc_custom_1726744383561\">\n\t\t\t\t\t\t\t\t\t\t\t<div class=\"box-icon-wrapper  box-with-text text-size-small box-icon-with-bg\">\n\t\t\t\t\t\t\t<div class=\"info-box-icon\">\n\n\t\t\t\t\t\t\t\t\t\t\t\t\t\t\t1\t\t\t\t\t\t\t\n\t\t\t\t\t\t\t<\/div>\n\t\t\t\t\t\t<\/div>\n\t\t\t\t\t\t\t\t\t\t<div class=\"info-box-content\">\n\t\t\t\t\t\t<h3 class=\"info-box-title title wd-font-weight-800 box-title-style-default wd-fontsize-m\">Understanding How Partners Work Individually<\/h3>\t\t\t\t\t\t<div class=\"info-box-inner set-cont-mb-s reset-last-child\"><\/div>\n\n\t\t\t\t\t\t\t\t\t\t\t<\/div>\n\n\t\t\t\t\t\n\t\t\t\t\t<style>#wd-66ec072fbae7f .info-box-icon {border-color:  !important;}<\/style>\t\t\t\t<\/div>\n\t\t\t<\/div>\n\t\t<\/div><\/div><\/div><div class=\"wpb_column vc_column_container vc_col-sm-6\"><div class=\"vc_column-inner\"><div class=\"wpb_wrapper\">\t\t\t<div class=\"info-box-wrapper\">\n\t\t\t\t<div id=\"wd-66ec06ae8bced\" class=\"wd-rs-66ec06ae8bced wd-info-box wd-wpb text-center box-icon-align-top box-style- color-scheme- wd-bg-none vc_custom_1726744243592\">\n\t\t\t\t\t\t\t\t\t\t\t<div class=\"box-icon-wrapper  box-with-text text-size-small box-icon-with-bg\">\n\t\t\t\t\t\t\t<div class=\"info-box-icon\">\n\n\t\t\t\t\t\t\t\t\t\t\t\t\t\t\t2\t\t\t\t\t\t\t\n\t\t\t\t\t\t\t<\/div>\n\t\t\t\t\t\t<\/div>\n\t\t\t\t\t\t\t\t\t\t<div class=\"info-box-content\">\n\t\t\t\t\t\t<h3 class=\"info-box-title title wd-font-weight-800 box-title-style-default wd-fontsize-m\">Exploring Ways for Partners to Work Together More Harmoniously<\/h3>\t\t\t\t\t\t<div class=\"info-box-inner set-cont-mb-s reset-last-child\"><\/div>\n\n\t\t\t\t\t\t\t\t\t\t\t<\/div>\n\n\t\t\t\t\t\n\t\t\t\t\t<style>#wd-66ec06ae8bced .info-box-icon {border-color:  !important;}<\/style>\t\t\t\t<\/div>\n\t\t\t<\/div>\n\t\t<\/div><\/div><\/div><\/div><div class=\"vc_row wpb_row vc_inner vc_row-fluid\"><div class=\"wpb_column vc_column_container vc_col-sm-6\"><div class=\"vc_column-inner\"><div class=\"wpb_wrapper\">\t\t\t<div class=\"info-box-wrapper\">\n\t\t\t\t<div id=\"wd-66ec03ff6d47a\" class=\"wd-rs-66ec03ff6d47a wd-info-box wd-wpb text-center box-icon-align-top box-style- color-scheme- wd-bg-none vc_custom_1726743560880\">\n\t\t\t\t\t\t\t\t\t\t\t<div class=\"box-icon-wrapper  box-with-text text-size-small box-icon-with-bg\">\n\t\t\t\t\t\t\t<div class=\"info-box-icon\">\n\n\t\t\t\t\t\t\t\t\t\t\t\t\t\t\t3\t\t\t\t\t\t\t\n\t\t\t\t\t\t\t<\/div>\n\t\t\t\t\t\t<\/div>\n\t\t\t\t\t\t\t\t\t\t<div class=\"info-box-content\">\n\t\t\t\t\t\t<h3 class=\"info-box-title title wd-font-weight-800 box-title-style-default wd-fontsize-m\">How Partners Affect Each Other<\/h3>\t\t\t\t\t\t<div class=\"info-box-inner set-cont-mb-s reset-last-child\"><\/div>\n\n\t\t\t\t\t\t\t\t\t\t\t<\/div>\n\n\t\t\t\t\t\n\t\t\t\t\t<style>#wd-66ec03ff6d47a .info-box-icon {border-color:  !important;}<\/style>\t\t\t\t<\/div>\n\t\t\t<\/div>\n\t\t<\/div><\/div><\/div><div class=\"wpb_column vc_column_container vc_col-sm-6\"><div class=\"vc_column-inner\"><div class=\"wpb_wrapper\">\t\t\t<div class=\"info-box-wrapper\">\n\t\t\t\t<div id=\"wd-66ec041020fec\" class=\"wd-rs-66ec041020fec wd-info-box wd-wpb text-center box-icon-align-top box-style- color-scheme- wd-bg-none vc_custom_1726743574560\">\n\t\t\t\t\t\t\t\t\t\t\t<div class=\"box-icon-wrapper  box-with-text text-size-small box-icon-with-bg\">\n\t\t\t\t\t\t\t<div class=\"info-box-icon\">\n\n\t\t\t\t\t\t\t\t\t\t\t\t\t\t\t4\t\t\t\t\t\t\t\n\t\t\t\t\t\t\t<\/div>\n\t\t\t\t\t\t<\/div>\n\t\t\t\t\t\t\t\t\t\t<div class=\"info-box-content\">\n\t\t\t\t\t\t<h3 class=\"info-box-title title wd-font-weight-800 box-title-style-default wd-fontsize-m\">Revealing How Partnerships Can Achieve More Successful Business Outcomes<\/h3>\t\t\t\t\t\t<div class=\"info-box-inner set-cont-mb-s reset-last-child\"><\/div>\n\n\t\t\t\t\t\t\t\t\t\t\t<\/div>\n\n\t\t\t\t\t\n\t\t\t\t\t<style>#wd-66ec041020fec .info-box-icon {border-color:  !important;}<\/style>\t\t\t\t<\/div>\n\t\t\t<\/div>\n\t\t<\/div><\/div><\/div><\/div><\/div><\/div><\/div><\/div><div class=\"vc_row wpb_row vc_row-fluid vc_custom_1717261328957 wd-rs-665b540d7c693 wd-section-stretch\"><div class=\"wpb_column vc_column_container vc_col-sm-12 wd-rs-6659f8e6c06b0\"><div class=\"vc_column-inner vc_custom_1717172465450\"><div class=\"wpb_wrapper\">\n\t\t<div id=\"wd-66bcb0c87bfb1\" class=\"title-wrapper wd-wpb set-mb-s reset-last-child  wd-rs-66bcb0c87bfb1 wd-title-color-primary wd-title-style-default text-center  wd-underline-colored\">\n\t\t\t\n\t\t\t<div class=\"liner-continer\">\n\t\t\t\t<h2 class=\"woodmart-title-container title  wd-font-weight-800 wd-fontsize-xxxl\" >Analysis that Helps Partners Identify How They Can Enhance Business Success.<\/h2>\n\t\t\t\t\t\t\t<\/div>\n\t\t\t\n\t\t\t\n\t\t\t\n\t\t<\/div>\n\t\t\n\t\t\t\t<div id=\"wd-66bcb0e8f21ba\" class=\"wd-text-block wd-wpb reset-last-child wd-rs-66bcb0e8f21ba text-center wd-fontsize-m vc_custom_1723642097214\">\n\t\t\t<p>We guide partners by minimizing potential issues arising from their interactions and identifying individual strengths to enhance business success with personalized strategies. By maximizing the synergy between business partners, we focus on growing overall business success.<\/p>\n\t\t<\/div>\n\t\t<\/div><\/div><\/div><\/div><div class=\"vc_row wpb_row vc_row-fluid vc_custom_1717259257217 vc_row-has-fill vc_row-o-equal-height vc_row-flex wd-rs-665b4bf4a53b7 wd-section-stretch-content\"><div class=\"wpb_column vc_column_container vc_col-sm-6 wd-rs-665b4c2b32ba1\"><div class=\"vc_column-inner vc_custom_1717259316130\"><div class=\"wpb_wrapper\">\n\t\t<div id=\"wd-66bcb1878a57e\" class=\"title-wrapper wd-wpb set-mb-s reset-last-child  wd-rs-66bcb1878a57e wd-title-color-primary wd-title-style-default text-left  wd-underline-colored\">\n\t\t\t\n\t\t\t<div class=\"liner-continer\">\n\t\t\t\t<h3 class=\"woodmart-title-container title  wd-font-weight-800 wd-fontsize-xl\" >In-Depth Analysis Topics:<\/h3>\n\t\t\t\t\t\t\t<\/div>\n\t\t\t\n\t\t\t\n\t\t\t\n\t\t<\/div>\n\t\t\n\t\t\n\t<div class=\"wpb_text_column wpb_content_element vc_custom_1723642354807\" >\n\t\t<div class=\"wpb_wrapper\">\n\t\t\t<p><strong>Life Roles:<\/strong> Are your roles in life aligned?<br \/>\n<strong>Compromises:<\/strong> In which areas should you reach a compromise?<br \/>\n<strong>Areas of Dominance:<\/strong> What are each of your strengths?<br \/>\n<strong>Companionship Connections:<\/strong> What are the areas where you feel connected as partners?<br \/>\n<strong>Electromagnetic Connections:<\/strong> What are the bright and limited areas of your partnership?<br \/>\n<strong>Emotional Dynamics:<\/strong> What are your emotional impacts on each other?<br \/>\n<strong>Communication Dynamics:<\/strong> What is the nature of communication in the relationship?<\/p>\n\n\t\t<\/div>\n\t<\/div>\n<\/div><\/div><\/div><div class=\"wpb_column vc_column_container vc_col-sm-6 vc_col-has-fill wd-rs-66ec101b11556\"><div class=\"vc_column-inner vc_custom_1726746677659\"><div class=\"wpb_wrapper\"><\/div><\/div><\/div><\/div><div data-vc-full-width=\"true\" data-vc-full-width-init=\"false\" class=\"vc_row wpb_row vc_row-fluid vc_custom_1724844884908 vc_row-has-fill vc_row-o-content-middle vc_row-flex wd-rs-66cf0b46e4623\"><div class=\"wpb_column vc_column_container vc_col-sm-6 wd-rs-610a58df87177\"><div class=\"vc_column-inner vc_custom_1628068066977\"><div class=\"wpb_wrapper\">\n\t\t<div id=\"wd-677f77de8f78b\" class=\"title-wrapper wd-wpb set-mb-s reset-last-child  wd-rs-677f77de8f78b wd-title-color-default wd-title-style-default text-left vc_custom_1736407019353 wd-underline-colored-alt\">\n\t\t\t\n\t\t\t<div class=\"liner-continer\">\n\t\t\t\t<h4 class=\"woodmart-title-container title  wd-font-weight-300 wd-fontsize-l translation-block\" >We invite you to explore the transformative benefits of <strong>Partnerkey Dynamics Of Partnership<\/strong> and see the difference our career and personal development solutions can make in your professional life.<\/h4>\n\t\t\t\t\t\t\t<\/div>\n\t\t\t\n\t\t\t\n\t\t\t\n\t\t<\/div>\n\t\t\n\t\t<div id=\"wd-677d20089357d\" class=\"wd-rs-677d20089357d  wd-button-wrapper text-left\"><a href=\"https:\/\/alignmentkey.com\/en\/product\/partnerkey-is-ortaklari-analizi\/\" title=\"Partnerkey Dynamics Of Partnership\" target=\"_blank\" class=\"btn btn-color-alt btn-style-default btn-style-round btn-size-default\">Purchase Partnerkey Dynamics Of Partnership<\/a><\/div><\/div><\/div><\/div><div class=\"wpb_column vc_column_container vc_col-sm-6 wd-rs-610a58dae7921\"><div class=\"vc_column-inner vc_custom_1628068061353\"><div class=\"wpb_wrapper\"><\/div><\/div><\/div><\/div><div class=\"vc_row-full-width vc_clearfix\"><\/div>\n<\/div>","protected":false},"excerpt":{"rendered":"PartnerKEY, birlikte \u00e7al\u0131\u015fan iki ki\u015finin aralar\u0131ndaki enerji dinamiklerini anlamalar\u0131n\u0131 sa\u011flar. Bu sayede, birbirlerinin g\u00fc\u00e7l\u00fc yanlar\u0131ndan faydalanarak ilerleyebilir ve enerji dinamiklerinden","protected":false},"author":1,"featured_media":0,"parent":0,"menu_order":0,"comment_status":"closed","ping_status":"closed","template":"","meta":{"footnotes":""},"class_list":["post-9775","page","type-page","status-publish","hentry"],"_links":{"self":[{"href":"https:\/\/alignmentkey.com\/en\/wp-json\/wp\/v2\/pages\/9775","targetHints":{"allow":["GET"]}}],"collection":[{"href":"https:\/\/alignmentkey.com\/en\/wp-json\/wp\/v2\/pages"}],"about":[{"href":"https:\/\/alignmentkey.com\/en\/wp-json\/wp\/v2\/types\/page"}],"author":[{"embeddable":true,"href":"https:\/\/alignmentkey.com\/en\/wp-json\/wp\/v2\/users\/1"}],"replies":[{"embeddable":true,"href":"https:\/\/alignmentkey.com\/en\/wp-json\/wp\/v2\/comments?post=9775"}],"version-history":[{"count":36,"href":"https:\/\/alignmentkey.com\/en\/wp-json\/wp\/v2\/pages\/9775\/revisions"}],"predecessor-version":[{"id":11428,"href":"https:\/\/alignmentkey.com\/en\/wp-json\/wp\/v2\/pages\/9775\/revisions\/11428"}],"wp:attachment":[{"href":"https:\/\/alignmentkey.com\/en\/wp-json\/wp\/v2\/media?parent=9775"}],"curies":[{"name":"wp","href":"https:\/\/api.w.org\/{rel}","templated":true}]}}