{"id":9776,"date":"2024-06-01T20:00:45","date_gmt":"2024-06-01T17:00:45","guid":{"rendered":"https:\/\/humanwordpress.anahtarsensin.com\/?page_id=9776"},"modified":"2025-01-09T10:28:29","modified_gmt":"2025-01-09T07:28:29","slug":"bireysel-cozumler-kariyer-tasarimi","status":"publish","type":"page","link":"https:\/\/alignmentkey.com\/en\/bireysel-cozumler-kariyer-tasarimi\/","title":{"rendered":"Bireysel \u00c7\u00f6z\u00fcmler &#8211; Kariyer Tasar\u0131m\u0131"},"content":{"rendered":"<div class=\"wpb-content-wrapper\"><div class=\"vc_row wpb_row vc_row-fluid vc_custom_1723639340729 vc_row-has-fill wd-rs-66bca620e38f6 wd-section-stretch\"><div class=\"wpb_column vc_column_container vc_col-sm-12 wd-rs-6657b39de683b\"><div class=\"vc_column-inner vc_custom_1717023731172\"><div class=\"wpb_wrapper\"><div class=\"vc_row wpb_row vc_inner vc_row-fluid\"><div class=\"wpb_column vc_column_container vc_col-sm-8\"><div class=\"vc_column-inner\"><div class=\"wpb_wrapper\">\n\t\t<div id=\"wd-6719042d56688\" class=\"title-wrapper wd-wpb set-mb-s reset-last-child  wd-rs-6719042d56688 wd-title-color-primary wd-title-style-default text-left  wd-title-empty wd-underline-colored\">\n\t\t\t\t\t\t\t<div class=\"title-subtitle  subtitle-color-primary font-default subtitle-style-default wd-font-weight- wd-fontsize-xs\">Career design conducted with awareness allows for a deeper balance between work and personal life.<\/div>\n\t\t\t\n\t\t\t<div class=\"liner-continer\">\n\t\t\t\t<h1 class=\"woodmart-title-container title  wd-font-weight- wd-fontsize-xxl\" ><\/h1>\n\t\t\t\t\t\t\t<\/div>\n\t\t\t\n\t\t\t\n\t\t\t\n\t\t<\/div>\n\t\t\n\t\t\t\t<div id=\"wd-671904fcce408\" class=\"wd-text-block wd-wpb reset-last-child wd-rs-671904fcce408 text-center color-scheme-light wd-fontsize-m\">\n\t\t\t<p style=\"text-align: justify;\">Awareness helps individuals to better understand themselves, maximize their potential, and ultimately lead a more meaningful and fulfilling life. With Human Design for Business BG5 tools, you can shape your career journey more easily by considering both your current needs and future goals.<\/p>\n\t\t<\/div>\n\t\t<div id=\"wd-677d164a7c808\" class=\"wd-rs-677d164a7c808  wd-button-wrapper text-left\"><a href=\"https:\/\/alignmentkey.com\/en\/product\/kariyer-ve-is-tasarimi-analizi\/\" title=\"Career and Business Analysis\" target=\"_blank\" class=\"btn btn-color-alt btn-style-default btn-style-round btn-size-default\">Purchase Career and Business Analysis<\/a><\/div><\/div><\/div><\/div><div class=\"wpb_column vc_column_container vc_col-sm-4\"><div class=\"vc_column-inner\"><div class=\"wpb_wrapper\">\t\t<div id=\"wd-66ec02a2d01ef\" class=\"wd-image wd-wpb wd-rs-66ec02a2d01ef text-left\">\n\t\t\t\n\t\t\t<img fetchpriority=\"high\" decoding=\"async\"  src=\"https:\/\/alignmentkey.com\/wp-content\/uploads\/2024\/09\/Frame.svg\" title=\"Frame\" width=\"3000\" height=\"3000\">\n\t\t\t\t\t<\/div>\n\t\t<\/div><\/div><\/div><\/div><\/div><\/div><\/div><\/div><div id=\"section-title\" class=\"vc_row wpb_row vc_row-fluid vc_custom_1728485261250 wd-rs-6706978adf5ca\"><div class=\"wpb_column vc_column_container vc_col-sm-12 wd-rs-6659f8e6c06b0\"><div class=\"vc_column-inner vc_custom_1717172465450\"><div class=\"wpb_wrapper\">\n\t\t<div id=\"wd-6719050a40e4b\" class=\"title-wrapper wd-wpb set-mb-s reset-last-child  wd-rs-6719050a40e4b wd-title-color-primary wd-title-style-default text-center  wd-underline-colored\">\n\t\t\t\n\t\t\t<div class=\"liner-continer\">\n\t\t\t\t<h2 class=\"woodmart-title-container title  wd-font-weight-800 wd-fontsize-xxxl\" >Understanding the traits, strengths, and passions that come from your design.<\/h2>\n\t\t\t\t\t\t\t<\/div>\n\t\t\t\n\t\t\t\t\t\t\t<div class=\"title-after_title  set-cont-mb-s reset-last-child  wd-fontsize-s\">At the heart of career design is a crucial consideration: creating a career that not only brings you satisfaction but also supports your peace of mind! This involves identifying your core values, understanding your strengths and passions, and aligning your professional path with your personal life goals. By shaping your career thoughtfully, you can achieve a harmonious balance that nurtures both your professional ambitions and personal fulfillment. This process aims not only at professional success but also at enhancing your overall quality of life.<\/div>\n\t\t\t\n\t\t\t\n\t\t<\/div>\n\t\t\n\t\t<\/div><\/div><\/div><\/div><div class=\"vc_row wpb_row vc_row-fluid vc_custom_1717259658561 vc_row-o-content-middle vc_row-flex wd-rs-665b4d832f0d3 wd-section-stretch-content\"><div class=\"wpb_column vc_column_container vc_col-sm-6\"><div class=\"vc_column-inner\"><div class=\"wpb_wrapper\">\t\t<div id=\"wd-66bca791c248c\" class=\"wd-image wd-wpb wd-rs-66bca791c248c text-center\">\n\t\t\t\n\t\t\t<img decoding=\"async\" width=\"400\" height=\"400\" src=\"https:\/\/alignmentkey.com\/wp-content\/uploads\/2024\/08\/kariyer-tasarimi-label.png\" class=\"attachment-full size-full\" alt=\"\" srcset=\"https:\/\/alignmentkey.com\/wp-content\/uploads\/2024\/08\/kariyer-tasarimi-label.png 400w, https:\/\/alignmentkey.com\/wp-content\/uploads\/2024\/08\/kariyer-tasarimi-label-150x150.png 150w, https:\/\/alignmentkey.com\/wp-content\/uploads\/2024\/08\/kariyer-tasarimi-label-300x300.png 300w\" sizes=\"(max-width: 400px) 100vw, 400px\" \/>\n\t\t\t\t\t<\/div>\n\t\t<\/div><\/div><\/div><div class=\"wpb_column vc_column_container vc_col-sm-6\"><div class=\"vc_column-inner\"><div class=\"wpb_wrapper\"><div class=\"vc_row wpb_row vc_inner vc_row-fluid vc_row-o-content-top vc_row-flex\"><div class=\"wpb_column vc_column_container vc_col-sm-6\"><div class=\"vc_column-inner\"><div class=\"wpb_wrapper\">\t\t\t<div class=\"info-box-wrapper\">\n\t\t\t\t<div id=\"wd-66bca6cde2846\" class=\"wd-rs-66bca6cde2846 wd-info-box wd-wpb text-center box-icon-align-top box-style- color-scheme- wd-bg-none\">\n\t\t\t\t\t\t\t\t\t\t\t<div class=\"box-icon-wrapper  box-with-text text-size-small box-icon-with-bg\">\n\t\t\t\t\t\t\t<div class=\"info-box-icon\">\n\n\t\t\t\t\t\t\t\t\t\t\t\t\t\t\t1\t\t\t\t\t\t\t\n\t\t\t\t\t\t\t<\/div>\n\t\t\t\t\t\t<\/div>\n\t\t\t\t\t\t\t\t\t\t<div class=\"info-box-content\">\n\t\t\t\t\t\t\t\t\t\t\t\t<div class=\"info-box-inner set-cont-mb-s reset-last-child\"><\/p>\n<p style=\"text-align: center;\"><strong>Determining the competencies derived from your design<\/strong><\/p>\n<p>\n<\/div>\n\n\t\t\t\t\t\t\t\t\t\t\t<\/div>\n\n\t\t\t\t\t\n\t\t\t\t\t<style>#wd-66bca6cde2846 .info-box-icon {border-color:  !important;}<\/style>\t\t\t\t<\/div>\n\t\t\t<\/div>\n\t\t<\/div><\/div><\/div><div class=\"wpb_column vc_column_container vc_col-sm-6\"><div class=\"vc_column-inner\"><div class=\"wpb_wrapper\">\t\t\t<div class=\"info-box-wrapper\">\n\t\t\t\t<div id=\"wd-66c437b3d6ae8\" class=\"wd-rs-66c437b3d6ae8 wd-info-box wd-wpb text-center box-icon-align-top box-style- color-scheme- wd-bg-none\">\n\t\t\t\t\t\t\t\t\t\t\t<div class=\"box-icon-wrapper  box-with-text text-size-small box-icon-with-bg\">\n\t\t\t\t\t\t\t<div class=\"info-box-icon\">\n\n\t\t\t\t\t\t\t\t\t\t\t\t\t\t\t2\t\t\t\t\t\t\t\n\t\t\t\t\t\t\t<\/div>\n\t\t\t\t\t\t<\/div>\n\t\t\t\t\t\t\t\t\t\t<div class=\"info-box-content\">\n\t\t\t\t\t\t\t\t\t\t\t\t<div class=\"info-box-inner set-cont-mb-s reset-last-child\"><\/p>\n<p style=\"text-align: center;\"><strong>Analysis of Strengths and Abilities<\/strong><\/p>\n<p>\n<\/div>\n\n\t\t\t\t\t\t\t\t\t\t\t<\/div>\n\n\t\t\t\t\t\n\t\t\t\t\t<style>#wd-66c437b3d6ae8 .info-box-icon {border-color:  !important;}<\/style>\t\t\t\t<\/div>\n\t\t\t<\/div>\n\t\t<\/div><\/div><\/div><\/div><div class=\"vc_row wpb_row vc_inner vc_row-fluid vc_row-o-content-top vc_row-flex\"><div class=\"wpb_column vc_column_container vc_col-sm-6\"><div class=\"vc_column-inner\"><div class=\"wpb_wrapper\">\t\t\t<div class=\"info-box-wrapper\">\n\t\t\t\t<div id=\"wd-66c437bf6e657\" class=\"wd-rs-66c437bf6e657 wd-info-box wd-wpb text-center box-icon-align-top box-style- color-scheme- wd-bg-none\">\n\t\t\t\t\t\t\t\t\t\t\t<div class=\"box-icon-wrapper  box-with-text text-size-small box-icon-with-bg\">\n\t\t\t\t\t\t\t<div class=\"info-box-icon\">\n\n\t\t\t\t\t\t\t\t\t\t\t\t\t\t\t3\t\t\t\t\t\t\t\n\t\t\t\t\t\t\t<\/div>\n\t\t\t\t\t\t<\/div>\n\t\t\t\t\t\t\t\t\t\t<div class=\"info-box-content\">\n\t\t\t\t\t\t\t\t\t\t\t\t<div class=\"info-box-inner set-cont-mb-s reset-last-child\"><\/p>\n<p style=\"text-align: center;\"><strong>Goal Setting and Planning<\/strong><\/p>\n<p>\n<\/div>\n\n\t\t\t\t\t\t\t\t\t\t\t<\/div>\n\n\t\t\t\t\t\n\t\t\t\t\t<style>#wd-66c437bf6e657 .info-box-icon {border-color:  !important;}<\/style>\t\t\t\t<\/div>\n\t\t\t<\/div>\n\t\t<\/div><\/div><\/div><div class=\"wpb_column vc_column_container vc_col-sm-6\"><div class=\"vc_column-inner\"><div class=\"wpb_wrapper\">\t\t\t<div class=\"info-box-wrapper\">\n\t\t\t\t<div id=\"wd-66c437cb2c6ec\" class=\"wd-rs-66c437cb2c6ec wd-info-box wd-wpb text-center box-icon-align-top box-style- color-scheme- wd-bg-none\">\n\t\t\t\t\t\t\t\t\t\t\t<div class=\"box-icon-wrapper  box-with-text text-size-small box-icon-with-bg\">\n\t\t\t\t\t\t\t<div class=\"info-box-icon\">\n\n\t\t\t\t\t\t\t\t\t\t\t\t\t\t\t4\t\t\t\t\t\t\t\n\t\t\t\t\t\t\t<\/div>\n\t\t\t\t\t\t<\/div>\n\t\t\t\t\t\t\t\t\t\t<div class=\"info-box-content\">\n\t\t\t\t\t\t\t\t\t\t\t\t<div class=\"info-box-inner set-cont-mb-s reset-last-child\"><\/p>\n<p style=\"text-align: center;\"><strong>Making the Right Decisions for Yourself<\/strong><\/p>\n<p>\n<\/div>\n\n\t\t\t\t\t\t\t\t\t\t\t<\/div>\n\n\t\t\t\t\t\n\t\t\t\t\t<style>#wd-66c437cb2c6ec .info-box-icon {border-color:  !important;}<\/style>\t\t\t\t<\/div>\n\t\t\t<\/div>\n\t\t<\/div><\/div><\/div><\/div><\/div><\/div><\/div><\/div><div class=\"vc_row wpb_row vc_row-fluid vc_custom_1717259257217 vc_row-has-fill vc_row-o-equal-height vc_row-flex wd-rs-665b4bf4a53b7 wd-section-stretch-content\"><div class=\"wpb_column vc_column_container vc_col-sm-6 wd-rs-665b4c2b32ba1\"><div class=\"vc_column-inner vc_custom_1717259316130\"><div class=\"wpb_wrapper\">\n\t\t<div id=\"wd-66bca7d837696\" class=\"title-wrapper wd-wpb set-mb-s reset-last-child  wd-rs-66bca7d837696 wd-title-color-primary wd-title-style-default text-left  wd-underline-colored\">\n\t\t\t\n\t\t\t<div class=\"liner-continer\">\n\t\t\t\t<h3 class=\"woodmart-title-container title  wd-font-weight-800 wd-fontsize-xl\" >The ability to adapt to changing conditions in your career journey is crucial.<\/h3>\n\t\t\t\t\t\t\t<\/div>\n\t\t\t\n\t\t\t\t\t\t\t<div class=\"title-after_title  set-cont-mb-s reset-last-child  wd-fontsize-s\">In the rapidly changing business world, factors like technology and market trends are continuously evolving. The flexibility gained by learning your own design and decision-making mechanisms plays a crucial role in handling these changes and seizing new opportunities effectively. This adaptability is critical for both personal and professional development. Additionally, flexibility ensures career sustainability and enhances individual satisfaction. This skill is indispensable for long-term success and happiness.<\/div>\n\t\t\t\n\t\t\t\n\t\t<\/div>\n\t\t\n\t\t<\/div><\/div><\/div><div class=\"wpb_column vc_column_container vc_col-sm-6 vc_col-has-fill wd-rs-66ec02f9c775b\"><div class=\"vc_column-inner vc_custom_1726743303232\"><div class=\"wpb_wrapper\"><\/div><\/div><\/div><\/div><div class=\"vc_row wpb_row vc_row-fluid vc_custom_1717261245510 wd-rs-665b53b894453 wd-section-stretch\"><div class=\"wpb_column vc_column_container vc_col-sm-12 wd-rs-6659f8e6c06b0\"><div class=\"vc_column-inner vc_custom_1717172465450\"><div class=\"wpb_wrapper\">\n\t\t<div id=\"wd-671905283801e\" class=\"title-wrapper wd-wpb set-mb-s reset-last-child  wd-rs-671905283801e wd-title-color-primary wd-title-style-default text-center  wd-underline-colored\">\n\t\t\t\n\t\t\t<div class=\"liner-continer\">\n\t\t\t\t<h2 class=\"woodmart-title-container title  wd-font-weight-500 wd-fontsize-xxl\" >With the coach's guidance, career design helps individuals follow a more focused and fulfilling path in both their personal and professional lives.<\/h2>\n\t\t\t\t\t\t\t<\/div>\n\t\t\t\n\t\t\t\n\t\t\t\n\t\t<\/div>\n\t\t\n\t\t\t\t<div id=\"wd-67190497552a9\" class=\"wd-text-block wd-wpb reset-last-child wd-rs-67190497552a9 text-center wd-fontsize-m vc_custom_1729692854971\">\n\t\t\t<p>A Human Design Coach for Business guides individuals to better understand their competencies, strengths, and goals derived from their design. By helping individuals make the right decisions in their careers and recognize and leverage their conditioning, the coach enables them to take conscious and goal-oriented steps in their career journey, thus enhancing long-term satisfaction and success.<\/p>\n\t\t<\/div>\n\t\t<\/div><\/div><\/div><\/div><div data-vc-full-width=\"true\" data-vc-full-width-init=\"false\" class=\"vc_row wpb_row vc_row-fluid vc_custom_1724844884908 vc_row-has-fill vc_row-o-content-middle vc_row-flex wd-rs-66cf0b46e4623\"><div class=\"wpb_column vc_column_container vc_col-sm-6 wd-rs-610a58df87177\"><div class=\"vc_column-inner vc_custom_1628068066977\"><div class=\"wpb_wrapper\">\n\t\t<div id=\"wd-677f73742f32c\" class=\"title-wrapper wd-wpb set-mb-s reset-last-child  wd-rs-677f73742f32c wd-title-color-default wd-title-style-default text-left vc_custom_1736405883746 wd-underline-colored-alt\">\n\t\t\t\n\t\t\t<div class=\"liner-continer\">\n\t\t\t\t<h4 class=\"woodmart-title-container title  wd-font-weight-300 wd-fontsize-l translation-block\" >We invite you to explore the transformative benefits of <strong>Career and Business Analysis<\/strong> and see the difference our career and personal development solutions can make in your professional life.<\/h4>\n\t\t\t\t\t\t\t<\/div>\n\t\t\t\n\t\t\t\n\t\t\t\n\t\t<\/div>\n\t\t\n\t\t<div id=\"wd-677d164a7c808\" class=\"wd-rs-677d164a7c808  wd-button-wrapper text-left\"><a href=\"https:\/\/alignmentkey.com\/en\/product\/kariyer-ve-is-tasarimi-analizi\/\" title=\"Career and Business Analysis\" target=\"_blank\" class=\"btn btn-color-alt btn-style-default btn-style-round btn-size-default\">Purchase Career and Business Analysis<\/a><\/div><\/div><\/div><\/div><div class=\"wpb_column vc_column_container vc_col-sm-6 wd-rs-610a58dae7921\"><div class=\"vc_column-inner vc_custom_1628068061353\"><div class=\"wpb_wrapper\"><\/div><\/div><\/div><\/div><div class=\"vc_row-full-width vc_clearfix\"><\/div>\n<\/div>","protected":false},"excerpt":{"rendered":"Fark\u0131ndal\u0131kla y\u00fcr\u00fct\u00fclen kariyer tasar\u0131m\u0131, i\u015f ve \u00f6zel ya\u015fam aras\u0131nda daha derin bir denge kurmay\u0131 m\u00fcmk\u00fcn k\u0131lar Fark\u0131ndal\u0131k, bireyin kendini daha","protected":false},"author":1,"featured_media":0,"parent":0,"menu_order":0,"comment_status":"closed","ping_status":"closed","template":"","meta":{"footnotes":""},"class_list":["post-9776","page","type-page","status-publish","hentry"],"_links":{"self":[{"href":"https:\/\/alignmentkey.com\/en\/wp-json\/wp\/v2\/pages\/9776","targetHints":{"allow":["GET"]}}],"collection":[{"href":"https:\/\/alignmentkey.com\/en\/wp-json\/wp\/v2\/pages"}],"about":[{"href":"https:\/\/alignmentkey.com\/en\/wp-json\/wp\/v2\/types\/page"}],"author":[{"embeddable":true,"href":"https:\/\/alignmentkey.com\/en\/wp-json\/wp\/v2\/users\/1"}],"replies":[{"embeddable":true,"href":"https:\/\/alignmentkey.com\/en\/wp-json\/wp\/v2\/comments?post=9776"}],"version-history":[{"count":19,"href":"https:\/\/alignmentkey.com\/en\/wp-json\/wp\/v2\/pages\/9776\/revisions"}],"predecessor-version":[{"id":11422,"href":"https:\/\/alignmentkey.com\/en\/wp-json\/wp\/v2\/pages\/9776\/revisions\/11422"}],"wp:attachment":[{"href":"https:\/\/alignmentkey.com\/en\/wp-json\/wp\/v2\/media?parent=9776"}],"curies":[{"name":"wp","href":"https:\/\/api.w.org\/{rel}","templated":true}]}}