{"id":9805,"date":"2024-06-01T20:27:18","date_gmt":"2024-06-01T17:27:18","guid":{"rendered":"https:\/\/humanwordpress.anahtarsensin.com\/?page_id=9805"},"modified":"2024-10-09T17:46:19","modified_gmt":"2024-10-09T14:46:19","slug":"bireysel-cozumler-iliski-koclugu","status":"publish","type":"page","link":"https:\/\/alignmentkey.com\/en\/bireysel-cozumler-iliski-koclugu\/","title":{"rendered":"Bireysel \u00c7\u00f6z\u00fcmler &#8211; \u0130li\u015fki Ko\u00e7lu\u011fu"},"content":{"rendered":"<div class=\"wpb-content-wrapper\"><div data-vc-full-width=\"true\" data-vc-full-width-init=\"false\" class=\"vc_row wpb_row vc_row-fluid vc_custom_1723636202709 vc_row-has-fill vc_row-o-full-height vc_row-o-columns-middle vc_row-flex wd-rs-66bc99b2a8e7c\"><div class=\"wpb_column vc_column_container vc_col-sm-12 text-center\"><div class=\"vc_column-inner vc_custom_1624451786726\"><div class=\"wpb_wrapper\">\n\t\t<div id=\"wd-66c356d8d8f5c\" class=\"title-wrapper wd-wpb set-mb-s reset-last-child  wd-rs-66c356d8d8f5c wd-title-color-primary wd-title-style-default text-center  wd-underline-colored\">\n\t\t\t\n\t\t\t<div class=\"liner-continer\">\n\t\t\t\t<h1 class=\"woodmart-title-container title  wd-font-weight- wd-fontsize-xxl\" >Effective management of healthy relationships allows individuals to meet their emotional needs, develop a sense of trust, and grow together.<\/h1>\n\t\t\t\t\t\t\t<\/div>\n\t\t\t\n\t\t\t\n\t\t\t\n\t\t<\/div>\n\t\t\n\t\t\t\t<div id=\"wd-66c35710eb42d\" class=\"wd-text-block wd-wpb reset-last-child wd-rs-66c35710eb42d text-center wd-width-enabled color-scheme-light wd-fontsize-m\" style=\"--wd-max-width: 80%;\">\n\t\t\t<div><\/div>\n<p style=\"text-align: justify;\">Well-managed relationships help establish deeper connections between individuals and positively impact psychological well-being. Healthy relationships contribute to personal development, reduce stress, increase happiness, and enhance overall quality of life.<\/p>\n\t\t<\/div>\n\t\t<div id=\"wd-6706971eddcb4\" class=\"wd-rs-6706971eddcb4 vc_custom_1728485176197 wd-button-wrapper wd-smooth-scroll text-center\" data-smooth-time=\"1000\" data-smooth-offset=\"100\"><a href=\"#section-title\" title=\"#section-title\" class=\"btn btn-scheme-light btn-scheme-hover-light btn-style-default btn-style-rectangle btn-size-default btn-icon-pos-right\"> <span class=\"wd-btn-icon\"><img decoding=\"async\" width=\"25\" height=\"25\" src=\"https:\/\/alignmentkey.com\/wp-content\/uploads\/2024\/10\/Down-square-25x25.png\" class=\"attachment-25x25 size-25x25\" alt=\"\" srcset=\"https:\/\/alignmentkey.com\/wp-content\/uploads\/2024\/10\/Down-square-25x25.png 25w, https:\/\/alignmentkey.com\/wp-content\/uploads\/2024\/10\/Down-square-12x12.png 12w, https:\/\/alignmentkey.com\/wp-content\/uploads\/2024\/10\/Down-square.png 34w\" sizes=\"(max-width: 25px) 100vw, 25px\" \/><\/span><\/a><\/div><\/div><\/div><\/div><\/div><div class=\"vc_row-full-width vc_clearfix\"><\/div><div id=\"section-title\" class=\"vc_row wpb_row vc_row-fluid vc_custom_1728485144427 wd-rs-67069713bdef2\"><div class=\"wpb_column vc_column_container vc_col-sm-12 wd-rs-6659f8e6c06b0\"><div class=\"vc_column-inner vc_custom_1717172465450\"><div class=\"wpb_wrapper\">\n\t\t<div id=\"wd-66bc99fe374d7\" class=\"title-wrapper wd-wpb set-mb-s reset-last-child  wd-rs-66bc99fe374d7 wd-title-color-primary wd-title-style-default text-center  wd-underline-colored\">\n\t\t\t\n\t\t\t<div class=\"liner-continer\">\n\t\t\t\t<h2 class=\"woodmart-title-container title  wd-font-weight-800 wd-fontsize-xxxl\" >Relationship coaching provides significant benefits in building healthier, more satisfying, and balanced relationships between couples.<\/h2>\n\t\t\t\t\t\t\t<\/div>\n\t\t\t\n\t\t\t\n\t\t\t\n\t\t<\/div>\n\t\t\n\t\t<\/div><\/div><\/div><\/div><div class=\"vc_row wpb_row vc_row-fluid vc_custom_1717259658561 vc_row-o-content-middle vc_row-flex wd-rs-665b4d832f0d3 wd-section-stretch-content\"><div class=\"wpb_column vc_column_container vc_col-sm-6\"><div class=\"vc_column-inner\"><div class=\"wpb_wrapper\">\t\t<div id=\"wd-66bc9aa23278e\" class=\"wd-image wd-wpb wd-rs-66bc9aa23278e text-center\">\n\t\t\t\n\t\t\t<img fetchpriority=\"high\" decoding=\"async\" width=\"400\" height=\"400\" src=\"https:\/\/alignmentkey.com\/wp-content\/uploads\/2024\/08\/iliski-koclugu-2.png\" class=\"attachment-full size-full\" alt=\"\" srcset=\"https:\/\/alignmentkey.com\/wp-content\/uploads\/2024\/08\/iliski-koclugu-2.png 400w, https:\/\/alignmentkey.com\/wp-content\/uploads\/2024\/08\/iliski-koclugu-2-150x150.png 150w, https:\/\/alignmentkey.com\/wp-content\/uploads\/2024\/08\/iliski-koclugu-2-300x300.png 300w\" sizes=\"(max-width: 400px) 100vw, 400px\" \/>\n\t\t\t\t\t<\/div>\n\t\t<\/div><\/div><\/div><div class=\"wpb_column vc_column_container vc_col-sm-6\"><div class=\"vc_column-inner\"><div class=\"wpb_wrapper\"><div class=\"vc_row wpb_row vc_inner vc_row-fluid vc_row-o-content-top vc_row-flex\"><div class=\"wpb_column vc_column_container vc_col-sm-6\"><div class=\"vc_column-inner\"><div class=\"wpb_wrapper\">\t\t\t<div class=\"info-box-wrapper\">\n\t\t\t\t<div id=\"wd-66e98b11deb98\" class=\"wd-rs-66e98b11deb98 wd-info-box wd-wpb text-center box-icon-align-top box-style- color-scheme- wd-bg-none\">\n\t\t\t\t\t\t\t\t\t\t\t<div class=\"box-icon-wrapper  box-with-text text-size-small box-icon-with-bg\">\n\t\t\t\t\t\t\t<div class=\"info-box-icon\">\n\n\t\t\t\t\t\t\t\t\t\t\t\t\t\t\t1\t\t\t\t\t\t\t\n\t\t\t\t\t\t\t<\/div>\n\t\t\t\t\t\t<\/div>\n\t\t\t\t\t\t\t\t\t\t<div class=\"info-box-content\">\n\t\t\t\t\t\t<h3 class=\"info-box-title title wd-font-weight-800 box-title-style-default wd-fontsize-m\">Communication Skills<\/h3>\t\t\t\t\t\t<div class=\"info-box-inner set-cont-mb-s reset-last-child\"><p>Understanding and improving communication issues.<\/p>\n<\/div>\n\n\t\t\t\t\t\t\t\t\t\t\t<\/div>\n\n\t\t\t\t\t\n\t\t\t\t\t<style>#wd-66e98b11deb98 .info-box-icon {border-color:  !important;}<\/style>\t\t\t\t<\/div>\n\t\t\t<\/div>\n\t\t<\/div><\/div><\/div><div class=\"wpb_column vc_column_container vc_col-sm-6\"><div class=\"vc_column-inner\"><div class=\"wpb_wrapper\">\t\t\t<div class=\"info-box-wrapper\">\n\t\t\t\t<div id=\"wd-66e98b1877a73\" class=\"wd-rs-66e98b1877a73 wd-info-box wd-wpb text-center box-icon-align-top box-style- color-scheme- wd-bg-none\">\n\t\t\t\t\t\t\t\t\t\t\t<div class=\"box-icon-wrapper  box-with-text text-size-small box-icon-with-bg\">\n\t\t\t\t\t\t\t<div class=\"info-box-icon\">\n\n\t\t\t\t\t\t\t\t\t\t\t\t\t\t\t2\t\t\t\t\t\t\t\n\t\t\t\t\t\t\t<\/div>\n\t\t\t\t\t\t<\/div>\n\t\t\t\t\t\t\t\t\t\t<div class=\"info-box-content\">\n\t\t\t\t\t\t<h3 class=\"info-box-title title wd-font-weight-800 box-title-style-default wd-fontsize-m\">Emotional Bonds<\/h3>\t\t\t\t\t\t<div class=\"info-box-inner set-cont-mb-s reset-last-child\"><p>Strengthening and deepening the emotional connections between partners.<\/p>\n<\/div>\n\n\t\t\t\t\t\t\t\t\t\t\t<\/div>\n\n\t\t\t\t\t\n\t\t\t\t\t<style>#wd-66e98b1877a73 .info-box-icon {border-color:  !important;}<\/style>\t\t\t\t<\/div>\n\t\t\t<\/div>\n\t\t<\/div><\/div><\/div><\/div><div class=\"vc_row wpb_row vc_inner vc_row-fluid vc_row-o-content-top vc_row-flex\"><div class=\"wpb_column vc_column_container vc_col-sm-6\"><div class=\"vc_column-inner\"><div class=\"wpb_wrapper\">\t\t\t<div class=\"info-box-wrapper\">\n\t\t\t\t<div id=\"wd-66e98b1d62f71\" class=\"wd-rs-66e98b1d62f71 wd-info-box wd-wpb text-center box-icon-align-top box-style- color-scheme- wd-bg-none\">\n\t\t\t\t\t\t\t\t\t\t\t<div class=\"box-icon-wrapper  box-with-text text-size-small box-icon-with-bg\">\n\t\t\t\t\t\t\t<div class=\"info-box-icon\">\n\n\t\t\t\t\t\t\t\t\t\t\t\t\t\t\t3\t\t\t\t\t\t\t\n\t\t\t\t\t\t\t<\/div>\n\t\t\t\t\t\t<\/div>\n\t\t\t\t\t\t\t\t\t\t<div class=\"info-box-content\">\n\t\t\t\t\t\t<h3 class=\"info-box-title title wd-font-weight-800 box-title-style-default wd-fontsize-m\">Conflict Management<\/h3>\t\t\t\t\t\t<div class=\"info-box-inner set-cont-mb-s reset-last-child\"><p>Developing skills to manage and resolve conflicts in a healthy manner.<\/p>\n<\/div>\n\n\t\t\t\t\t\t\t\t\t\t\t<\/div>\n\n\t\t\t\t\t\n\t\t\t\t\t<style>#wd-66e98b1d62f71 .info-box-icon {border-color:  !important;}<\/style>\t\t\t\t<\/div>\n\t\t\t<\/div>\n\t\t<\/div><\/div><\/div><div class=\"wpb_column vc_column_container vc_col-sm-6\"><div class=\"vc_column-inner\"><div class=\"wpb_wrapper\">\t\t\t<div class=\"info-box-wrapper\">\n\t\t\t\t<div id=\"wd-66e98b24b1139\" class=\"wd-rs-66e98b24b1139 wd-info-box wd-wpb text-center box-icon-align-top box-style- color-scheme- wd-bg-none\">\n\t\t\t\t\t\t\t\t\t\t\t<div class=\"box-icon-wrapper  box-with-text text-size-small box-icon-with-bg\">\n\t\t\t\t\t\t\t<div class=\"info-box-icon\">\n\n\t\t\t\t\t\t\t\t\t\t\t\t\t\t\t4\t\t\t\t\t\t\t\n\t\t\t\t\t\t\t<\/div>\n\t\t\t\t\t\t<\/div>\n\t\t\t\t\t\t\t\t\t\t<div class=\"info-box-content\">\n\t\t\t\t\t\t<h3 class=\"info-box-title title wd-font-weight-800 box-title-style-default wd-fontsize-m\">Shared Goals<\/h3>\t\t\t\t\t\t<div class=\"info-box-inner set-cont-mb-s reset-last-child\"><p>Setting shared goals and creating strategies to achieve them.<\/p>\n<\/div>\n\n\t\t\t\t\t\t\t\t\t\t\t<\/div>\n\n\t\t\t\t\t\n\t\t\t\t\t<style>#wd-66e98b24b1139 .info-box-icon {border-color:  !important;}<\/style>\t\t\t\t<\/div>\n\t\t\t<\/div>\n\t\t<\/div><\/div><\/div><\/div><\/div><\/div><\/div><\/div><div class=\"vc_row wpb_row vc_row-fluid vc_custom_1723636666913 vc_row-has-fill vc_row-o-content-middle vc_row-flex wd-rs-66bc9ba581e1c wd-section-stretch-content\"><div class=\"wpb_column vc_column_container vc_col-sm-12 wd-rs-665b503b0b04d\"><div class=\"vc_column-inner vc_custom_1717260359122\"><div class=\"wpb_wrapper\">\n\t\t<div id=\"wd-66bc9bc4a589c\" class=\"title-wrapper wd-wpb set-mb-s reset-last-child  wd-rs-66bc9bc4a589c wd-title-color-primary wd-title-style-default text-center  wd-width-enabled wd-underline-colored\" style=\"--wd-max-width: 80%;\">\n\t\t\t\n\t\t\t<div class=\"liner-continer\">\n\t\t\t\t<h3 class=\"woodmart-title-container title  wd-font-weight-500 wd-fontsize-xxl\" >Communication is everything in a relationship. Without communication, a relationship is just two people being together.<\/h3>\n\t\t\t\t\t\t\t<\/div>\n\t\t\t\n\t\t\t\t\t\t\t<div class=\"title-after_title  set-cont-mb-s reset-last-child  wd-fontsize-s\">Karl A. Menninger, Renowned American Psychiatrist<\/div>\n\t\t\t\n\t\t\t\n\t\t<\/div>\n\t\t\n\t\t<\/div><\/div><\/div><\/div><div class=\"vc_row wpb_row vc_row-fluid vc_custom_1717028202071 wd-rs-6657c566169a8\"><div class=\"wpb_column vc_column_container vc_col-sm-12 wd-rs-6659f8e6c06b0\"><div class=\"vc_column-inner vc_custom_1717172465450\"><div class=\"wpb_wrapper\">\n\t\t<div id=\"wd-66bc9c21a1536\" class=\"title-wrapper wd-wpb set-mb-s reset-last-child  wd-rs-66bc9c21a1536 wd-title-color-primary wd-title-style-default text-center  wd-underline-colored\">\n\t\t\t\n\t\t\t<div class=\"liner-continer\">\n\t\t\t\t<h3 class=\"woodmart-title-container title  wd-font-weight-800 wd-fontsize-xxxl\" >Building healthier and longer-lasting relationships with strengthened emotional connections.<\/h3>\n\t\t\t\t\t\t\t<\/div>\n\t\t\t\n\t\t\t\n\t\t\t\n\t\t<\/div>\n\t\t\n\t\t\t\t<div id=\"wd-66bc9c307c3f0\" class=\"wd-text-block wd-wpb reset-last-child wd-rs-66bc9c307c3f0 text-center wd-fontsize-m\">\n\t\t\t<p>Relationship coaching is a specialized consulting service that provides support to couples or individuals in their relationship lives. This service helps couples or individuals understand relationship issues, improve their communication, strengthen emotional bonds, and focus on common goals. Within the program, our relationship coaches assist individuals in understanding their emotional needs and developing strategies tailored to those needs.<\/p>\n\t\t<\/div>\n\t\t<\/div><\/div><\/div><\/div><div class=\"vc_row wpb_row vc_row-fluid vc_custom_1717259257217 vc_row-has-fill vc_row-o-equal-height vc_row-flex wd-rs-665b4bf4a53b7 wd-section-stretch-content\"><div class=\"wpb_column vc_column_container vc_col-sm-6 wd-rs-665b4c2b32ba1\"><div class=\"vc_column-inner vc_custom_1717259316130\"><div class=\"wpb_wrapper\">\n\t\t<div id=\"wd-66bc9c425d65e\" class=\"title-wrapper wd-wpb set-mb-s reset-last-child  wd-rs-66bc9c425d65e wd-title-color-primary wd-title-style-default text-left  wd-underline-colored\">\n\t\t\t\n\t\t\t<div class=\"liner-continer\">\n\t\t\t\t<h3 class=\"woodmart-title-container title  wd-font-weight-800 wd-fontsize-xl\" >Conflicts in Relationships: Problems or Opportunities for Growth?<\/h3>\n\t\t\t\t\t\t\t<\/div>\n\t\t\t\n\t\t\t\t\t\t\t<div class=\"title-after_title  set-cont-mb-s reset-last-child  wd-fontsize-s\">Our coaches provide guidance on conflict management, trust building, decision-making processes, and more, encouraging couples or individuals to experience healthier and more fulfilling relationships.<\/div>\n\t\t\t\n\t\t\t\n\t\t<\/div>\n\t\t\n\t\t<\/div><\/div><\/div><div class=\"wpb_column vc_column_container vc_col-sm-6 vc_col-has-fill wd-rs-66ebeb6735d74\"><div class=\"vc_column-inner vc_custom_1726737617765\"><div class=\"wpb_wrapper\"><\/div><\/div><\/div><\/div><div class=\"vc_row wpb_row vc_row-fluid vc_custom_1717262199075 wd-rs-665b5773f05ac wd-section-stretch\"><div class=\"wpb_column vc_column_container vc_col-sm-12 wd-rs-6659f8e6c06b0\"><div class=\"vc_column-inner vc_custom_1717172465450\"><div class=\"wpb_wrapper\">\n\t\t<div id=\"wd-66bc9c954fb5d\" class=\"title-wrapper wd-wpb set-mb-s reset-last-child  wd-rs-66bc9c954fb5d wd-title-color-primary wd-title-style-default text-center  wd-underline-colored\">\n\t\t\t\n\t\t\t<div class=\"liner-continer\">\n\t\t\t\t<h2 class=\"woodmart-title-container title  wd-font-weight-800 wd-fontsize-xxxl\" >Take the first step towards a happy and healthy relationship today!<\/h2>\n\t\t\t\t\t\t\t<\/div>\n\t\t\t\n\t\t\t\n\t\t\t\n\t\t<\/div>\n\t\t\n\t\t\t\t<div id=\"wd-66bc9cb2a783b\" class=\"wd-text-block wd-wpb reset-last-child wd-rs-66bc9cb2a783b text-center wd-fontsize-m vc_custom_1723636919550\">\n\t\t\t<p>With our relationship coaching service, you can gain a deeper understanding of and improve your relationship. By strengthening your communication skills, you can better understand each other, deepen your emotional connections, and resolve conflicts constructively. Set shared goals to grow together and create a healthier relationship. Take the first step towards a happy relationship today and start building the relationship of your dreams!<\/p>\n\t\t<\/div>\n\t\t<\/div><\/div><\/div><\/div>\n<\/div>","protected":false},"excerpt":{"rendered":"Sa\u011fl\u0131kl\u0131 ili\u015fkilerin do\u011fru y\u00f6netimi, bireylerin duygusal ihtiya\u00e7lar\u0131n\u0131 kar\u015f\u0131lamalar\u0131n\u0131, g\u00fcven duygusunu geli\u015ftirmelerini ve birlikte b\u00fcy\u00fcmelerini sa\u011flar. \u0130yi y\u00f6netilen ili\u015fkiler, bireyler aras\u0131nda","protected":false},"author":1,"featured_media":0,"parent":0,"menu_order":0,"comment_status":"closed","ping_status":"closed","template":"","meta":{"footnotes":""},"class_list":["post-9805","page","type-page","status-publish","hentry"],"_links":{"self":[{"href":"https:\/\/alignmentkey.com\/en\/wp-json\/wp\/v2\/pages\/9805","targetHints":{"allow":["GET"]}}],"collection":[{"href":"https:\/\/alignmentkey.com\/en\/wp-json\/wp\/v2\/pages"}],"about":[{"href":"https:\/\/alignmentkey.com\/en\/wp-json\/wp\/v2\/types\/page"}],"author":[{"embeddable":true,"href":"https:\/\/alignmentkey.com\/en\/wp-json\/wp\/v2\/users\/1"}],"replies":[{"embeddable":true,"href":"https:\/\/alignmentkey.com\/en\/wp-json\/wp\/v2\/comments?post=9805"}],"version-history":[{"count":12,"href":"https:\/\/alignmentkey.com\/en\/wp-json\/wp\/v2\/pages\/9805\/revisions"}],"predecessor-version":[{"id":11014,"href":"https:\/\/alignmentkey.com\/en\/wp-json\/wp\/v2\/pages\/9805\/revisions\/11014"}],"wp:attachment":[{"href":"https:\/\/alignmentkey.com\/en\/wp-json\/wp\/v2\/media?parent=9805"}],"curies":[{"name":"wp","href":"https:\/\/api.w.org\/{rel}","templated":true}]}}