{"id":9828,"date":"2024-06-01T21:22:57","date_gmt":"2024-06-01T18:22:57","guid":{"rendered":"https:\/\/humanwordpress.anahtarsensin.com\/?page_id=9828"},"modified":"2024-10-31T19:16:42","modified_gmt":"2024-10-31T16:16:42","slug":"human-design-bg5-alfaliderkey","status":"publish","type":"page","link":"https:\/\/alignmentkey.com\/en\/human-design-bg5-alfaliderkey\/","title":{"rendered":"Human Design BG5 &#8211; AlphaLeaderKEY"},"content":{"rendered":"<div class=\"wpb-content-wrapper\"><div data-vc-full-width=\"true\" data-vc-full-width-init=\"false\" class=\"vc_row wpb_row vc_row-fluid vc_custom_1723705672592 vc_row-has-fill vc_row-o-full-height vc_row-o-columns-middle vc_row-flex wd-rs-66bda880474ba\"><div class=\"wpb_column vc_column_container vc_col-sm-12 text-center\"><div class=\"vc_column-inner vc_custom_1624451786726\"><div class=\"wpb_wrapper\"><div class=\"vc_empty_space\"   style=\"height: 20vh\"><span class=\"vc_empty_space_inner\"><\/span><\/div>\n\t\t<div id=\"wd-671906fcf0164\" class=\"title-wrapper wd-wpb set-mb-s reset-last-child  wd-rs-671906fcf0164 wd-title-color-primary wd-title-style-default text-center vc_custom_1729693448019 wd-width-enabled wd-underline-colored\" style=\"--wd-max-width: 60%;\">\n\t\t\t\n\t\t\t<div class=\"liner-continer\">\n\t\t\t\t<h1 class=\"woodmart-title-container title  wd-font-weight-800 wd-fontsize-xxl\" >Alpha LeaderKEY: Customized Analysis for Business Owners and Managers\"<\/h1>\n\t\t\t\t\t\t\t<\/div>\n\t\t\t\n\t\t\t\n\t\t\t\n\t\t<\/div>\n\t\t\n\t\t<div id=\"wd-6723ad665c71d\" class=\"wd-rs-6723ad665c71d vc_custom_1730391401831 wd-button-wrapper wd-smooth-scroll text-center\" data-smooth-time=\"1000\" data-smooth-offset=\"100\"><a href=\"#section-title\" title=\"#section-title\" class=\"btn btn-scheme-light btn-scheme-hover-light btn-style-default btn-style-rectangle btn-size-default btn-icon-pos-right\"> <span class=\"wd-btn-icon\"><img decoding=\"async\" width=\"25\" height=\"25\" src=\"https:\/\/alignmentkey.com\/wp-content\/uploads\/2024\/10\/Down-square-25x25.png\" class=\"attachment-25x25 size-25x25\" alt=\"\" srcset=\"https:\/\/alignmentkey.com\/wp-content\/uploads\/2024\/10\/Down-square-25x25.png 25w, https:\/\/alignmentkey.com\/wp-content\/uploads\/2024\/10\/Down-square-12x12.png 12w, https:\/\/alignmentkey.com\/wp-content\/uploads\/2024\/10\/Down-square.png 34w\" sizes=\"(max-width: 25px) 100vw, 25px\" \/><\/span><\/a><\/div><div class=\"vc_empty_space\"   style=\"height: 20vh\"><span class=\"vc_empty_space_inner\"><\/span><\/div><\/div><\/div><\/div><\/div><div class=\"vc_row-full-width vc_clearfix\"><\/div><div id=\"section-title\" class=\"vc_row wpb_row vc_row-fluid vc_custom_1728544742152 wd-rs-67077fe3ccdb6\"><div class=\"wpb_column vc_column_container vc_col-sm-12 wd-rs-6659f8e6c06b0\"><div class=\"vc_column-inner vc_custom_1717172465450\"><div class=\"wpb_wrapper\">\n\t\t<div id=\"wd-6719070b9ee53\" class=\"title-wrapper wd-wpb set-mb-s reset-last-child  wd-rs-6719070b9ee53 wd-title-color-primary wd-title-style-default text-center vc_custom_1729693462679 wd-underline-colored\">\n\t\t\t\n\t\t\t<div class=\"liner-continer\">\n\t\t\t\t<h2 class=\"woodmart-title-container title  wd-font-weight-800 wd-fontsize-xxxl\" >AlphaLeaderKEY<\/h2>\n\t\t\t\t\t\t\t<\/div>\n\t\t\t\n\t\t\t\n\t\t\t\n\t\t<\/div>\n\t\t\n\t\t\t\t<div id=\"wd-6719071a61583\" class=\"wd-text-block wd-wpb reset-last-child wd-rs-6719071a61583 text-center wd-fontsize-m\">\n\t\t\t<p>Alpha LeaderKEY is a specialized analysis designed for business owners and managers. It helps you understand your leadership qualities and strengths while identifying areas where seeking support from others might be more effective. This analysis enables you to discover where to focus your energy, leading to more satisfying results.<\/p>\n\t\t<\/div>\n\t\t<\/div><\/div><\/div><\/div><div class=\"vc_row wpb_row vc_row-fluid vc_custom_1717259257217 vc_row-has-fill vc_row-o-equal-height vc_row-flex wd-rs-665b4bf4a53b7 wd-section-stretch-content\"><div class=\"wpb_column vc_column_container vc_col-sm-6 wd-rs-665b4c2b32ba1\"><div class=\"vc_column-inner vc_custom_1717259316130\"><div class=\"wpb_wrapper\">\n\t\t<div id=\"wd-66c494d67f4e0\" class=\"title-wrapper wd-wpb set-mb-s reset-last-child  wd-rs-66c494d67f4e0 wd-title-color-primary wd-title-style-default text-left  wd-title-empty wd-underline-colored\">\n\t\t\t\n\t\t\t<div class=\"liner-continer\">\n\t\t\t\t<h3 class=\"woodmart-title-container title  wd-font-weight-800 wd-fontsize-xl\" ><\/h3>\n\t\t\t\t\t\t\t<\/div>\n\t\t\t\n\t\t\t\n\t\t\t\n\t\t<\/div>\n\t\t\n\t\t\n\t<div class=\"wpb_text_column wpb_content_element\" >\n\t\t<div class=\"wpb_wrapper\">\n\t\t\t<p><strong>Comprehensive Leadership Analysis:<\/strong> Identify your leadership qualities and strengths.<\/p>\n<p class=\"translation-block\"><strong>Discover Focus Areas:<\/strong> Identify areas where you can use your energy most effectively.<\/p>\n<p class=\"translation-block\"><strong>Management Style Enhancement:<\/strong> Shape your management strategies based on your interaction and collaboration style.<\/p>\n<p class=\"translation-block\"><strong>Future Planning:<\/strong> Take the necessary steps to advance your business or career, become an organization with more employees, or grow steadily and profitably.<\/p>\n<p class=\"translation-block\"><strong>Challenge Identification and Resolution:<\/strong> Identify and address the challenges you may face.<\/p>\n\n\t\t<\/div>\n\t<\/div>\n<\/div><\/div><\/div><div class=\"wpb_column vc_column_container vc_col-sm-6 vc_col-has-fill wd-rs-66ec141263c4b\"><div class=\"vc_column-inner vc_custom_1726747676708\"><div class=\"wpb_wrapper\"><\/div><\/div><\/div><\/div><div class=\"vc_row wpb_row vc_row-fluid vc_custom_1724152112838 wd-rs-66c478d8eeaf5 wd-section-stretch\"><div class=\"wpb_column vc_column_container vc_col-sm-12 wd-rs-6659f8e6c06b0\"><div class=\"vc_column-inner vc_custom_1717172465450\"><div class=\"wpb_wrapper\">\n\t\t<div id=\"wd-6719072ac6c32\" class=\"title-wrapper wd-wpb set-mb-s reset-last-child  wd-rs-6719072ac6c32 wd-title-color-primary wd-title-style-default text-center  wd-underline-colored\">\n\t\t\t\n\t\t\t<div class=\"liner-continer\">\n\t\t\t\t<h2 class=\"woodmart-title-container title  wd-font-weight-800 wd-fontsize-xxxl\" >Advantages of Alpha LeaderKEY:<\/h2>\n\t\t\t\t\t\t\t<\/div>\n\t\t\t\n\t\t\t\n\t\t\t\n\t\t<\/div>\n\t\t\n\t\t\t\t<div id=\"wd-66c47950a8f7a\" class=\"wd-text-block wd-wpb reset-last-child wd-rs-66c47950a8f7a text-left wd-fontsize-m vc_custom_1724152187025\">\n\t\t\t<div><\/div>\n<p><strong>Personalized Approach:<\/strong> Every business and manager has unique dynamics. Therefore, our analysis is designed specifically for you.<br \/>\n<strong>Expert Support:<\/strong> Our experienced consultants guide you on how to utilize the analysis results most effectively.<br \/>\n<strong>Long-Term Success:<\/strong> We focus not only on your short-term goals but also on your long-term success. We develop strategies for the sustainable growth of your business.<br \/>\n<strong>Innovative Solutions:<\/strong> We offer innovative and flexible solutions to help you quickly adapt to changing business conditions.<\/p>\n\t\t<\/div>\n\t\t<\/div><\/div><\/div><\/div><div class=\"vc_row wpb_row vc_row-fluid vc_custom_1717028202071 wd-rs-6657c566169a8\"><div class=\"wpb_column vc_column_container vc_col-sm-12 wd-rs-6659f8e6c06b0\"><div class=\"vc_column-inner vc_custom_1717172465450\"><div class=\"wpb_wrapper\">\n\t\t<div id=\"wd-66c497032ae51\" class=\"title-wrapper wd-wpb set-mb-s reset-last-child  wd-rs-66c497032ae51 wd-title-color-primary wd-title-style-default text-center vc_custom_1724159785344 wd-underline-colored\">\n\t\t\t\n\t\t\t<div class=\"liner-continer\">\n\t\t\t\t<h2 class=\"woodmart-title-container title  wd-font-weight-800 wd-fontsize-xxxl\" >The Path to Success<\/h2>\n\t\t\t\t\t\t\t<\/div>\n\t\t\t\n\t\t\t\n\t\t\t\n\t\t<\/div>\n\t\t\n\t\t\t\t<div id=\"wd-6719073a68c9c\" class=\"wd-text-block wd-wpb reset-last-child wd-rs-6719073a68c9c text-center wd-fontsize-m\">\n\t\t\t<p style=\"text-align: center;\">With Alpha LeaderKEY, we offer a comprehensive and personalized solution to elevate your business and career to the next level. This analysis, tailored specifically for you, will be your guide on the path to success. Choose Alpha LeaderKEY to discover your potential and make your future brighter and more successful.<\/p>\n\t\t<\/div>\n\t\t<\/div><\/div><\/div><\/div>\n<\/div>","protected":false},"excerpt":{"rendered":"AlphaLeaderKEY: \u0130\u015fletme Sahipleri ve Y\u00f6neticiler \u0130\u00e7in \u00d6zelle\u015ftirilmi\u015f Analiz AlphaLeaderKEY AlphaLeaderKEY, i\u015f sahipleri ve y\u00f6neticiler i\u00e7in tasarlanm\u0131\u015f \u00f6zel bir analizdir. Liderlik","protected":false},"author":1,"featured_media":0,"parent":0,"menu_order":0,"comment_status":"closed","ping_status":"closed","template":"","meta":{"footnotes":""},"class_list":["post-9828","page","type-page","status-publish","hentry"],"_links":{"self":[{"href":"https:\/\/alignmentkey.com\/en\/wp-json\/wp\/v2\/pages\/9828","targetHints":{"allow":["GET"]}}],"collection":[{"href":"https:\/\/alignmentkey.com\/en\/wp-json\/wp\/v2\/pages"}],"about":[{"href":"https:\/\/alignmentkey.com\/en\/wp-json\/wp\/v2\/types\/page"}],"author":[{"embeddable":true,"href":"https:\/\/alignmentkey.com\/en\/wp-json\/wp\/v2\/users\/1"}],"replies":[{"embeddable":true,"href":"https:\/\/alignmentkey.com\/en\/wp-json\/wp\/v2\/comments?post=9828"}],"version-history":[{"count":20,"href":"https:\/\/alignmentkey.com\/en\/wp-json\/wp\/v2\/pages\/9828\/revisions"}],"predecessor-version":[{"id":11250,"href":"https:\/\/alignmentkey.com\/en\/wp-json\/wp\/v2\/pages\/9828\/revisions\/11250"}],"wp:attachment":[{"href":"https:\/\/alignmentkey.com\/en\/wp-json\/wp\/v2\/media?parent=9828"}],"curies":[{"name":"wp","href":"https:\/\/api.w.org\/{rel}","templated":true}]}}