{"id":9832,"date":"2024-06-01T21:25:31","date_gmt":"2024-06-01T18:25:31","guid":{"rendered":"https:\/\/humanwordpress.anahtarsensin.com\/?page_id=9832"},"modified":"2025-01-09T10:41:51","modified_gmt":"2025-01-09T07:41:51","slug":"human-design-bg5-is-ve-yasam-dongusu","status":"publish","type":"page","link":"https:\/\/alignmentkey.com\/en\/human-design-bg5-is-ve-yasam-dongusu\/","title":{"rendered":"Human Design BG5 &#8211; \u0130\u015f ve Ya\u015fam D\u00f6ng\u00fcs\u00fc"},"content":{"rendered":"<div class=\"wpb-content-wrapper\"><div data-vc-full-width=\"true\" data-vc-full-width-init=\"false\" class=\"vc_row wpb_row vc_row-fluid vc_custom_1723706135912 vc_row-has-fill vc_row-o-full-height vc_row-o-columns-middle vc_row-flex wd-rs-66bdaafdda872\"><div class=\"wpb_column vc_column_container vc_col-sm-12 text-center\"><div class=\"vc_column-inner vc_custom_1624451786726\"><div class=\"wpb_wrapper\"><div class=\"vc_empty_space\"   style=\"height: 20vh\"><span class=\"vc_empty_space_inner\"><\/span><\/div>\n\t\t<div id=\"wd-66bdab4c9b4d4\" class=\"title-wrapper wd-wpb set-mb-s reset-last-child  wd-rs-66bdab4c9b4d4 wd-title-color-primary wd-title-style-default text-center  wd-width-enabled wd-underline-colored\" style=\"--wd-max-width: 50%;\">\n\t\t\t\n\t\t\t<div class=\"liner-continer\">\n\t\t\t\t<h1 class=\"woodmart-title-container title  wd-font-weight-800 wd-fontsize-xxl\" >Natural Rhythms and Cycles in Our Work<br \/>\nand Career Life<\/h1>\n\t\t\t\t\t\t\t<\/div>\n\t\t\t\n\t\t\t\n\t\t\t\n\t\t<\/div>\n\t\t\n\t\t\t\t<div id=\"wd-66bdab3b40c00\" class=\"wd-text-block wd-wpb reset-last-child wd-rs-66bdab3b40c00 text-center wd-width-enabled color-scheme-light wd-fontsize-m\" style=\"--wd-max-width: 80%;\">\n\t\t\t\t\t<\/div>\n\t\t<div id=\"wd-677d1e6963dfb\" class=\"wd-rs-677d1e6963dfb vc_custom_1736253043421 wd-button-wrapper text-center\"><a href=\"https:\/\/alignmentkey.com\/en\/product\/human-design-is-ve-yasam-dongusu-analizi\/\" title=\"Human Design Cycles &amp; Its Effects Analysis\" target=\"_blank\" class=\"btn btn-color-alt btn-style-default btn-style-round btn-size-default\">Purchase Cycles &amp; Its Effects Analysis<\/a><\/div><div id=\"wd-677f776e7fa91\" class=\"wd-rs-677f776e7fa91 vc_custom_1736406899494 wd-button-wrapper wd-smooth-scroll text-center\" data-smooth-time=\"1000\" data-smooth-offset=\"100\"><a href=\"#section-title\" title=\"#section-title\" class=\"btn btn-scheme-light btn-scheme-hover-light btn-style-default btn-style-rectangle btn-size-default btn-icon-pos-right\"> <span class=\"wd-btn-icon\"><img decoding=\"async\" width=\"25\" height=\"25\" src=\"https:\/\/alignmentkey.com\/wp-content\/uploads\/2024\/10\/Down-square-25x25.png\" class=\"attachment-25x25 size-25x25\" alt=\"\" srcset=\"https:\/\/alignmentkey.com\/wp-content\/uploads\/2024\/10\/Down-square-25x25.png 25w, https:\/\/alignmentkey.com\/wp-content\/uploads\/2024\/10\/Down-square-12x12.png 12w, https:\/\/alignmentkey.com\/wp-content\/uploads\/2024\/10\/Down-square.png 34w\" sizes=\"(max-width: 25px) 100vw, 25px\" \/><\/span><\/a><\/div><div class=\"vc_empty_space\"   style=\"height: 20vh\"><span class=\"vc_empty_space_inner\"><\/span><\/div><\/div><\/div><\/div><\/div><div class=\"vc_row-full-width vc_clearfix\"><\/div><div id=\"section-title\" class=\"vc_row wpb_row vc_row-fluid vc_custom_1728544528961 wd-rs-67077f0d85b7a\"><div class=\"wpb_column vc_column_container vc_col-sm-12 wd-rs-6659f8e6c06b0\"><div class=\"vc_column-inner vc_custom_1717172465450\"><div class=\"wpb_wrapper\">\n\t\t<div id=\"wd-66bdac021ee7a\" class=\"title-wrapper wd-wpb set-mb-s reset-last-child  wd-rs-66bdac021ee7a wd-title-color-primary wd-title-style-default text-center vc_custom_1723706384269 wd-underline-colored\">\n\t\t\t\n\t\t\t<div class=\"liner-continer\">\n\t\t\t\t<h2 class=\"woodmart-title-container title  wd-font-weight-800 wd-fontsize-xxxl\" >Stages in Our Career and Work Life: Natural Cycles and Rhythms from First Steps to Retirement, and from Establishment to Succession and Closure<\/h2>\n\t\t\t\t\t\t\t<\/div>\n\t\t\t\n\t\t\t\n\t\t\t\n\t\t<\/div>\n\t\t\n\t\t\t\t<div id=\"wd-66bdac1837512\" class=\"wd-text-block wd-wpb reset-last-child wd-rs-66bdac1837512 text-center wd-fontsize-m\">\n\t\t\t<p>Our business and career journey, much like the cycles of nature, involves various stages. From the moment we take our first steps, we navigate through role changes, career transitions, and eventually, the retirement process. Establishing a business, witnessing its growth and maturation, and possibly moving towards closure or succession are all integral parts of this natural progression.<\/p>\n\t\t<\/div>\n\t\t<\/div><\/div><\/div><\/div><div class=\"vc_row wpb_row vc_row-fluid vc_custom_1723708010407 vc_row-has-fill vc_row-o-content-middle vc_row-flex wd-rs-66bdb23d71f3c wd-section-stretch\"><div class=\"wpb_column vc_column_container vc_col-sm-4 wd-rs-665b503b0b04d\"><div class=\"vc_column-inner vc_custom_1717260359122\"><div class=\"wpb_wrapper\">\t\t\t<div class=\"info-box-wrapper\">\n\t\t\t\t<div id=\"wd-66bdacfd28583\" class=\"wd-rs-66bdacfd28583 wd-info-box wd-wpb text-center box-icon-align-top box-style- color-scheme-light wd-bg-none\">\n\t\t\t\t\t\t\t\t\t\t\t<div class=\"box-icon-wrapper  box-with-icon box-icon-with-bg\">\n\t\t\t\t\t\t\t<div class=\"info-box-icon\">\n\n\t\t\t\t\t\t\t\n\t\t\t\t\t\t\t\t\t\t\t\t\t\t\t\t\t<img decoding=\"async\" width=\"80\" height=\"80\" src=\"https:\/\/alignmentkey.com\/wp-content\/uploads\/2024\/08\/bg5-isveyasamdonguleriicon.png\" class=\"attachment-full size-full\" alt=\"\" \/>\t\t\t\t\t\t\t\t\t\t\t\t\t\t\t\n\t\t\t\t\t\t\t<\/div>\n\t\t\t\t\t\t<\/div>\n\t\t\t\t\t\t\t\t\t\t<div class=\"info-box-content\">\n\t\t\t\t\t\t\t\t\t\t\t\t<div class=\"info-box-inner set-cont-mb-s reset-last-child\"><p>Being aware of these cycles helps us make more informed and strategic decisions in our professional lives<\/p>\n<\/div>\n\n\t\t\t\t\t\t\t\t\t\t\t<\/div>\n\n\t\t\t\t\t\n\t\t\t\t\t<style>#wd-66bdacfd28583 .info-box-icon {border-color:  !important;}<\/style>\t\t\t\t<\/div>\n\t\t\t<\/div>\n\t\t<\/div><\/div><\/div><div class=\"wpb_column vc_column_container vc_col-sm-4\"><div class=\"vc_column-inner\"><div class=\"wpb_wrapper\">\t\t\t<div class=\"info-box-wrapper\">\n\t\t\t\t<div id=\"wd-66bdad6f3e5f6\" class=\"wd-rs-66bdad6f3e5f6 wd-info-box wd-wpb text-center box-icon-align-top box-style- color-scheme-light wd-bg-none\">\n\t\t\t\t\t\t\t\t\t\t\t<div class=\"box-icon-wrapper  box-with-icon box-icon-with-bg\">\n\t\t\t\t\t\t\t<div class=\"info-box-icon\">\n\n\t\t\t\t\t\t\t\n\t\t\t\t\t\t\t\t\t\t\t\t\t\t\t\t\t<img decoding=\"async\" width=\"80\" height=\"80\" src=\"https:\/\/alignmentkey.com\/wp-content\/uploads\/2024\/08\/bg5-is-ve-yasam-icon2.png\" class=\"attachment-full size-full\" alt=\"\" \/>\t\t\t\t\t\t\t\t\t\t\t\t\t\t\t\n\t\t\t\t\t\t\t<\/div>\n\t\t\t\t\t\t<\/div>\n\t\t\t\t\t\t\t\t\t\t<div class=\"info-box-content\">\n\t\t\t\t\t\t\t\t\t\t\t\t<div class=\"info-box-inner set-cont-mb-s reset-last-child\"><p>Understanding cycles at every stage of life contributes to leading a more balanced and conscious life.<\/p>\n<\/div>\n\n\t\t\t\t\t\t\t\t\t\t\t<\/div>\n\n\t\t\t\t\t\n\t\t\t\t\t<style>#wd-66bdad6f3e5f6 .info-box-icon {border-color:  !important;}<\/style>\t\t\t\t<\/div>\n\t\t\t<\/div>\n\t\t<\/div><\/div><\/div><div class=\"wpb_column vc_column_container vc_col-sm-4\"><div class=\"vc_column-inner\"><div class=\"wpb_wrapper\">\t\t\t<div class=\"info-box-wrapper\">\n\t\t\t\t<div id=\"wd-66bdadd560b24\" class=\"wd-rs-66bdadd560b24 wd-info-box wd-wpb text-center box-icon-align-top box-style- color-scheme-light wd-bg-none\">\n\t\t\t\t\t\t\t\t\t\t\t<div class=\"box-icon-wrapper  box-with-icon box-icon-with-bg\">\n\t\t\t\t\t\t\t<div class=\"info-box-icon\">\n\n\t\t\t\t\t\t\t\n\t\t\t\t\t\t\t\t\t\t\t\t\t\t\t\t\t<img loading=\"lazy\" decoding=\"async\" width=\"80\" height=\"80\" src=\"https:\/\/alignmentkey.com\/wp-content\/uploads\/2024\/08\/bg5-is-ve-yasam-icon3.png\" class=\"attachment-full size-full\" alt=\"\" \/>\t\t\t\t\t\t\t\t\t\t\t\t\t\t\t\n\t\t\t\t\t\t\t<\/div>\n\t\t\t\t\t\t<\/div>\n\t\t\t\t\t\t\t\t\t\t<div class=\"info-box-content\">\n\t\t\t\t\t\t\t\t\t\t\t\t<div class=\"info-box-inner set-cont-mb-s reset-last-child\"><p>This awareness supports our personal growth and enables us to achieve fulfilling successes in our professional lives.<\/p>\n<\/div>\n\n\t\t\t\t\t\t\t\t\t\t\t<\/div>\n\n\t\t\t\t\t\n\t\t\t\t\t<style>#wd-66bdadd560b24 .info-box-icon {border-color:  !important;}<\/style>\t\t\t\t<\/div>\n\t\t\t<\/div>\n\t\t<\/div><\/div><\/div><\/div><div class=\"vc_row wpb_row vc_row-fluid vc_custom_1717259257217 vc_row-has-fill vc_row-o-equal-height vc_row-flex wd-rs-665b4bf4a53b7 wd-section-stretch-content\"><div class=\"wpb_column vc_column_container vc_col-sm-6 wd-rs-665b4c2b32ba1\"><div class=\"vc_column-inner vc_custom_1717259316130\"><div class=\"wpb_wrapper\">\n\t\t<div id=\"wd-66bdb2b027a5a\" class=\"title-wrapper wd-wpb set-mb-s reset-last-child  wd-rs-66bdb2b027a5a wd-title-color-primary wd-title-style-default text-left  wd-underline-colored\">\n\t\t\t\n\t\t\t<div class=\"liner-continer\">\n\t\t\t\t<h3 class=\"woodmart-title-container title  wd-font-weight-800 wd-fontsize-xl\" >Advantages of Knowing the Effects, Changes, and Flows of Cycles on Our Career or Business:<\/h3>\n\t\t\t\t\t\t\t<\/div>\n\t\t\t\n\t\t\t\n\t\t\t\n\t\t<\/div>\n\t\t\n\t\t\n\t<div class=\"wpb_text_column wpb_content_element\" >\n\t\t<div class=\"wpb_wrapper\">\n\t\t\t<ul>\n<li>When a cycle ends, it enables you to leave it behind and move into a new cycle.<\/li>\n<li>It helps us determine our direction during transition periods.<\/li>\n<li>It allows us to use daily, annual, and broader cycles for greater success and satisfaction.<\/li>\n<li>It provides insight into how broader cycles affect our career or business during different stages of our lives.<\/li>\n<li>It offers deeper insight into the life aspects related to BG5 Career Design.<\/li>\n<li>It helps us naturally align with cycles that impact our career, business, and life purpose.<\/li>\n<\/ul>\n\n\t\t<\/div>\n\t<\/div>\n<\/div><\/div><\/div><div class=\"wpb_column vc_column_container vc_col-sm-6 vc_col-has-fill wd-rs-66bdb3672e326\"><div class=\"vc_column-inner vc_custom_1723708406648\"><div class=\"wpb_wrapper\"><\/div><\/div><\/div><\/div><div class=\"vc_row wpb_row vc_row-fluid vc_custom_1717262199075 wd-rs-665b5773f05ac wd-section-stretch\"><div class=\"wpb_column vc_column_container vc_col-sm-12 wd-rs-6659f8e6c06b0\"><div class=\"vc_column-inner vc_custom_1717172465450\"><div class=\"wpb_wrapper\">\n\t\t<div id=\"wd-66bdb416d0c20\" class=\"title-wrapper wd-wpb set-mb-s reset-last-child  wd-rs-66bdb416d0c20 wd-title-color-primary wd-title-style-default text-center  wd-underline-colored\">\n\t\t\t\n\t\t\t<div class=\"liner-continer\">\n\t\t\t\t<h2 class=\"woodmart-title-container title  wd-font-weight-800 wd-fontsize-xxxl\" >Understanding the Effects of Cycles in Career and Work Life: Guidance for Success, Satisfaction, and Natural Alignment<\/h2>\n\t\t\t\t\t\t\t<\/div>\n\t\t\t\n\t\t\t\n\t\t\t\n\t\t<\/div>\n\t\t\n\t\t\t\t<div id=\"wd-66bdb43d507f4\" class=\"wd-text-block wd-wpb reset-last-child wd-rs-66bdb43d507f4 text-center wd-fontsize-m vc_custom_1723708482007\">\n\t\t\t<p>Recognizing these cycles allows us to make more informed and strategic decisions in our professional lives. It supports both our personal development and contributes to achieving more fulfilling successes in our careers. Understanding the opportunities and challenges presented by cycles at every stage of life helps us lead a more balanced and conscious life.<\/p>\n\t\t<\/div>\n\t\t<\/div><\/div><\/div><\/div><div data-vc-full-width=\"true\" data-vc-full-width-init=\"false\" class=\"vc_row wpb_row vc_row-fluid vc_custom_1724844884908 vc_row-has-fill vc_row-o-content-middle vc_row-flex wd-rs-66cf0b46e4623\"><div class=\"wpb_column vc_column_container vc_col-sm-6 wd-rs-610a58df87177\"><div class=\"vc_column-inner vc_custom_1628068066977\"><div class=\"wpb_wrapper\">\n\t\t<div id=\"wd-677f76ef8ad11\" class=\"title-wrapper wd-wpb set-mb-s reset-last-child  wd-rs-677f76ef8ad11 wd-title-color-default wd-title-style-default text-left vc_custom_1736406781009 wd-underline-colored-alt\">\n\t\t\t\n\t\t\t<div class=\"liner-continer\">\n\t\t\t\t<h4 class=\"woodmart-title-container title  wd-font-weight-300 wd-fontsize-l translation-block\" >We invite you to explore the transformative benefits of <strong>Cycles &amp; Its Effects Analysis<\/strong> and see the difference our career and personal development solutions can make in your professional life.<\/h4>\n\t\t\t\t\t\t\t<\/div>\n\t\t\t\n\t\t\t\n\t\t\t\n\t\t<\/div>\n\t\t\n\t\t<div id=\"wd-677f772d91040\" class=\"wd-rs-677f772d91040 vc_custom_1736406836406 wd-button-wrapper text-left\"><a href=\"https:\/\/alignmentkey.com\/en\/product\/human-design-is-ve-yasam-dongusu-analizi\/\" title=\"Human Design Cycles &amp; Its Effects Analysis\" target=\"_blank\" class=\"btn btn-color-alt btn-style-default btn-style-round btn-size-default\">Purchase Cycles &amp; Its Effects Analysis<\/a><\/div><\/div><\/div><\/div><div class=\"wpb_column vc_column_container vc_col-sm-6 wd-rs-610a58dae7921\"><div class=\"vc_column-inner vc_custom_1628068061353\"><div class=\"wpb_wrapper\"><\/div><\/div><\/div><\/div><div class=\"vc_row-full-width vc_clearfix\"><\/div>\n<\/div>","protected":false},"excerpt":{"rendered":"\u0130\u015f ve Kariyer Hayat\u0131m\u0131zdaki Do\u011fal Ritimler ve D\u00f6ng\u00fcler \u0130\u015f ve Ya\u015fam D\u00f6ng\u00fcs\u00fc Analizi Sat\u0131n Al Kariyer ve \u0130\u015f Ya\u015fam\u0131m\u0131zdaki A\u015famalar:","protected":false},"author":1,"featured_media":0,"parent":0,"menu_order":0,"comment_status":"closed","ping_status":"closed","template":"","meta":{"footnotes":""},"class_list":["post-9832","page","type-page","status-publish","hentry"],"_links":{"self":[{"href":"https:\/\/alignmentkey.com\/en\/wp-json\/wp\/v2\/pages\/9832","targetHints":{"allow":["GET"]}}],"collection":[{"href":"https:\/\/alignmentkey.com\/en\/wp-json\/wp\/v2\/pages"}],"about":[{"href":"https:\/\/alignmentkey.com\/en\/wp-json\/wp\/v2\/types\/page"}],"author":[{"embeddable":true,"href":"https:\/\/alignmentkey.com\/en\/wp-json\/wp\/v2\/users\/1"}],"replies":[{"embeddable":true,"href":"https:\/\/alignmentkey.com\/en\/wp-json\/wp\/v2\/comments?post=9832"}],"version-history":[{"count":26,"href":"https:\/\/alignmentkey.com\/en\/wp-json\/wp\/v2\/pages\/9832\/revisions"}],"predecessor-version":[{"id":11426,"href":"https:\/\/alignmentkey.com\/en\/wp-json\/wp\/v2\/pages\/9832\/revisions\/11426"}],"wp:attachment":[{"href":"https:\/\/alignmentkey.com\/en\/wp-json\/wp\/v2\/media?parent=9832"}],"curies":[{"name":"wp","href":"https:\/\/api.w.org\/{rel}","templated":true}]}}