{"id":9834,"date":"2024-06-01T21:28:40","date_gmt":"2024-06-01T18:28:40","guid":{"rendered":"https:\/\/humanwordpress.anahtarsensin.com\/?page_id=9834"},"modified":"2025-01-09T10:47:08","modified_gmt":"2025-01-09T07:47:08","slug":"human-design-bg5-kazanc-potansiyeli","status":"publish","type":"page","link":"https:\/\/alignmentkey.com\/en\/human-design-bg5-kazanc-potansiyeli\/","title":{"rendered":"Human Design BG5 &#8211; Kazan\u00e7 Potansiyeli"},"content":{"rendered":"<div class=\"wpb-content-wrapper\"><div data-vc-full-width=\"true\" data-vc-full-width-init=\"false\" class=\"vc_row wpb_row vc_row-fluid vc_custom_1723708765186 vc_row-has-fill vc_row-o-full-height vc_row-o-columns-middle vc_row-flex wd-rs-66bdb4f0a8019\"><div class=\"wpb_column vc_column_container vc_col-sm-12 text-center\"><div class=\"vc_column-inner vc_custom_1624451786726\"><div class=\"wpb_wrapper\"><div class=\"vc_empty_space\"   style=\"height: 20vh\"><span class=\"vc_empty_space_inner\"><\/span><\/div>\n\t\t<div id=\"wd-66bdb56a68eae\" class=\"title-wrapper wd-wpb set-mb-s reset-last-child  wd-rs-66bdb56a68eae wd-title-color-primary wd-title-style-default text-center  wd-underline-colored\">\n\t\t\t\n\t\t\t<div class=\"liner-continer\">\n\t\t\t\t<h1 class=\"woodmart-title-container title  wd-font-weight-800 wd-fontsize-xxl\" >Would you like to discover how to earn the easiest income by being yourself and aligning with your design?<\/h1>\n\t\t\t\t\t\t\t<\/div>\n\t\t\t\n\t\t\t\n\t\t\t\n\t\t<\/div>\n\t\t\n\t\t\t\t<div id=\"wd-66bdb57cf0245\" class=\"wd-text-block wd-wpb reset-last-child wd-rs-66bdb57cf0245 text-center wd-width-enabled color-scheme-light wd-fontsize-m\" style=\"--wd-max-width: 80%;\">\n\t\t\t<p style=\"text-align: justify;\">Did you know that there are specific attraction points in your design that draw others to you? You can think of these as the storefront of your business. By highlighting these points and surrounding yourself with the right environment and people, you can leverage great power in your career and business.<\/p>\n\t\t<\/div>\n\t\t<div id=\"wd-677f7ee780a10\" class=\"wd-rs-677f7ee780a10 vc_custom_1736408814744 wd-button-wrapper text-center\"><a href=\"https:\/\/alignmentkey.com\/en\/product\/human-design-kazanc-potansiyeli-analizi\/\" title=\"Human Design Profit Potential Analysis\" target=\"_blank\" class=\"btn btn-color-alt btn-style-default btn-style-round btn-size-default\">Purchase Profit Potential Analysis<\/a><\/div><div id=\"wd-677f7ef7dd7a0\" class=\"wd-rs-677f7ef7dd7a0 vc_custom_1736408827107 wd-button-wrapper wd-smooth-scroll text-center\" data-smooth-time=\"1000\" data-smooth-offset=\"100\"><a href=\"#section-title\" title=\"#section-title\" class=\"btn btn-scheme-light btn-scheme-hover-light btn-style-default btn-style-rectangle btn-size-default btn-icon-pos-right\"> <span class=\"wd-btn-icon\"><img decoding=\"async\" width=\"25\" height=\"25\" src=\"https:\/\/alignmentkey.com\/wp-content\/uploads\/2024\/10\/Down-square-25x25.png\" class=\"attachment-25x25 size-25x25\" alt=\"\" srcset=\"https:\/\/alignmentkey.com\/wp-content\/uploads\/2024\/10\/Down-square-25x25.png 25w, https:\/\/alignmentkey.com\/wp-content\/uploads\/2024\/10\/Down-square-12x12.png 12w, https:\/\/alignmentkey.com\/wp-content\/uploads\/2024\/10\/Down-square.png 34w\" sizes=\"(max-width: 25px) 100vw, 25px\" \/><\/span><\/a><\/div><div class=\"vc_empty_space\"   style=\"height: 20vh\"><span class=\"vc_empty_space_inner\"><\/span><\/div><\/div><\/div><\/div><\/div><div class=\"vc_row-full-width vc_clearfix\"><\/div><div id=\"section-title\" class=\"vc_row wpb_row vc_row-fluid vc_custom_1728544799572 wd-rs-6707801d85097\"><div class=\"wpb_column vc_column_container vc_col-sm-12 wd-rs-6659f8e6c06b0\"><div class=\"vc_column-inner vc_custom_1717172465450\"><div class=\"wpb_wrapper\">\n\t\t<div id=\"wd-66bdb59727f39\" class=\"title-wrapper wd-wpb set-mb-s reset-last-child  wd-rs-66bdb59727f39 wd-title-color-primary wd-title-style-default text-center vc_custom_1723708829751 wd-underline-colored\">\n\t\t\t\n\t\t\t<div class=\"liner-continer\">\n\t\t\t\t<h2 class=\"woodmart-title-container title  wd-font-weight-800 wd-fontsize-xxxl\" >Profit Potential Analysis<\/h2>\n\t\t\t\t\t\t\t<\/div>\n\t\t\t\n\t\t\t\n\t\t\t\n\t\t<\/div>\n\t\t\n\t\t\t\t<div id=\"wd-671907ba7b7de\" class=\"wd-text-block wd-wpb reset-last-child wd-rs-671907ba7b7de text-center wd-fontsize-m\">\n\t\t\t<p>This analysis delves deeply into the 9 Functions of your career design, helping you understand how to utilize each one to achieve the most satisfying, successful, and peaceful outcomes while doing work you love. It aids in discovering your natural talents and maximizing their potential. Additionally, it allows you to take strategic steps toward greater happiness and fulfillment in your professional life. Profit Potential Analysis also helps identify areas where you can further develop and gain a competitive advantage. Finally, this process enables you to focus more clearly on your career goals and plan the pathways to achieve them.<\/p>\n\t\t<\/div>\n\t\t<\/div><\/div><\/div><\/div><div class=\"vc_row wpb_row vc_row-fluid vc_row-o-content-middle vc_row-flex wd-rs-665b4e0491d9e wd-section-stretch-content\"><div class=\"wpb_column vc_column_container vc_col-sm-12\"><div class=\"vc_column-inner\"><div class=\"wpb_wrapper\">\t\t<div id=\"wd-66ec146bd9772\" class=\"wd-image wd-wpb wd-rs-66ec146bd9772 text-center vc_custom_1726747791655\">\n\t\t\t\n\t\t\t<img fetchpriority=\"high\" decoding=\"async\"  src=\"https:\/\/alignmentkey.com\/wp-content\/uploads\/2024\/09\/Rectangle-98-2.svg\" title=\"Rectangle 98 (2)\" width=\"3000\" height=\"3000\">\n\t\t\t\t\t<\/div>\n\t\t\n\t\t<div id=\"wd-66bdb6ae8b8b6\" class=\"title-wrapper wd-wpb set-mb-s reset-last-child  wd-rs-66bdb6ae8b8b6 wd-title-color-primary wd-title-style-default text-center vc_custom_1723709118898 wd-underline-colored\">\n\t\t\t\n\t\t\t<div class=\"liner-continer\">\n\t\t\t\t<h2 class=\"woodmart-title-container title  wd-font-weight-800 wd-fontsize-xxxl\" >Discover the Advantages of the Profit Potential Analysis<\/h2>\n\t\t\t\t\t\t\t<\/div>\n\t\t\t\n\t\t\t\n\t\t\t\n\t\t<\/div>\n\t\t\n\t\t<\/div><\/div><\/div><\/div><div class=\"vc_row wpb_row vc_row-fluid vc_custom_1717260189900 vc_row-o-content-middle vc_row-flex wd-rs-665b4f98ebdcf\"><div class=\"wpb_column vc_column_container vc_col-sm-6\"><div class=\"vc_column-inner\"><div class=\"wpb_wrapper\">\t\t\t<div class=\"info-box-wrapper\">\n\t\t\t\t<div id=\"wd-66bdb783d07db\" class=\"wd-rs-66bdb783d07db wd-info-box wd-wpb text-center box-icon-align-top box-style- color-scheme- wd-bg-none vc_custom_1723709321420\">\n\t\t\t\t\t\t\t\t\t\t\t<div class=\"box-icon-wrapper  box-with-text text-size-small box-icon-with-bg\">\n\t\t\t\t\t\t\t<div class=\"info-box-icon\">\n\n\t\t\t\t\t\t\t\t\t\t\t\t\t\t\t1\t\t\t\t\t\t\t\n\t\t\t\t\t\t\t<\/div>\n\t\t\t\t\t\t<\/div>\n\t\t\t\t\t\t\t\t\t\t<div class=\"info-box-content\">\n\t\t\t\t\t\t<h3 class=\"info-box-title title wd-font-weight-800 box-title-style-default wd-fontsize-m\">Discover Your Natural Talents<\/h3>\t\t\t\t\t\t<div class=\"info-box-inner set-cont-mb-s reset-last-child\"><p>Uncover your innate abilities and strengths to pursue a more fulfilling and profitable path in your professional life.<\/p>\n<\/div>\n\n\t\t\t\t\t\t\t\t\t\t\t<\/div>\n\n\t\t\t\t\t\n\t\t\t\t\t<style>#wd-66bdb783d07db .info-box-icon {border-color:  !important;}<\/style>\t\t\t\t<\/div>\n\t\t\t<\/div>\n\t\t\t\t\t<div class=\"info-box-wrapper\">\n\t\t\t\t<div id=\"wd-66c5cf718438d\" class=\"wd-rs-66c5cf718438d wd-info-box wd-wpb text-center box-icon-align-top box-style- color-scheme- wd-bg-none vc_custom_1724239734888\">\n\t\t\t\t\t\t\t\t\t\t\t<div class=\"box-icon-wrapper  box-with-text text-size-small box-icon-with-bg\">\n\t\t\t\t\t\t\t<div class=\"info-box-icon\">\n\n\t\t\t\t\t\t\t\t\t\t\t\t\t\t\t3\t\t\t\t\t\t\t\n\t\t\t\t\t\t\t<\/div>\n\t\t\t\t\t\t<\/div>\n\t\t\t\t\t\t\t\t\t\t<div class=\"info-box-content\">\n\t\t\t\t\t\t<h3 class=\"info-box-title title wd-font-weight-800 box-title-style-default wd-fontsize-m\">Strategic Advancement<\/h3>\t\t\t\t\t\t<div class=\"info-box-inner set-cont-mb-s reset-last-child\"><p>Leverage frequency and make strategic progress by recognizing daily, annual, and broader cycle themes.<\/p>\n<\/div>\n\n\t\t\t\t\t\t\t\t\t\t\t<\/div>\n\n\t\t\t\t\t\n\t\t\t\t\t<style>#wd-66c5cf718438d .info-box-icon {border-color:  !important;}<\/style>\t\t\t\t<\/div>\n\t\t\t<\/div>\n\t\t<\/div><\/div><\/div><div class=\"wpb_column vc_column_container vc_col-sm-6\"><div class=\"vc_column-inner\"><div class=\"wpb_wrapper\">\t\t\t<div class=\"info-box-wrapper\">\n\t\t\t\t<div id=\"wd-66bdb79212422\" class=\"wd-rs-66bdb79212422 wd-info-box wd-wpb text-center box-icon-align-top box-style- color-scheme- wd-bg-none vc_custom_1723709335593\">\n\t\t\t\t\t\t\t\t\t\t\t<div class=\"box-icon-wrapper  box-with-text text-size-small box-icon-with-bg\">\n\t\t\t\t\t\t\t<div class=\"info-box-icon\">\n\n\t\t\t\t\t\t\t\t\t\t\t\t\t\t\t2\t\t\t\t\t\t\t\n\t\t\t\t\t\t\t<\/div>\n\t\t\t\t\t\t<\/div>\n\t\t\t\t\t\t\t\t\t\t<div class=\"info-box-content\">\n\t\t\t\t\t\t<h3 class=\"info-box-title title wd-font-weight-800 box-title-style-default wd-fontsize-m\">Personal and Professional Development<\/h3>\t\t\t\t\t\t<div class=\"info-box-inner set-cont-mb-s reset-last-child\"><p>Learn how to work more effectively, position yourself strategically, and define your tasks both personally and professionally.<\/p>\n<\/div>\n\n\t\t\t\t\t\t\t\t\t\t\t<\/div>\n\n\t\t\t\t\t\n\t\t\t\t\t<style>#wd-66bdb79212422 .info-box-icon {border-color:  !important;}<\/style>\t\t\t\t<\/div>\n\t\t\t<\/div>\n\t\t\t\t\t<div class=\"info-box-wrapper\">\n\t\t\t\t<div id=\"wd-66c5cf772b6aa\" class=\"wd-rs-66c5cf772b6aa wd-info-box wd-wpb text-center box-icon-align-top box-style- color-scheme- wd-bg-none vc_custom_1724239740095\">\n\t\t\t\t\t\t\t\t\t\t\t<div class=\"box-icon-wrapper  box-with-text text-size-small box-icon-with-bg\">\n\t\t\t\t\t\t\t<div class=\"info-box-icon\">\n\n\t\t\t\t\t\t\t\t\t\t\t\t\t\t\t4\t\t\t\t\t\t\t\n\t\t\t\t\t\t\t<\/div>\n\t\t\t\t\t\t<\/div>\n\t\t\t\t\t\t\t\t\t\t<div class=\"info-box-content\">\n\t\t\t\t\t\t<h3 class=\"info-box-title title wd-font-weight-800 box-title-style-default wd-fontsize-m\">Utilizing Your Wisdom<\/h3>\t\t\t\t\t\t<div class=\"info-box-inner set-cont-mb-s reset-last-child\"><p>Learn how to leverage your wisdom and strengths to earn in the most accurate and authentic way.<\/p>\n<\/div>\n\n\t\t\t\t\t\t\t\t\t\t\t<\/div>\n\n\t\t\t\t\t\n\t\t\t\t\t<style>#wd-66c5cf772b6aa .info-box-icon {border-color:  !important;}<\/style>\t\t\t\t<\/div>\n\t\t\t<\/div>\n\t\t<\/div><\/div><\/div><\/div><div class=\"vc_row wpb_row vc_row-fluid vc_custom_1717266551257 vc_row-has-fill vc_row-o-equal-height vc_row-flex wd-rs-665b687402ed4 wd-section-stretch-content\"><div class=\"wpb_column vc_column_container vc_col-sm-6 wd-rs-665b4c2b32ba1\"><div class=\"vc_column-inner vc_custom_1717259316130\"><div class=\"wpb_wrapper\">\n\t\t<div id=\"wd-66bdb851e5896\" class=\"title-wrapper wd-wpb set-mb-s reset-last-child  wd-rs-66bdb851e5896 wd-title-color-primary wd-title-style-default text-left  wd-underline-colored\">\n\t\t\t\n\t\t\t<div class=\"liner-continer\">\n\t\t\t\t<h3 class=\"woodmart-title-container title  wd-font-weight-800 wd-fontsize-xl\" >What is the Profit Potential Analysis?<\/h3>\n\t\t\t\t\t\t\t<\/div>\n\t\t\t\n\t\t\t\t\t\t\t<div class=\"title-after_title  set-cont-mb-s reset-last-child  wd-fontsize-s\">It helps you understand how to utilize each of the 9 Functions of your career design to earn while doing work that is the most satisfying, successful, peaceful, and enjoyable for you.<\/div>\n\t\t\t\n\t\t\t\n\t\t<\/div>\n\t\t\n\t\t<\/div><\/div><\/div><div class=\"wpb_column vc_column_container vc_col-sm-6 vc_col-has-fill wd-rs-66bdb8e4b0f0f\"><div class=\"vc_column-inner vc_custom_1723709688355\"><div class=\"wpb_wrapper\"><\/div><\/div><\/div><\/div><div class=\"vc_row wpb_row vc_row-fluid vc_custom_1717266545778 vc_row-has-fill wd-rs-665b686c00615 wd-section-stretch\"><div class=\"wpb_column vc_column_container vc_col-sm-12 wd-rs-6659f8e6c06b0\"><div class=\"vc_column-inner vc_custom_1717172465450\"><div class=\"wpb_wrapper\">\n\t\t<div id=\"wd-66bdb80f1dd99\" class=\"title-wrapper wd-wpb set-mb-s reset-last-child  wd-rs-66bdb80f1dd99 wd-title-color-primary wd-title-style-default text-center  wd-underline-colored\">\n\t\t\t\n\t\t\t<div class=\"liner-continer\">\n\t\t\t\t<h2 class=\"woodmart-title-container title  wd-font-weight-800 wd-fontsize-xxxl\" >We help you understand how to continuously develop your skills to adapt to changing trends and demands in the business world.<\/h2>\n\t\t\t\t\t\t\t<\/div>\n\t\t\t\n\t\t\t\n\t\t\t\n\t\t<\/div>\n\t\t\n\t\t\t\t<div id=\"wd-66bdb82c2f1b4\" class=\"wd-text-block wd-wpb reset-last-child wd-rs-66bdb82c2f1b4 text-center wd-fontsize-m vc_custom_1723709488518\">\n\t\t\t<p>The Profit Potential Analysis is a tool used to provide individuals with greater motivation and guidance in their professional lives. This analysis helps individuals understand their natural tendencies and strengths, supporting them in becoming more effective and successful in their careers. The analysis process encourages individuals to make more conscious and strategic decisions about their career path. This, in turn, allows for better focus on long-term career goals and the identification of necessary steps to achieve those goals.<\/p>\n\t\t<\/div>\n\t\t<\/div><\/div><\/div><\/div><div data-vc-full-width=\"true\" data-vc-full-width-init=\"false\" class=\"vc_row wpb_row vc_row-fluid vc_custom_1724844884908 vc_row-has-fill vc_row-o-content-middle vc_row-flex wd-rs-66cf0b46e4623\"><div class=\"wpb_column vc_column_container vc_col-sm-6 wd-rs-610a58df87177\"><div class=\"vc_column-inner vc_custom_1628068066977\"><div class=\"wpb_wrapper\">\n\t\t<div id=\"wd-677f77bfe5979\" class=\"title-wrapper wd-wpb set-mb-s reset-last-child  wd-rs-677f77bfe5979 wd-title-color-default wd-title-style-default text-left vc_custom_1736406984425 wd-underline-colored-alt\">\n\t\t\t\n\t\t\t<div class=\"liner-continer\">\n\t\t\t\t<h4 class=\"woodmart-title-container title  wd-font-weight-300 wd-fontsize-l translation-block\" >We invite you to explore the transformative benefits of <strong>Profit Potential Analysis<\/strong> and see the difference our career and personal development solutions can make in your professional life.<\/h4>\n\t\t\t\t\t\t\t<\/div>\n\t\t\t\n\t\t\t\n\t\t\t\n\t\t<\/div>\n\t\t\n\t\t<div id=\"wd-677f77d58ed72\" class=\"wd-rs-677f77d58ed72 vc_custom_1736407002095 wd-button-wrapper text-left\"><a href=\"https:\/\/alignmentkey.com\/en\/product\/human-design-kazanc-potansiyeli-analizi\/\" title=\"Human Design Profit Potential Analysis\" target=\"_blank\" class=\"btn btn-color-alt btn-style-default btn-style-round btn-size-default\">Purchase Profit Potential Analysis<\/a><\/div><\/div><\/div><\/div><div class=\"wpb_column vc_column_container vc_col-sm-6 wd-rs-610a58dae7921\"><div class=\"vc_column-inner vc_custom_1628068061353\"><div class=\"wpb_wrapper\"><\/div><\/div><\/div><\/div><div class=\"vc_row-full-width vc_clearfix\"><\/div>\n<\/div>","protected":false},"excerpt":{"rendered":"Kendiniz olarak ve tasar\u0131m\u0131n\u0131za uygun \u015fekilde nas\u0131l en kolay kazan\u00e7 sa\u011flayabilece\u011finizi ke\u015ffetmek ister misiniz? Tasar\u0131m\u0131n\u0131zda ba\u015fkalar\u0131n\u0131 size \u00e7eken belirli \u00e7ekim","protected":false},"author":1,"featured_media":0,"parent":0,"menu_order":0,"comment_status":"closed","ping_status":"closed","template":"","meta":{"footnotes":""},"class_list":["post-9834","page","type-page","status-publish","hentry"],"_links":{"self":[{"href":"https:\/\/alignmentkey.com\/en\/wp-json\/wp\/v2\/pages\/9834","targetHints":{"allow":["GET"]}}],"collection":[{"href":"https:\/\/alignmentkey.com\/en\/wp-json\/wp\/v2\/pages"}],"about":[{"href":"https:\/\/alignmentkey.com\/en\/wp-json\/wp\/v2\/types\/page"}],"author":[{"embeddable":true,"href":"https:\/\/alignmentkey.com\/en\/wp-json\/wp\/v2\/users\/1"}],"replies":[{"embeddable":true,"href":"https:\/\/alignmentkey.com\/en\/wp-json\/wp\/v2\/comments?post=9834"}],"version-history":[{"count":26,"href":"https:\/\/alignmentkey.com\/en\/wp-json\/wp\/v2\/pages\/9834\/revisions"}],"predecessor-version":[{"id":11431,"href":"https:\/\/alignmentkey.com\/en\/wp-json\/wp\/v2\/pages\/9834\/revisions\/11431"}],"wp:attachment":[{"href":"https:\/\/alignmentkey.com\/en\/wp-json\/wp\/v2\/media?parent=9834"}],"curies":[{"name":"wp","href":"https:\/\/api.w.org\/{rel}","templated":true}]}}