{"id":9852,"date":"2024-06-02T02:56:55","date_gmt":"2024-06-01T23:56:55","guid":{"rendered":"https:\/\/humanwordpress.anahtarsensin.com\/?page_id=9852"},"modified":"2024-10-10T10:20:46","modified_gmt":"2024-10-10T07:20:46","slug":"human-design-bg5-living-your-design","status":"publish","type":"page","link":"https:\/\/alignmentkey.com\/en\/human-design-bg5-living-your-design\/","title":{"rendered":"Human Design BG5 &#8211; Living Your Design"},"content":{"rendered":"<div class=\"wpb-content-wrapper\"><div data-vc-full-width=\"true\" data-vc-full-width-init=\"false\" class=\"vc_row wpb_row vc_row-fluid vc_custom_1723710291609 vc_row-has-fill vc_row-o-full-height vc_row-o-columns-middle vc_row-flex wd-rs-66bdbab6c24e6\"><div class=\"wpb_column vc_column_container vc_col-sm-12 text-center\"><div class=\"vc_column-inner vc_custom_1624451786726\"><div class=\"wpb_wrapper\"><div class=\"vc_empty_space\"   style=\"height: 20vh\"><span class=\"vc_empty_space_inner\"><\/span><\/div>\n\t\t<div id=\"wd-66bdc0418cd7b\" class=\"title-wrapper wd-wpb set-mb-s reset-last-child  wd-rs-66bdc0418cd7b wd-title-color-primary wd-title-style-default text-center  wd-underline-colored\">\n\t\t\t\n\t\t\t<div class=\"liner-continer\">\n\t\t\t\t<h1 class=\"woodmart-title-container title  wd-font-weight-800 wd-fontsize-xxl\" >Are you ready to embark on a deep journey of self-discovery and knowledge?<\/h1>\n\t\t\t\t\t\t\t<\/div>\n\t\t\t\n\t\t\t\n\t\t\t\n\t\t<\/div>\n\t\t\n\t\t\t\t<div id=\"wd-66bdc067c8180\" class=\"wd-text-block wd-wpb reset-last-child wd-rs-66bdc067c8180 text-center wd-width-enabled color-scheme-light wd-fontsize-m\" style=\"--wd-max-width: 80%;\">\n\t\t\t<p style=\"text-align: justify;\">What you will learn allows you to develop a deep understanding of your unique strategy and authority. By applying this knowledge to your own experiences, you can gain a clear grasp of what it means to live your design.<\/p>\n<p>The program is developed by the International Human Design School and delivered by our certified instructors from the school.<\/p>\n\t\t<\/div>\n\t\t<div id=\"wd-6707804a9120f\" class=\"wd-rs-6707804a9120f vc_custom_1728544844824 wd-button-wrapper wd-smooth-scroll text-center\" data-smooth-time=\"1000\" data-smooth-offset=\"100\"><a href=\"#section-title\" title=\"#section-title\" class=\"btn btn-scheme-light btn-scheme-hover-light btn-style-default btn-style-rectangle btn-size-default btn-icon-pos-right\"> <span class=\"wd-btn-icon\"><img decoding=\"async\" width=\"25\" height=\"25\" src=\"https:\/\/alignmentkey.com\/wp-content\/uploads\/2024\/10\/Down-square-25x25.png\" class=\"attachment-25x25 size-25x25\" alt=\"\" srcset=\"https:\/\/alignmentkey.com\/wp-content\/uploads\/2024\/10\/Down-square-25x25.png 25w, https:\/\/alignmentkey.com\/wp-content\/uploads\/2024\/10\/Down-square-12x12.png 12w, https:\/\/alignmentkey.com\/wp-content\/uploads\/2024\/10\/Down-square.png 34w\" sizes=\"(max-width: 25px) 100vw, 25px\" \/><\/span><\/a><\/div><div class=\"vc_empty_space\"   style=\"height: 20vh\"><span class=\"vc_empty_space_inner\"><\/span><\/div><\/div><\/div><\/div><\/div><div class=\"vc_row-full-width vc_clearfix\"><\/div><div id=\"section-title\" class=\"vc_row wpb_row vc_row-fluid vc_custom_1728544831593 wd-rs-6707803d4a333\"><div class=\"wpb_column vc_column_container vc_col-sm-12 wd-rs-6659f8e6c06b0\"><div class=\"vc_column-inner vc_custom_1717172465450\"><div class=\"wpb_wrapper\">\n\t\t<div id=\"wd-66bdbb60b8c48\" class=\"title-wrapper wd-wpb set-mb-s reset-last-child  wd-rs-66bdbb60b8c48 wd-title-color-primary wd-title-style-default text-center vc_custom_1723710310833 wd-underline-colored\">\n\t\t\t\n\t\t\t<div class=\"liner-continer\">\n\t\t\t\t<h2 class=\"woodmart-title-container title  wd-font-weight-800 wd-fontsize-xxxl\" >Less Stress and Anxiety<\/h2>\n\t\t\t\t\t\t\t<\/div>\n\t\t\t\n\t\t\t\n\t\t\t\n\t\t<\/div>\n\t\t\n\t\t\t\t<div id=\"wd-66bdbb70e62c4\" class=\"wd-text-block wd-wpb reset-last-child wd-rs-66bdbb70e62c4 text-center wd-fontsize-m\">\n\t\t\t<p>Knowing yourself and your limits reduces stress and anxiety. By avoiding efforts on incorrect paths, you can lead a more peaceful life. This program, prepared by the International Human Design School and delivered by our certified instructors from the school, provides comprehensive insights into your design.<\/p>\n\t\t<\/div>\n\t\t<\/div><\/div><\/div><\/div><div class=\"vc_row wpb_row vc_row-fluid vc_custom_1723711397187 vc_row-has-fill vc_row-o-content-middle vc_row-flex wd-rs-66bdbf85b683e wd-section-stretch\"><div class=\"wpb_column vc_column_container vc_col-sm-3 wd-rs-665b503b0b04d\"><div class=\"vc_column-inner vc_custom_1717260359122\"><div class=\"wpb_wrapper\">\t\t\t<div class=\"info-box-wrapper\">\n\t\t\t\t<div id=\"wd-66bdbe44a6c4b\" class=\"wd-rs-66bdbe44a6c4b wd-info-box wd-wpb text-center box-icon-align-top box-style- color-scheme-light wd-bg-none\">\n\t\t\t\t\t\t\t\t\t\t\t<div class=\"box-icon-wrapper  box-with-icon box-icon-with-bg\">\n\t\t\t\t\t\t\t<div class=\"info-box-icon\">\n\n\t\t\t\t\t\t\t\n\t\t\t\t\t\t\t\t\t\t\t\t\t\t\t\t\t<img decoding=\"async\" width=\"80\" height=\"80\" src=\"https:\/\/alignmentkey.com\/wp-content\/uploads\/2024\/08\/bg5-living-your-design-icon1.png\" class=\"attachment-full size-full\" alt=\"\" \/>\t\t\t\t\t\t\t\t\t\t\t\t\t\t\t\n\t\t\t\t\t\t\t<\/div>\n\t\t\t\t\t\t<\/div>\n\t\t\t\t\t\t\t\t\t\t<div class=\"info-box-content\">\n\t\t\t\t\t\t<h3 class=\"info-box-title title wd-font-weight-800 box-title-style-default wd-fontsize-m\">True Self or Not-Self<\/h3>\t\t\t\t\t\t<div class=\"info-box-inner set-cont-mb-s reset-last-child\"><\/div>\n\n\t\t\t\t\t\t\t\t\t\t\t<\/div>\n\n\t\t\t\t\t\n\t\t\t\t\t<style>#wd-66bdbe44a6c4b .info-box-icon {border-color:  !important;}<\/style>\t\t\t\t<\/div>\n\t\t\t<\/div>\n\t\t<\/div><\/div><\/div><div class=\"wpb_column vc_column_container vc_col-sm-3\"><div class=\"vc_column-inner\"><div class=\"wpb_wrapper\">\t\t\t<div class=\"info-box-wrapper\">\n\t\t\t\t<div id=\"wd-66f57352f1af9\" class=\"wd-rs-66f57352f1af9 wd-info-box wd-wpb text-center box-icon-align-top box-style- color-scheme-light wd-bg-none\">\n\t\t\t\t\t\t\t\t\t\t\t<div class=\"box-icon-wrapper  box-with-icon box-icon-with-bg\">\n\t\t\t\t\t\t\t<div class=\"info-box-icon\">\n\n\t\t\t\t\t\t\t\n\t\t\t\t\t\t\t\t\t\t\t\t\t\t\t\t\t<img decoding=\"async\" width=\"80\" height=\"80\" src=\"https:\/\/alignmentkey.com\/wp-content\/uploads\/2024\/08\/bg5-living-your-design-icon2.png\" class=\"attachment-full size-full\" alt=\"\" \/>\t\t\t\t\t\t\t\t\t\t\t\t\t\t\t\n\t\t\t\t\t\t\t<\/div>\n\t\t\t\t\t\t<\/div>\n\t\t\t\t\t\t\t\t\t\t<div class=\"info-box-content\">\n\t\t\t\t\t\t<h3 class=\"info-box-title title wd-font-weight-800 box-title-style-default wd-fontsize-m\">Conditionings \/ Strategies \/ Authorities<\/h3>\t\t\t\t\t\t<div class=\"info-box-inner set-cont-mb-s reset-last-child\"><\/div>\n\n\t\t\t\t\t\t\t\t\t\t\t<\/div>\n\n\t\t\t\t\t\n\t\t\t\t\t<style>#wd-66f57352f1af9 .info-box-icon {border-color:  !important;}<\/style>\t\t\t\t<\/div>\n\t\t\t<\/div>\n\t\t<\/div><\/div><\/div><div class=\"wpb_column vc_column_container vc_col-sm-3\"><div class=\"vc_column-inner\"><div class=\"wpb_wrapper\">\t\t\t<div class=\"info-box-wrapper\">\n\t\t\t\t<div id=\"wd-66bdbf4496f52\" class=\"wd-rs-66bdbf4496f52 wd-info-box wd-wpb text-center box-icon-align-top box-style- color-scheme-light wd-bg-none\">\n\t\t\t\t\t\t\t\t\t\t\t<div class=\"box-icon-wrapper  box-with-icon box-icon-with-bg\">\n\t\t\t\t\t\t\t<div class=\"info-box-icon\">\n\n\t\t\t\t\t\t\t\n\t\t\t\t\t\t\t\t\t\t\t\t\t\t\t\t\t<img loading=\"lazy\" decoding=\"async\" width=\"86\" height=\"84\" src=\"https:\/\/alignmentkey.com\/wp-content\/uploads\/2024\/08\/bg5-living-your-design-icon3.png\" class=\"attachment-full size-full\" alt=\"\" \/>\t\t\t\t\t\t\t\t\t\t\t\t\t\t\t\n\t\t\t\t\t\t\t<\/div>\n\t\t\t\t\t\t<\/div>\n\t\t\t\t\t\t\t\t\t\t<div class=\"info-box-content\">\n\t\t\t\t\t\t<h3 class=\"info-box-title title wd-font-weight-800 box-title-style-default wd-fontsize-m\">5 Types - 4 Auras - 9 Centers<\/h3>\t\t\t\t\t\t<div class=\"info-box-inner set-cont-mb-s reset-last-child\"><\/div>\n\n\t\t\t\t\t\t\t\t\t\t\t<\/div>\n\n\t\t\t\t\t\n\t\t\t\t\t<style>#wd-66bdbf4496f52 .info-box-icon {border-color:  !important;}<\/style>\t\t\t\t<\/div>\n\t\t\t<\/div>\n\t\t<\/div><\/div><\/div><\/div><div class=\"vc_row wpb_row vc_row-fluid vc_custom_1717259257217 vc_row-has-fill vc_row-o-equal-height vc_row-flex wd-rs-665b4bf4a53b7 wd-section-stretch-content\"><div class=\"wpb_column vc_column_container vc_col-sm-6 wd-rs-665b4c2b32ba1\"><div class=\"vc_column-inner vc_custom_1717259316130\"><div class=\"wpb_wrapper\">\n\t\t<div id=\"wd-66c49d9846bda\" class=\"title-wrapper wd-wpb set-mb-s reset-last-child  wd-rs-66c49d9846bda wd-title-color-primary wd-title-style-default text-left  wd-width-enabled wd-underline-colored\" style=\"--wd-max-width: 70%;\">\n\t\t\t\n\t\t\t<div class=\"liner-continer\">\n\t\t\t\t<h3 class=\"woodmart-title-container title  wd-font-weight-800 wd-fontsize-xl\" >More Effective Decision-Making<\/h3>\n\t\t\t\t\t\t\t<\/div>\n\t\t\t\n\t\t\t\t\t\t\t<div class=\"title-after_title  set-cont-mb-s reset-last-child  wd-fontsize-s\">Acting in alignment with your true nature helps you make better decisions. This enables you to navigate your life more consciously and efficiently.<\/div>\n\t\t\t\n\t\t\t\n\t\t<\/div>\n\t\t\n\t\t<\/div><\/div><\/div><div class=\"wpb_column vc_column_container vc_col-sm-6 vc_col-has-fill wd-rs-66ec15f6ce3b5\"><div class=\"vc_column-inner vc_custom_1726748159311\"><div class=\"wpb_wrapper\"><\/div><\/div><\/div><\/div><div class=\"vc_row wpb_row vc_row-fluid vc_custom_1717262199075 wd-rs-665b5773f05ac wd-section-stretch\"><div class=\"wpb_column vc_column_container vc_col-sm-12 wd-rs-6659f8e6c06b0\"><div class=\"vc_column-inner vc_custom_1717172465450\"><div class=\"wpb_wrapper\">\n\t\t<div id=\"wd-66bdc0beb1c73\" class=\"title-wrapper wd-wpb set-mb-s reset-last-child  wd-rs-66bdc0beb1c73 wd-title-color-primary wd-title-style-default text-center  wd-underline-colored\">\n\t\t\t\n\t\t\t<div class=\"liner-continer\">\n\t\t\t\t<h2 class=\"woodmart-title-container title  wd-font-weight-800 wd-fontsize-xxxl\" >More Fulfilling Life, Healthier Relationships<\/h2>\n\t\t\t\t\t\t\t<\/div>\n\t\t\t\n\t\t\t\n\t\t\t\n\t\t<\/div>\n\t\t\n\t\t\t\t<div id=\"wd-66bdc0d5b8697\" class=\"wd-text-block wd-wpb reset-last-child wd-rs-66bdc0d5b8697 text-center wd-fontsize-m vc_custom_1723711705851\">\n\t\t\t<p>Living in alignment with your true nature guides you towards a happy and fulfilling life. When inner harmony is achieved, success and happiness in the external world also increase. Understanding yourself better leads to more open, honest, and harmonious relationships with others, helping you build healthy and strong connections.<\/p>\n\t\t<\/div>\n\t\t<\/div><\/div><\/div><\/div>\n<\/div>","protected":false},"excerpt":{"rendered":"Derin bir kendini ke\u015ffetme ve bilgi yolculu\u011fu \u00e7\u0131kmaya haz\u0131r m\u0131s\u0131n\u0131z? \u00d6\u011frenecekleriniz, \u00f6zel stratejiniz ve otoriteniz hakk\u0131nda derinlemesine bir anlay\u0131\u015f geli\u015ftirmenize","protected":false},"author":1,"featured_media":0,"parent":0,"menu_order":0,"comment_status":"closed","ping_status":"closed","template":"","meta":{"footnotes":""},"class_list":["post-9852","page","type-page","status-publish","hentry"],"_links":{"self":[{"href":"https:\/\/alignmentkey.com\/en\/wp-json\/wp\/v2\/pages\/9852","targetHints":{"allow":["GET"]}}],"collection":[{"href":"https:\/\/alignmentkey.com\/en\/wp-json\/wp\/v2\/pages"}],"about":[{"href":"https:\/\/alignmentkey.com\/en\/wp-json\/wp\/v2\/types\/page"}],"author":[{"embeddable":true,"href":"https:\/\/alignmentkey.com\/en\/wp-json\/wp\/v2\/users\/1"}],"replies":[{"embeddable":true,"href":"https:\/\/alignmentkey.com\/en\/wp-json\/wp\/v2\/comments?post=9852"}],"version-history":[{"count":16,"href":"https:\/\/alignmentkey.com\/en\/wp-json\/wp\/v2\/pages\/9852\/revisions"}],"predecessor-version":[{"id":11027,"href":"https:\/\/alignmentkey.com\/en\/wp-json\/wp\/v2\/pages\/9852\/revisions\/11027"}],"wp:attachment":[{"href":"https:\/\/alignmentkey.com\/en\/wp-json\/wp\/v2\/media?parent=9852"}],"curies":[{"name":"wp","href":"https:\/\/api.w.org\/{rel}","templated":true}]}}