{"id":9854,"date":"2024-06-02T02:59:11","date_gmt":"2024-06-01T23:59:11","guid":{"rendered":"https:\/\/humanwordpress.anahtarsensin.com\/?page_id=9854"},"modified":"2024-10-10T10:23:53","modified_gmt":"2024-10-10T07:23:53","slug":"human-design-bg5-temel-dersler","status":"publish","type":"page","link":"https:\/\/alignmentkey.com\/en\/human-design-bg5-temel-dersler\/","title":{"rendered":"BG5 human design core courses"},"content":{"rendered":"<div class=\"wpb-content-wrapper\"><div data-vc-full-width=\"true\" data-vc-full-width-init=\"false\" class=\"vc_row wpb_row vc_row-fluid vc_custom_1723721218769 vc_row-has-fill vc_row-o-full-height vc_row-o-columns-middle vc_row-flex wd-rs-66bde3632cacd\"><div class=\"wpb_column vc_column_container vc_col-sm-12 text-center\"><div class=\"vc_column-inner vc_custom_1624451786726\"><div class=\"wpb_wrapper\"><div class=\"vc_empty_space\"   style=\"height: 20vh\"><span class=\"vc_empty_space_inner\"><\/span><\/div>\n\t\t<div id=\"wd-66bde7c306065\" class=\"title-wrapper wd-wpb set-mb-s reset-last-child  wd-rs-66bde7c306065 wd-title-color-primary wd-title-style-default text-center  wd-underline-colored\">\n\t\t\t\n\t\t\t<div class=\"liner-continer\">\n\t\t\t\t<h1 class=\"woodmart-title-container title  wd-font-weight- wd-fontsize-xxl\" >BG5 Business Human Design Trainings<br \/>\nare offered globally through the exclusively authorized BG5 Business Institute!<\/h1>\n\t\t\t\t\t\t\t<\/div>\n\t\t\t\n\t\t\t\n\t\t\t\n\t\t<\/div>\n\t\t\n\t\t\t\t<div id=\"wd-66bde7cd135f8\" class=\"wd-text-block wd-wpb reset-last-child wd-rs-66bde7cd135f8 text-center wd-width-enabled color-scheme-light wd-fontsize-m\" style=\"--wd-max-width: 80%;\">\n\t\t\t<p style=\"text-align: justify;\">BG5\u2122 Business Human Design Certification Trainings are designed for individuals and organizations seeking to provide professional consulting services with BG5\u2122 Business Human Design. These trainings are offered by the BG5\u2122 Business Institute, the only accreditation body with global validity.<\/p>\n\t\t<\/div>\n\t\t<div id=\"wd-67078106163b2\" class=\"wd-rs-67078106163b2 vc_custom_1728545032277 wd-button-wrapper wd-smooth-scroll text-center\" data-smooth-time=\"1000\" data-smooth-offset=\"100\"><a href=\"#section-title\" title=\"#section-title\" class=\"btn btn-scheme-light btn-scheme-hover-light btn-style-default btn-style-rectangle btn-size-default btn-icon-pos-right\"> <span class=\"wd-btn-icon\"><img decoding=\"async\" width=\"25\" height=\"25\" src=\"https:\/\/alignmentkey.com\/wp-content\/uploads\/2024\/10\/Down-square-25x25.png\" class=\"attachment-25x25 size-25x25\" alt=\"\" srcset=\"https:\/\/alignmentkey.com\/wp-content\/uploads\/2024\/10\/Down-square-25x25.png 25w, https:\/\/alignmentkey.com\/wp-content\/uploads\/2024\/10\/Down-square-12x12.png 12w, https:\/\/alignmentkey.com\/wp-content\/uploads\/2024\/10\/Down-square.png 34w\" sizes=\"(max-width: 25px) 100vw, 25px\" \/><\/span><\/a><\/div><div class=\"vc_empty_space\"   style=\"height: 20vh\"><span class=\"vc_empty_space_inner\"><\/span><\/div><\/div><\/div><\/div><\/div><div class=\"vc_row-full-width vc_clearfix\"><\/div><section id=\"section-title\" class=\"vc_section vc_custom_1728545019331 vc_section-has-fill wd-rs-670780f53f1ed wd-section-stretch\"><div class=\"vc_row wpb_row vc_row-fluid vc_custom_1717028202071 wd-rs-6657c566169a8\"><div class=\"wpb_column vc_column_container vc_col-sm-12 wd-rs-6659f8e6c06b0\"><div class=\"vc_column-inner vc_custom_1717172465450\"><div class=\"wpb_wrapper\">\n\t\t<div id=\"wd-66bde99955426\" class=\"title-wrapper wd-wpb set-mb-s reset-last-child  wd-rs-66bde99955426 wd-title-color-primary wd-title-style-default text-center  wd-underline-colored\">\n\t\t\t\n\t\t\t<div class=\"liner-continer\">\n\t\t\t\t<h2 class=\"woodmart-title-container title  wd-font-weight-800 wd-fontsize-xxxl\" >The Key to Career Success: Discover Your Unique Career Design with BG5\u2122 Basic Introduction Courses!<\/h2>\n\t\t\t\t\t\t\t<\/div>\n\t\t\t\n\t\t\t\n\t\t\t\n\t\t<\/div>\n\t\t\n\t\t\t\t<div id=\"wd-66bde9a855ca4\" class=\"wd-text-block wd-wpb reset-last-child wd-rs-66bde9a855ca4 text-center wd-fontsize-m\">\n\t\t\t<p>To achieve success in your career and the business world, you first need to understand the foundation of your unique Career Design. In the Basic Introduction Courses, we embark on a journey to uncover your hidden potential by exploring your personal work style. These courses will help you learn BG5\u2122 terminology and language. For those aspiring to become certified consultants, these courses are required to continue on to BG5\u2122 Certification Trainings.<\/p>\n\t\t<\/div>\n\t\t<\/div><\/div><\/div><\/div><div class=\"vc_row wpb_row vc_row-fluid vc_custom_1717262583192 vc_row-o-content-middle vc_row-flex wd-rs-665b58f1dd0c1\"><div class=\"wpb_column vc_column_container vc_col-sm-6\"><div class=\"vc_column-inner\"><div class=\"wpb_wrapper\">\t\t\t<div class=\"info-box-wrapper\">\n\t\t\t\t<div id=\"wd-66bde67cef4ac\" class=\"wd-rs-66bde67cef4ac wd-info-box wd-wpb text-center box-icon-align-top box-style- color-scheme- wd-bg-none\">\n\t\t\t\t\t\t\t\t\t\t\t<div class=\"box-icon-wrapper  box-with-icon box-icon-with-bg\">\n\t\t\t\t\t\t\t<div class=\"info-box-icon\">\n\n\t\t\t\t\t\t\t\n\t\t\t\t\t\t\t\t\t\t\t\t\t\t\t\t\t<img decoding=\"async\" width=\"80\" height=\"80\" src=\"https:\/\/alignmentkey.com\/wp-content\/uploads\/2024\/08\/bg5-temel-dersler-icon1.png\" class=\"attachment-full size-full\" alt=\"\" \/>\t\t\t\t\t\t\t\t\t\t\t\t\t\t\t\n\t\t\t\t\t\t\t<\/div>\n\t\t\t\t\t\t<\/div>\n\t\t\t\t\t\t\t\t\t\t<div class=\"info-box-content\">\n\t\t\t\t\t\t<h3 class=\"info-box-title title wd-font-weight-800 box-title-style-default wd-fontsize-m\">Self-Understanding<\/h3>\t\t\t\t\t\t<div class=\"info-box-inner set-cont-mb-s reset-last-child\"><p>In the introductory courses, you will have the opportunity to understand who you are at your core and integrate what you learn into your personal and professional life.<\/p>\n<\/div>\n\n\t\t\t\t\t\t\t\t\t\t\t<\/div>\n\n\t\t\t\t\t\n\t\t\t\t\t<style>#wd-66bde67cef4ac .info-box-icon {border-color:  !important;}<\/style>\t\t\t\t<\/div>\n\t\t\t<\/div>\n\t\t\t\t\t<div class=\"info-box-wrapper\">\n\t\t\t\t<div id=\"wd-66bde6a954524\" class=\"wd-rs-66bde6a954524 wd-info-box wd-wpb text-center box-icon-align-top box-style- color-scheme- wd-bg-none\">\n\t\t\t\t\t\t\t\t\t\t\t<div class=\"box-icon-wrapper  box-with-icon box-icon-with-bg\">\n\t\t\t\t\t\t\t<div class=\"info-box-icon\">\n\n\t\t\t\t\t\t\t\n\t\t\t\t\t\t\t\t\t\t\t\t\t\t\t\t\t<img decoding=\"async\" width=\"80\" height=\"80\" src=\"https:\/\/alignmentkey.com\/wp-content\/uploads\/2024\/08\/bg5-temel-dersler-icon3.png\" class=\"attachment-full size-full\" alt=\"\" \/>\t\t\t\t\t\t\t\t\t\t\t\t\t\t\t\n\t\t\t\t\t\t\t<\/div>\n\t\t\t\t\t\t<\/div>\n\t\t\t\t\t\t\t\t\t\t<div class=\"info-box-content\">\n\t\t\t\t\t\t<h3 class=\"info-box-title title wd-font-weight-800 box-title-style-default wd-fontsize-m\">BG5\u2122 Terminology<\/h3>\t\t\t\t\t\t<div class=\"info-box-inner set-cont-mb-s reset-last-child\"><p>BG5\u2122 language is more accessible and straightforward compared to the traditional Human Design terminology. In the Basic Introduction Courses, you can learn this terminology and build a foundation for professional certification.<\/p>\n<\/div>\n\n\t\t\t\t\t\t\t\t\t\t\t<\/div>\n\n\t\t\t\t\t\n\t\t\t\t\t<style>#wd-66bde6a954524 .info-box-icon {border-color:  !important;}<\/style>\t\t\t\t<\/div>\n\t\t\t<\/div>\n\t\t<\/div><\/div><\/div><div class=\"wpb_column vc_column_container vc_col-sm-6\"><div class=\"vc_column-inner\"><div class=\"wpb_wrapper\">\t\t\t<div class=\"info-box-wrapper\">\n\t\t\t\t<div id=\"wd-66bde695a1577\" class=\"wd-rs-66bde695a1577 wd-info-box wd-wpb text-center box-icon-align-top box-style- color-scheme- wd-bg-none\">\n\t\t\t\t\t\t\t\t\t\t\t<div class=\"box-icon-wrapper  box-with-icon box-icon-with-bg\">\n\t\t\t\t\t\t\t<div class=\"info-box-icon\">\n\n\t\t\t\t\t\t\t\n\t\t\t\t\t\t\t\t\t\t\t\t\t\t\t\t\t<img loading=\"lazy\" decoding=\"async\" width=\"80\" height=\"80\" src=\"https:\/\/alignmentkey.com\/wp-content\/uploads\/2024\/08\/bg5-temel-dersler-icon2.png\" class=\"attachment-full size-full\" alt=\"\" \/>\t\t\t\t\t\t\t\t\t\t\t\t\t\t\t\n\t\t\t\t\t\t\t<\/div>\n\t\t\t\t\t\t<\/div>\n\t\t\t\t\t\t\t\t\t\t<div class=\"info-box-content\">\n\t\t\t\t\t\t<h3 class=\"info-box-title title wd-font-weight-800 box-title-style-default wd-fontsize-m\">Understanding Others\u2028<\/h3>\t\t\t\t\t\t<div class=\"info-box-inner set-cont-mb-s reset-last-child\"><p>With the BG5\u2122 Business Human Design system, you will gain the opportunity to understand both yourself and those around you, as well as to recognize and appreciate differences. This provides a valuable advantage in interactions with others, both personally and professionally.<\/p>\n<\/div>\n\n\t\t\t\t\t\t\t\t\t\t\t<\/div>\n\n\t\t\t\t\t\n\t\t\t\t\t<style>#wd-66bde695a1577 .info-box-icon {border-color:  !important;}<\/style>\t\t\t\t<\/div>\n\t\t\t<\/div>\n\t\t\t\t\t<div class=\"info-box-wrapper\">\n\t\t\t\t<div id=\"wd-66bde6cc063aa\" class=\"wd-rs-66bde6cc063aa wd-info-box wd-wpb text-center box-icon-align-top box-style- color-scheme- wd-bg-none\">\n\t\t\t\t\t\t\t\t\t\t\t<div class=\"box-icon-wrapper  box-with-icon box-icon-with-bg\">\n\t\t\t\t\t\t\t<div class=\"info-box-icon\">\n\n\t\t\t\t\t\t\t\n\t\t\t\t\t\t\t\t\t\t\t\t\t\t\t\t\t<img loading=\"lazy\" decoding=\"async\" width=\"80\" height=\"80\" src=\"https:\/\/alignmentkey.com\/wp-content\/uploads\/2024\/08\/bg5-temel-dersler-icon4.png\" class=\"attachment-full size-full\" alt=\"\" \/>\t\t\t\t\t\t\t\t\t\t\t\t\t\t\t\n\t\t\t\t\t\t\t<\/div>\n\t\t\t\t\t\t<\/div>\n\t\t\t\t\t\t\t\t\t\t<div class=\"info-box-content\">\n\t\t\t\t\t\t<h3 class=\"info-box-title title wd-font-weight-800 box-title-style-default wd-fontsize-m\">Interpreting the Design Chart<\/h3>\t\t\t\t\t\t<div class=\"info-box-inner set-cont-mb-s reset-last-child\"><p>In the Basic Introduction Courses, you will learn how to interpret the personal design chart, which is foundational to the Human Design system, from both personal and business\/career perspectives.<\/p>\n<\/div>\n\n\t\t\t\t\t\t\t\t\t\t\t<\/div>\n\n\t\t\t\t\t\n\t\t\t\t\t<style>#wd-66bde6cc063aa .info-box-icon {border-color:  !important;}<\/style>\t\t\t\t<\/div>\n\t\t\t<\/div>\n\t\t<\/div><\/div><\/div><\/div><\/section><div class=\"vc_row wpb_row vc_row-fluid vc_custom_1717259257217 vc_row-has-fill vc_row-o-equal-height vc_row-flex wd-rs-665b4bf4a53b7 wd-section-stretch-content\"><div class=\"wpb_column vc_column_container vc_col-sm-6 vc_col-has-fill wd-rs-66bde74bbad92\"><div class=\"vc_column-inner vc_custom_1723721610797\"><div class=\"wpb_wrapper\"><\/div><\/div><\/div><div class=\"wpb_column vc_column_container vc_col-sm-6 wd-rs-665b4c2b32ba1\"><div class=\"vc_column-inner vc_custom_1717259316130\"><div class=\"wpb_wrapper\">\n\t\t<div id=\"wd-66bde71907242\" class=\"title-wrapper wd-wpb set-mb-s reset-last-child  wd-rs-66bde71907242 wd-title-color-primary wd-title-style-default text-left  wd-underline-colored\">\n\t\t\t\n\t\t\t<div class=\"liner-continer\">\n\t\t\t\t<h3 class=\"woodmart-title-container title  wd-font-weight-800 wd-fontsize-xl\" >Essential Introductory Courses for<br \/>\nMastering the BG5\u2122 System<\/h3>\n\t\t\t\t\t\t\t<\/div>\n\t\t\t\n\t\t\t\t\t\t\t<div class=\"title-after_title  set-cont-mb-s reset-last-child  wd-fontsize-s\">The Introductory Courses are essential for those who wish to gain a deeper understanding of themselves and those looking to advance in the BG5\u2122 system to provide consultancy. These courses consist of 2 modules.<\/div>\n\t\t\t\n\t\t\t\n\t\t<\/div>\n\t\t\n\t\t<\/div><\/div><\/div><\/div>\n<\/div>","protected":false},"excerpt":{"rendered":"BG5 \u0130\u015f \u0130\u00e7in Human Design E\u011fitimleri K\u00fcresel olarak tek yetkili BG5 Business Institute arac\u0131l\u0131\u011f\u0131 ile sunulmaktad\u0131r! BG5\u2122 \u0130\u015f \u0130\u00e7in Human","protected":false},"author":1,"featured_media":0,"parent":0,"menu_order":0,"comment_status":"closed","ping_status":"closed","template":"","meta":{"footnotes":""},"class_list":["post-9854","page","type-page","status-publish","hentry"],"_links":{"self":[{"href":"https:\/\/alignmentkey.com\/en\/wp-json\/wp\/v2\/pages\/9854","targetHints":{"allow":["GET"]}}],"collection":[{"href":"https:\/\/alignmentkey.com\/en\/wp-json\/wp\/v2\/pages"}],"about":[{"href":"https:\/\/alignmentkey.com\/en\/wp-json\/wp\/v2\/types\/page"}],"author":[{"embeddable":true,"href":"https:\/\/alignmentkey.com\/en\/wp-json\/wp\/v2\/users\/1"}],"replies":[{"embeddable":true,"href":"https:\/\/alignmentkey.com\/en\/wp-json\/wp\/v2\/comments?post=9854"}],"version-history":[{"count":14,"href":"https:\/\/alignmentkey.com\/en\/wp-json\/wp\/v2\/pages\/9854\/revisions"}],"predecessor-version":[{"id":11035,"href":"https:\/\/alignmentkey.com\/en\/wp-json\/wp\/v2\/pages\/9854\/revisions\/11035"}],"wp:attachment":[{"href":"https:\/\/alignmentkey.com\/en\/wp-json\/wp\/v2\/media?parent=9854"}],"curies":[{"name":"wp","href":"https:\/\/api.w.org\/{rel}","templated":true}]}}