{"id":9874,"date":"2024-06-02T03:38:22","date_gmt":"2024-06-02T00:38:22","guid":{"rendered":"https:\/\/humanwordpress.anahtarsensin.com\/?page_id=9874"},"modified":"2024-09-27T11:17:20","modified_gmt":"2024-09-27T08:17:20","slug":"sartlar-ve-kosullar-politikasi","status":"publish","type":"page","link":"https:\/\/alignmentkey.com\/en\/sartlar-ve-kosullar-politikasi\/","title":{"rendered":"Terms and Conditions Policy"},"content":{"rendered":"<div class=\"wpb-content-wrapper\"><div class=\"vc_row wpb_row vc_row-fluid vc_custom_1717028202071 wd-rs-6657c566169a8\"><div class=\"wpb_column vc_column_container vc_col-sm-12 vc_col-lg-12 wd-rs-665bbeafa49b7\"><div class=\"vc_column-inner vc_custom_1717288631857\"><div class=\"wpb_wrapper\">\n\t\t<div id=\"wd-66cc803b0ef96\" class=\"title-wrapper wd-wpb set-mb-s reset-last-child  wd-rs-66cc803b0ef96 wd-title-color-primary wd-title-style-default text-left  wd-underline-colored\">\n\t\t\t\n\t\t\t<div class=\"liner-continer\">\n\t\t\t\t<h2 class=\"woodmart-title-container title  wd-font-weight- wd-fontsize-xxxl\" >Terms of Service<\/h2>\n\t\t\t\t\t\t\t<\/div>\n\t\t\t\n\t\t\t\t\t\t\t<div class=\"title-after_title  set-cont-mb-s reset-last-child  wd-fontsize-s\">Welcome to Alignmentkey.com<\/div>\n\t\t\t\n\t\t\t\n\t\t<\/div>\n\t\t\n\t\t\t\t<div id=\"wd-66f669d250c5f\" class=\"wd-text-block wd-wpb reset-last-child wd-rs-66f669d250c5f text-left\">\n\t\t\t<p>These Terms of Use (\"Terms\") are an agreement between you and me and govern your access to and use of alignmentkey.com or services offered through alignmentkey.com. The terms \"you\", \"your\" and \"yours\" refer to any person using the site. Please read these terms carefully before accessing and using the site.<\/p>\n<p>By using Alignmentkey.com, you agree to and accept to be bound by these terms. If you do not agree to these terms, you may not use this site. Additionally, when you use any of our services or offers, you may be subject to additional guidelines and terms that apply to those services or offers. Alignmentkey.com reserves the right to modify these terms from time to time. All changes will take effect after the publication of these updated terms. Your continued access to or use of the site after such publication constitutes your agreement to be bound by these terms as amended.<\/p>\n<p><strong>APPROPRIATENESS<br \/>\n<\/strong>By accessing the Site, you represent and warrant that you are eighteen (18) years of age or older and have the legal capacity to agree to these Terms.<\/p>\n<p><strong>INSTRUCTION<br \/>\n<\/strong>Users of the Site are encouraged to be respectful and follow all applicable laws, rules, and regulations. Failure to follow these rules will result in the termination of your access to Alignmentkey.com.<\/p>\n<ul>\n<li>Using this site for illegal purposes.<\/li>\n<li>Impersonating any person or entity.<\/li>\n<li>Harassing, threatening, or defrauding users, staff, or our vendors.<\/li>\n<li>Infringing any patent, trademark, trade secret, copyright, or other proprietary rights of the site or any third party.<\/li>\n<li>Misrepresenting the source, identity, or content of information transmitted through alignmentkey.com.<\/li>\n<li>Engaging in any action that would weaken or impair any aspect of alignmentkey.com.<\/li>\n<li>Transmitting any virus or other program to the site that could damage or disrupt the use of our or our users' hardware, software, or equipment.<\/li>\n<li>Taking any action that would interfere with the use of the site by other users, or<\/li>\n<li>Duplicating, reproducing, copying, selling, reselling, or exploiting any information, material, or content on alignmentkey.com.<\/li>\n<\/ul>\n<p><strong>THIRD-PARTY LINKS<br \/>\n<\/strong>We may provide links or references to other websites or online resources, but we are not responsible for and do not endorse such third-party websites or resources. We accept no responsibility or liability for any actions, products, or content on any third-party site. Please independently assess whether these resources are good for you - your use of such third-party websites and resources is solely at your own risk. \u00a0<\/p>\n<p><strong>INTELLECTUAL PROPERTY RIGHTS<br \/>\n<\/strong>This Site and all of its contents, including visual interfaces, graphics, design, compilation, information, computer code, products, software, services and all other elements of the Site provided by me (\u201cMaterials\u201d) are protected by international copyright, trademark, patent, trade secret and other intellectual property or proprietary rights laws. The Materials on the Site are copyrighted property.<\/p>\n<p>If you create anything using the Materials, you agree that we exclusively own all rights, title, and interest in and to such Materials, including but not limited to any modifications or derivative works based on the use of the Site Materials. You further agree to assign to us any interest or right you may have in such Materials and to provide information and execute any documents to formalize such assignment.<\/p>\n<p>All trademarks, service marks, and trade names (each a \"Mark\") are the property of Alignmentkey.com. You agree not to use these marks in connection with any product or service not mentioned in any way that could cause confusion or discredit me or another. All other Marks not owned by Alignmentkey.com that appear on the Site are the property of their respective owners, who may or may not be affiliated or sponsored.<\/p>\n<p>These Terms allow you to use the Site for your personal use only. We grant you a limited license to access and use the Site personally. You agree not to sell, license, distribute, copy, modify, publicly perform or display, transmit, publish, edit, adapt, create derivative works from, or otherwise unauthorized use of the Materials. \u00a0<\/p>\n<p><strong>AFFILIATE LINKS DISCLOSURE<br \/>\n<\/strong>Alignmentkey.com may use certain affiliate links, which means that if you make a purchase through the link, a commission will be earned. The price you pay will be the same whether you use the affiliate link or go directly to the seller's website using a non-affiliate link.<\/p>\n<p><strong>TERMINATION<br \/>\n<\/strong>If you breach any of these Terms (including, by reference, the Privacy Policy) or otherwise breach any agreement between you and us, we may, at our sole discretion, prohibit you from using or accessing the Site.<\/p>\n<p><strong>PRIVACY<br \/>\n<\/strong>Your privacy is important to us. <a href=\"https:\/\/alignmentkey.com\/en\/privacy-policy-2\/\">Privacy Policy<\/a> hereby incorporated into these Terms by reference. For information relating to Alignmentkey.com's collection, use, and disclosure of your personal information, please <a href=\"https:\/\/alignmentkey.com\/en\/privacy-policy-2\/\">Gizlilik Politikas\u0131n\u0131<\/a> read carefully.<\/p>\n<p><strong>REFERENCES<br \/>\n<\/strong>All customer-provided testimonials are genuine. Testimonials presented on the Site are applicable only to the individuals depicted and may not represent the experiences of others. Testimonials are not paid and are not indicative of future performance or success of other individuals. Alignmentkey.com cannot and does not guarantee any results for individuals using the material or services provided on this Site.<\/p>\n<p>Last updated: August 26, 2024<\/p>\n<p><a href=\"mailto:info@alignmentkey.com\">info@alignmentkey.com<\/a><\/p>\n\t\t<\/div>\n\t\t<\/div><\/div><\/div><\/div>\n<\/div>","protected":false},"excerpt":{"rendered":"Hizmet Kullan\u0131m \u015eartlar\u0131 Alignmentkey.com\u2019a ho\u015f geldiniz Bu Kullan\u0131m Ko\u015fullar\u0131 (\"\u015eartlar\") sizinle benim aram\u0131zda bir s\u00f6zle\u015fmedir ve alignmentkey.com arac\u0131l\u0131\u011f\u0131yla sunulan alignmentkey.com","protected":false},"author":1,"featured_media":0,"parent":0,"menu_order":0,"comment_status":"closed","ping_status":"closed","template":"","meta":{"footnotes":""},"class_list":["post-9874","page","type-page","status-publish","hentry"],"_links":{"self":[{"href":"https:\/\/alignmentkey.com\/en\/wp-json\/wp\/v2\/pages\/9874","targetHints":{"allow":["GET"]}}],"collection":[{"href":"https:\/\/alignmentkey.com\/en\/wp-json\/wp\/v2\/pages"}],"about":[{"href":"https:\/\/alignmentkey.com\/en\/wp-json\/wp\/v2\/types\/page"}],"author":[{"embeddable":true,"href":"https:\/\/alignmentkey.com\/en\/wp-json\/wp\/v2\/users\/1"}],"replies":[{"embeddable":true,"href":"https:\/\/alignmentkey.com\/en\/wp-json\/wp\/v2\/comments?post=9874"}],"version-history":[{"count":4,"href":"https:\/\/alignmentkey.com\/en\/wp-json\/wp\/v2\/pages\/9874\/revisions"}],"predecessor-version":[{"id":10760,"href":"https:\/\/alignmentkey.com\/en\/wp-json\/wp\/v2\/pages\/9874\/revisions\/10760"}],"wp:attachment":[{"href":"https:\/\/alignmentkey.com\/en\/wp-json\/wp\/v2\/media?parent=9874"}],"curies":[{"name":"wp","href":"https:\/\/api.w.org\/{rel}","templated":true}]}}