{"id":9907,"date":"2024-06-02T04:18:49","date_gmt":"2024-06-02T01:18:49","guid":{"rendered":"https:\/\/humanwordpress.anahtarsensin.com\/?page_id=9907"},"modified":"2024-10-11T09:33:31","modified_gmt":"2024-10-11T06:33:31","slug":"bireysel-cozumler-kariyer-koclugu","status":"publish","type":"page","link":"https:\/\/alignmentkey.com\/en\/bireysel-cozumler-kariyer-koclugu\/","title":{"rendered":"Bireysel \u00c7\u00f6z\u00fcmler &#8211; Kariyer Ko\u00e7lu\u011fu"},"content":{"rendered":"<div class=\"wpb-content-wrapper\"><div class=\"vc_row wpb_row vc_row-fluid vc_custom_1723637952025 vc_row-has-fill wd-rs-66bca04282270 wd-section-stretch\"><div class=\"wpb_column vc_column_container vc_col-sm-12 wd-rs-6657b39de683b\"><div class=\"vc_column-inner vc_custom_1717023731172\"><div class=\"wpb_wrapper\"><div class=\"vc_row wpb_row vc_inner vc_row-fluid\"><div class=\"wpb_column vc_column_container vc_col-sm-8\"><div class=\"vc_column-inner\"><div class=\"wpb_wrapper\">\n\t\t<div id=\"wd-66bca13366145\" class=\"title-wrapper wd-wpb set-mb-s reset-last-child  wd-rs-66bca13366145 wd-title-color-primary wd-title-style-default text-left  wd-underline-colored\">\n\t\t\t\n\t\t\t<div class=\"liner-continer\">\n\t\t\t\t<h1 class=\"woodmart-title-container title  wd-font-weight- wd-fontsize-xxl\" >\u201cCareer success comes with the right guidance and passionate determination.\u201d<\/h1>\n\t\t\t\t\t\t\t<\/div>\n\t\t\t\n\t\t\t\n\t\t\t\n\t\t<\/div>\n\t\t\n\t\t\t\t<div id=\"wd-66bca13e40b57\" class=\"wd-text-block wd-wpb reset-last-child wd-rs-66bca13e40b57 text-center color-scheme-light wd-fontsize-m\">\n\t\t\t<p style=\"text-align: justify;\">Zig Ziglar, Motivational Expert and Personal Development Writer<\/p>\n\t\t<\/div>\n\t\t<div id=\"wd-6708c6ad99a51\" class=\"wd-rs-6708c6ad99a51  wd-button-wrapper text-left\"><a href=\"https:\/\/alignmentkey.com\/en\/short-form\/\" title=\"short form\" class=\"btn btn-color-alt btn-style-default btn-style-round btn-size-default btn-icon-pos-right\">Download for Free<span class=\"wd-btn-icon\"><span class=\"wd-icon fas fa-download\"><\/span><\/span><\/a><\/div><\/div><\/div><\/div><div class=\"wpb_column vc_column_container vc_col-sm-4\"><div class=\"vc_column-inner\"><div class=\"wpb_wrapper\">\t\t<div id=\"wd-66bca11a7fe07\" class=\"wd-image wd-wpb wd-rs-66bca11a7fe07 text-left\">\n\t\t\t\n\t\t\t<img fetchpriority=\"high\" decoding=\"async\" width=\"550\" height=\"410\" src=\"https:\/\/alignmentkey.com\/wp-content\/uploads\/2024\/08\/kariyer-koclugu-banner-label.png\" class=\"attachment-full size-full\" alt=\"\" srcset=\"https:\/\/alignmentkey.com\/wp-content\/uploads\/2024\/08\/kariyer-koclugu-banner-label.png 550w, https:\/\/alignmentkey.com\/wp-content\/uploads\/2024\/08\/kariyer-koclugu-banner-label-430x321.png 430w, https:\/\/alignmentkey.com\/wp-content\/uploads\/2024\/08\/kariyer-koclugu-banner-label-150x112.png 150w, https:\/\/alignmentkey.com\/wp-content\/uploads\/2024\/08\/kariyer-koclugu-banner-label-400x298.png 400w\" sizes=\"(max-width: 550px) 100vw, 550px\" \/>\n\t\t\t\t\t<\/div>\n\t\t<\/div><\/div><\/div><\/div><\/div><\/div><\/div><\/div><div class=\"vc_row wpb_row vc_row-fluid vc_custom_1717028202071 wd-rs-6657c566169a8\"><div class=\"wpb_column vc_column_container vc_col-sm-12 wd-rs-6659f8e6c06b0\"><div class=\"vc_column-inner vc_custom_1717172465450\"><div class=\"wpb_wrapper\">\n\t\t<div id=\"wd-66bca16fd80f8\" class=\"title-wrapper wd-wpb set-mb-s reset-last-child  wd-rs-66bca16fd80f8 wd-title-color-primary wd-title-style-default text-center  wd-underline-colored\">\n\t\t\t\n\t\t\t<div class=\"liner-continer\">\n\t\t\t\t<h2 class=\"woodmart-title-container title  wd-font-weight-800 wd-fontsize-xxxl\" >Career Coaching<\/h2>\n\t\t\t\t\t\t\t<\/div>\n\t\t\t\n\t\t\t\t\t\t\t<div class=\"title-after_title  set-cont-mb-s reset-last-child  wd-fontsize-s\">It is a specialized program that helps you clarify your career goals by focusing on your values and strengths, enables you to cope with challenges, and supports you in creating and implementing an action plan. This program offers a safe space where you can fully focus on your career path and decisions.<\/div>\n\t\t\t\n\t\t\t\n\t\t<\/div>\n\t\t\n\t\t<\/div><\/div><\/div><\/div><div class=\"vc_row wpb_row vc_row-fluid vc_row-o-content-middle vc_row-flex wd-rs-665b4e0491d9e wd-section-stretch-content\"><div class=\"wpb_column vc_column_container vc_col-sm-12\"><div class=\"vc_column-inner\"><div class=\"wpb_wrapper\">\t\t<div id=\"wd-66bca1ba160ef\" class=\"wd-image wd-wpb wd-rs-66bca1ba160ef text-center\">\n\t\t\t\n\t\t\t<img decoding=\"async\" width=\"1350\" height=\"500\" src=\"https:\/\/alignmentkey.com\/wp-content\/uploads\/2024\/08\/kaariyer-koclugu-anlasma.png\" class=\"attachment-full size-full\" alt=\"\" srcset=\"https:\/\/alignmentkey.com\/wp-content\/uploads\/2024\/08\/kaariyer-koclugu-anlasma.png 1350w, https:\/\/alignmentkey.com\/wp-content\/uploads\/2024\/08\/kaariyer-koclugu-anlasma-430x159.png 430w, https:\/\/alignmentkey.com\/wp-content\/uploads\/2024\/08\/kaariyer-koclugu-anlasma-150x56.png 150w, https:\/\/alignmentkey.com\/wp-content\/uploads\/2024\/08\/kaariyer-koclugu-anlasma-700x259.png 700w, https:\/\/alignmentkey.com\/wp-content\/uploads\/2024\/08\/kaariyer-koclugu-anlasma-400x148.png 400w, https:\/\/alignmentkey.com\/wp-content\/uploads\/2024\/08\/kaariyer-koclugu-anlasma-1300x481.png 1300w, https:\/\/alignmentkey.com\/wp-content\/uploads\/2024\/08\/kaariyer-koclugu-anlasma-768x284.png 768w\" sizes=\"(max-width: 1350px) 100vw, 1350px\" \/>\n\t\t\t\t\t<\/div>\n\t\t<\/div><\/div><\/div><\/div><div class=\"vc_row wpb_row vc_row-fluid vc_custom_1717261104567 wd-rs-665b5328d2672 wd-section-stretch\"><div class=\"wpb_column vc_column_container vc_col-sm-12 wd-rs-6659f8e6c06b0\"><div class=\"vc_column-inner vc_custom_1717172465450\"><div class=\"wpb_wrapper\">\n\t\t<div id=\"wd-66c59c1ccab61\" class=\"title-wrapper wd-wpb set-mb-s reset-last-child  wd-rs-66c59c1ccab61 wd-title-color-primary wd-title-style-default text-center  wd-underline-colored\">\n\t\t\t\n\t\t\t<div class=\"liner-continer\">\n\t\t\t\t<h2 class=\"woodmart-title-container title  wd-font-weight-800 wd-fontsize-xxxl\" >The key to confidently advancing in your career journey and maximizing your potential.<\/h2>\n\t\t\t\t\t\t\t<\/div>\n\t\t\t\n\t\t\t\n\t\t\t\n\t\t<\/div>\n\t\t\n\t\t\t\t<div id=\"wd-66c59c3476abb\" class=\"wd-text-block wd-wpb reset-last-child wd-rs-66c59c3476abb text-center wd-fontsize-m vc_custom_1724226617382\">\n\t\t\t<div><\/div>\n<p>Every individual\u2019s career journey is unique. Therefore, our program is tailored to each person. Our experienced career coaches will guide you throughout your journey and be with you every step of the way. We focus not only on your short-term goals but also on your long-term career successes.<\/p>\n\t\t<\/div>\n\t\t<\/div><\/div><\/div><\/div><div class=\"vc_row wpb_row vc_row-fluid\"><div class=\"wpb_column vc_column_container vc_col-sm-4\"><div class=\"vc_column-inner\"><div class=\"wpb_wrapper\">\t\t\t<div class=\"info-box-wrapper\">\n\t\t\t\t<div id=\"wd-66c59db2d2374\" class=\"wd-rs-66c59db2d2374 wd-info-box wd-wpb text-center box-icon-align-top box-style- color-scheme- wd-bg-none\">\n\t\t\t\t\t\t\t\t\t\t\t<div class=\"box-icon-wrapper  box-with-icon box-icon-with-bg\">\n\t\t\t\t\t\t\t<div class=\"info-box-icon\">\n\n\t\t\t\t\t\t\t\n\t\t\t\t\t\t\t\t\t\t\t\t\t\t\t\t\t<img decoding=\"async\" width=\"106\" height=\"106\" src=\"https:\/\/alignmentkey.com\/wp-content\/uploads\/2024\/08\/katman_1.png\" class=\"attachment-full size-full\" alt=\"\" \/>\t\t\t\t\t\t\t\t\t\t\t\t\t\t\t\n\t\t\t\t\t\t\t<\/div>\n\t\t\t\t\t\t<\/div>\n\t\t\t\t\t\t\t\t\t\t<div class=\"info-box-content\">\n\t\t\t\t\t\t<h3 class=\"info-box-title title wd-font-weight-800 box-title-style-default wd-fontsize-m\">Personalized Approach<\/h3>\t\t\t\t\t\t<div class=\"info-box-inner set-cont-mb-s reset-last-child\"><\/div>\n\n\t\t\t\t\t\t\t\t\t\t\t<\/div>\n\n\t\t\t\t\t\n\t\t\t\t\t<style>#wd-66c59db2d2374 .info-box-icon {border-color:  !important;}<\/style>\t\t\t\t<\/div>\n\t\t\t<\/div>\n\t\t<\/div><\/div><\/div><div class=\"wpb_column vc_column_container vc_col-sm-4\"><div class=\"vc_column-inner\"><div class=\"wpb_wrapper\">\t\t\t<div class=\"info-box-wrapper\">\n\t\t\t\t<div id=\"wd-66c59ec10cb4b\" class=\"wd-rs-66c59ec10cb4b wd-info-box wd-wpb text-center box-icon-align-top box-style- color-scheme- wd-bg-none\">\n\t\t\t\t\t\t\t\t\t\t\t<div class=\"box-icon-wrapper  box-with-icon box-icon-with-bg\">\n\t\t\t\t\t\t\t<div class=\"info-box-icon\">\n\n\t\t\t\t\t\t\t\n\t\t\t\t\t\t\t\t\t\t\t\t\t\t\t\t\t<img loading=\"lazy\" decoding=\"async\" width=\"106\" height=\"106\" src=\"https:\/\/alignmentkey.com\/wp-content\/uploads\/2024\/08\/Component-15.png\" class=\"attachment-full size-full\" alt=\"\" \/>\t\t\t\t\t\t\t\t\t\t\t\t\t\t\t\n\t\t\t\t\t\t\t<\/div>\n\t\t\t\t\t\t<\/div>\n\t\t\t\t\t\t\t\t\t\t<div class=\"info-box-content\">\n\t\t\t\t\t\t<h3 class=\"info-box-title title wd-font-weight-800 box-title-style-default wd-fontsize-m\">Expert Guidance<\/h3>\t\t\t\t\t\t<div class=\"info-box-inner set-cont-mb-s reset-last-child\"><\/div>\n\n\t\t\t\t\t\t\t\t\t\t\t<\/div>\n\n\t\t\t\t\t\n\t\t\t\t\t<style>#wd-66c59ec10cb4b .info-box-icon {border-color:  !important;}<\/style>\t\t\t\t<\/div>\n\t\t\t<\/div>\n\t\t<\/div><\/div><\/div><div class=\"wpb_column vc_column_container vc_col-sm-4\"><div class=\"vc_column-inner\"><div class=\"wpb_wrapper\">\t\t\t<div class=\"info-box-wrapper\">\n\t\t\t\t<div id=\"wd-66c59f4dd2609\" class=\"wd-rs-66c59f4dd2609 wd-info-box wd-wpb text-center box-icon-align-top box-style- color-scheme- wd-bg-none\">\n\t\t\t\t\t\t\t\t\t\t\t<div class=\"box-icon-wrapper  box-with-icon box-icon-with-bg\">\n\t\t\t\t\t\t\t<div class=\"info-box-icon\">\n\n\t\t\t\t\t\t\t\n\t\t\t\t\t\t\t\t\t\t\t\t\t\t\t\t\t<img loading=\"lazy\" decoding=\"async\" width=\"106\" height=\"106\" src=\"https:\/\/alignmentkey.com\/wp-content\/uploads\/2024\/08\/Frame-274.png\" class=\"attachment-full size-full\" alt=\"\" \/>\t\t\t\t\t\t\t\t\t\t\t\t\t\t\t\n\t\t\t\t\t\t\t<\/div>\n\t\t\t\t\t\t<\/div>\n\t\t\t\t\t\t\t\t\t\t<div class=\"info-box-content\">\n\t\t\t\t\t\t<h3 class=\"info-box-title title wd-font-weight-800 box-title-style-default wd-fontsize-m\">Long-Term Success<\/h3>\t\t\t\t\t\t<div class=\"info-box-inner set-cont-mb-s reset-last-child\"><\/div>\n\n\t\t\t\t\t\t\t\t\t\t\t<\/div>\n\n\t\t\t\t\t\n\t\t\t\t\t<style>#wd-66c59f4dd2609 .info-box-icon {border-color:  !important;}<\/style>\t\t\t\t<\/div>\n\t\t\t<\/div>\n\t\t<\/div><\/div><\/div><\/div><div class=\"vc_row wpb_row vc_row-fluid vc_custom_1724238583464 wd-rs-66c5cae8baac8\"><div class=\"wpb_column vc_column_container vc_col-sm-6 wd-rs-66c5c8ce8f55d\"><div class=\"vc_column-inner\"><div class=\"wpb_wrapper\">\n\t<div class=\"wpb_text_column wpb_content_element vc_custom_1726737732419\" >\n\t\t<div class=\"wpb_wrapper\">\n\t\t\t<h2><strong>What Do We Offer?\u00a0<\/strong><\/h2>\n<p class=\"translation-block\">\u00b7\u00a0 Career Goal Setting<br>\n\u00b7\u00a0 Action Plan Development<br>\n\u00b7\u00a0 Overcoming Challenges<br>\n\u00b7\u00a0 Motivation and Awareness<br>\n\u00b7\u00a0 Safe Space<br>\n\u00b7\u00a0 Ongoing Support<\/p>\n\n\t\t<\/div>\n\t<\/div>\n<\/div><\/div><\/div><div class=\"wpb_column vc_column_container vc_col-sm-6\"><div class=\"vc_column-inner\"><div class=\"wpb_wrapper\">\n\t<div  class=\"wpb_single_image wpb_content_element vc_align_left\">\n\t\t\n\t\t<figure class=\"wpb_wrapper vc_figure\">\n\t\t\t<div class=\"vc_single_image-wrapper   vc_box_border_grey\"><img loading=\"lazy\" decoding=\"async\" class=\"vc_single_image-img\" src=\"https:\/\/alignmentkey.com\/wp-content\/uploads\/2024\/08\/Rectangle-99-2-500x580.png\" width=\"500\" height=\"580\" alt=\"Rectangle 99 (2)\" title=\"Rectangle 99 (2)\" \/><\/div>\n\t\t<\/figure>\n\t<\/div>\n<\/div><\/div><\/div><\/div>\n<\/div>","protected":false},"excerpt":{"rendered":"\u201cKariyer ba\u015far\u0131s\u0131, do\u011fru rehberlik ve tutkulu bir azimle birlikte gelir.\u201c Zig Ziglar, Motivasyon Uzman\u0131 ve Ki\u015fisel Geli\u015fim Yazar\u0131 \u00dccretsiz \u0130ndir","protected":false},"author":1,"featured_media":0,"parent":0,"menu_order":0,"comment_status":"closed","ping_status":"closed","template":"","meta":{"footnotes":""},"class_list":["post-9907","page","type-page","status-publish","hentry"],"_links":{"self":[{"href":"https:\/\/alignmentkey.com\/en\/wp-json\/wp\/v2\/pages\/9907","targetHints":{"allow":["GET"]}}],"collection":[{"href":"https:\/\/alignmentkey.com\/en\/wp-json\/wp\/v2\/pages"}],"about":[{"href":"https:\/\/alignmentkey.com\/en\/wp-json\/wp\/v2\/types\/page"}],"author":[{"embeddable":true,"href":"https:\/\/alignmentkey.com\/en\/wp-json\/wp\/v2\/users\/1"}],"replies":[{"embeddable":true,"href":"https:\/\/alignmentkey.com\/en\/wp-json\/wp\/v2\/comments?post=9907"}],"version-history":[{"count":28,"href":"https:\/\/alignmentkey.com\/en\/wp-json\/wp\/v2\/pages\/9907\/revisions"}],"predecessor-version":[{"id":11050,"href":"https:\/\/alignmentkey.com\/en\/wp-json\/wp\/v2\/pages\/9907\/revisions\/11050"}],"wp:attachment":[{"href":"https:\/\/alignmentkey.com\/en\/wp-json\/wp\/v2\/media?parent=9907"}],"curies":[{"name":"wp","href":"https:\/\/api.w.org\/{rel}","templated":true}]}}